{"id":938,"date":"2019-07-24T13:43:08","date_gmt":"2019-07-24T11:43:08","guid":{"rendered":"https:\/\/jp-pourtal.fr\/?page_id=938"},"modified":"2019-08-11T09:33:58","modified_gmt":"2019-08-11T07:33:58","slug":"ciel-nocturne-et-eclipse-partielle-de-lune-juillet-2019","status":"publish","type":"page","link":"https:\/\/jp-pourtal.fr\/index.php\/les-portfolios\/un-peu-de-technique\/ciel-nocturne-et-eclipse-partielle-de-lune-juillet-2019\/","title":{"rendered":"Ciel nocturne et Eclipse partielle de Lune &#8211; Juillet 2019."},"content":{"rendered":"\n<p>Les ciels \u00e9toil\u00e9es sont des splendeurs de la nature et les\n\u00e9clipses quelles soient de Lune ou de Soleil sont toujours aussi impressionnantes.<\/p>\n\n\n\n<p>Ce mois de juillet 2019 a permis de voir les deux splendeurs\nnaturelles.<\/p>\n\n\n\n<p>Le Haut-Quercy est un lieu o\u00f9 la faible pollution lumineuse permet la prise de belles images\u2026 <\/p>\n\n\n\n<div class=\"wp-block-ftg-gallery\"><!-- Final Tiles Grid Gallery for WordPress v3.5.6 free --><style>#ftg-3838 .tile .icon { color:#ffffff; }#ftg-3838 .ftg-items .loading-bar i { background:#666; }#ftg-3838 .ftg-items .loading-bar { background:#fff; }#ftg-3838 .tile .icon { font-size:12px; }#ftg-3838 .tile .icon { margin: -6px 0 0 -6px; }#ftg-3838 .tile .caption-block .text-wrapper span.text { font-size:12px; }#ftg-3838 .tile .caption-outside .text-wrapper span.text { font-size:12px; }#ftg-3838 .tile .caption-block .text-wrapper span.title { font-size:14px; }#ftg-3838 .tile .caption-outside .text-wrapper span.title { font-size:14px; }#ftg-3838 .tile { background-color: transparent; }#ftg-3838 .tile .caption-block .text-wrapper span.text { color: #ffffff; }#ftg-3838 .tile .caption-block .text-wrapper span.title { color: #ffffff; }#ftg-3838 .tile .caption-outside .text-wrapper span.text { color: #ffffff; }#ftg-3838 .tile .caption-outside .text-wrapper span.title { color: #ffffff; }#ftg-3838 .tile .ftg-social a { color: #ffffff; }#ftg-3838 .tile .caption-block { transition-duration:0.25s; }#ftg-3838 .tile .tile-inner:before { background-color: #000000; }#ftg-3838 .tile .tile-inner:before { background-color: rgba(0, 0, 0, 0.8); }#ftg-3838 .tile:hover img {-moz-transform: ;-webkit-transform: ;-o-transform: ;-ms-transform: ;transform: ;}<\/style><a name='38'><\/a><div class='final-tiles-gallery  ftg-hover-enabled caption-inside  caption-none caption-middle caption-center' id='ftg-3838' style='width:100%'><div class='ftg-items'><div class='loading-bar'><i><\/i><\/div><div  class='tile ftg-preload  '><a title=\"\" data-lightbox='ftg-3838' rel='ftg-3838'  class=' tile-inner  ftg-lightbox' href=\"https:\/\/i0.wp.com\/jp-pourtal.fr\/wp-content\/uploads\/2019\/07\/2019-07-15-EPL-01.jpg?ssl=1\"  data-rel=\"lightbox-image-0\" data-rl_title=\"\" data-rl_caption=\"\"><img alt='Pleine Lune juste avant le d\u00e9but de l&#039;\u00e9clipse partielle' class='item skip-lazy' data-class='item' data-ftg-source='https:\/\/i0.wp.com\/jp-pourtal.fr\/wp-content\/uploads\/2019\/07\/2019-07-15-EPL-01.jpg?resize=300%2C288&#038;ssl=1' src='https:\/\/i0.wp.com\/jp-pourtal.fr\/wp-content\/uploads\/2019\/07\/2019-07-15-EPL-01.jpg?resize=300%2C288&#038;ssl=1' width='300' height='288' data-recalc-dims=\"1\" \/><div class='caption-block'><div class='text-wrapper'><span class='title'>Pleine Lune juste avant le d\u00e9but de l'\u00e9clipse partielle<\/span><\/div><\/div><\/a><div class='ftg-social'><\/div><\/div><div  class='tile ftg-preload  '><a title=\"\" data-lightbox='ftg-3838' rel='ftg-3838'  class=' tile-inner  ftg-lightbox' href=\"https:\/\/i0.wp.com\/jp-pourtal.fr\/wp-content\/uploads\/2019\/07\/2019-07-CE-03-1024x680.jpg?ssl=1\"  data-rel=\"lightbox-image-1\" data-rl_title=\"\" data-rl_caption=\"\"><img alt='L&#039;ombre de la Terre commence \u00e0 appara\u00eetre ' class='item skip-lazy' data-class='item' data-ftg-source='https:\/\/i0.wp.com\/jp-pourtal.fr\/wp-content\/uploads\/2019\/07\/2019-07-CE-03.jpg?resize=300%2C199&#038;ssl=1' src='https:\/\/i0.wp.com\/jp-pourtal.fr\/wp-content\/uploads\/2019\/07\/2019-07-CE-03.jpg?resize=300%2C199&#038;ssl=1' width='300' height='199' data-recalc-dims=\"1\" \/><div class='caption-block'><div class='text-wrapper'><span class='title'>L'ombre de la Terre commence \u00e0 appara\u00eetre <\/span><\/div><\/div><\/a><div class='ftg-social'><\/div><\/div><div  class='tile ftg-preload  '><a title=\"\" data-lightbox='ftg-3838' rel='ftg-3838'  class=' tile-inner  ftg-lightbox' href=\"https:\/\/i0.wp.com\/jp-pourtal.fr\/wp-content\/uploads\/2019\/07\/2019-07-15-EPL-02-1024x730.jpg?ssl=1\"  data-rel=\"lightbox-image-2\" data-rl_title=\"\" data-rl_caption=\"\"><img alt='L&#039;ombre avance et &quot;grignote&quot; la Lune' class='item skip-lazy' data-class='item' data-ftg-source='https:\/\/i0.wp.com\/jp-pourtal.fr\/wp-content\/uploads\/2019\/07\/2019-07-15-EPL-02.jpg?resize=300%2C214&#038;ssl=1' src='https:\/\/i0.wp.com\/jp-pourtal.fr\/wp-content\/uploads\/2019\/07\/2019-07-15-EPL-02.jpg?resize=300%2C214&#038;ssl=1' width='300' height='214' data-recalc-dims=\"1\" \/><div class='caption-block'><div class='text-wrapper'><span class='title'>L'ombre avance et \"grignote\" la Lune<\/span><\/div><\/div><\/a><div class='ftg-social'><\/div><\/div><div  class='tile ftg-preload  '><a title=\"\" data-lightbox='ftg-3838' rel='ftg-3838'  class=' tile-inner  ftg-lightbox' href=\"https:\/\/i0.wp.com\/jp-pourtal.fr\/wp-content\/uploads\/2019\/07\/2019-07-CE-05-1024x680.jpg?ssl=1\"  data-rel=\"lightbox-image-3\" data-rl_title=\"\" data-rl_caption=\"\"><img alt='Ciel nocturne du Haut-Quercy, le Soleil fait encore un clin d\u2019\u0153il' class='item skip-lazy' data-class='item' data-ftg-source='https:\/\/i0.wp.com\/jp-pourtal.fr\/wp-content\/uploads\/2019\/07\/2019-07-CE-05.jpg?resize=300%2C199&#038;ssl=1' src='https:\/\/i0.wp.com\/jp-pourtal.fr\/wp-content\/uploads\/2019\/07\/2019-07-CE-05.jpg?resize=300%2C199&#038;ssl=1' width='300' height='199' data-recalc-dims=\"1\" \/><div class='caption-block'><div class='text-wrapper'><span class='title'>Ciel nocturne du Haut-Quercy, le Soleil fait encore un clin d\u2019\u0153il<\/span><\/div><\/div><\/a><div class='ftg-social'><\/div><\/div><div  class='tile ftg-preload  '><a title=\"\" data-lightbox='ftg-3838' rel='ftg-3838'  class=' tile-inner  ftg-lightbox' href=\"https:\/\/i0.wp.com\/jp-pourtal.fr\/wp-content\/uploads\/2019\/07\/2019-07-CE-04-1024x951.jpg?ssl=1\"  data-rel=\"lightbox-image-4\" data-rl_title=\"\" data-rl_caption=\"\"><img alt='Ciel nocturne du Haut-Quercy, la Grande Ours' class='item skip-lazy' data-class='item' data-ftg-source='https:\/\/i0.wp.com\/jp-pourtal.fr\/wp-content\/uploads\/2019\/07\/2019-07-CE-04.jpg?resize=300%2C279&#038;ssl=1' src='https:\/\/i0.wp.com\/jp-pourtal.fr\/wp-content\/uploads\/2019\/07\/2019-07-CE-04.jpg?resize=300%2C279&#038;ssl=1' width='300' height='279' data-recalc-dims=\"1\" \/><div class='caption-block'><div class='text-wrapper'><span class='title'>Ciel nocturne du Haut-Quercy, la Grande Ours<\/span><\/div><\/div><\/a><div class='ftg-social'><\/div><\/div><div  class='tile ftg-preload  '><a title=\"\" data-lightbox='ftg-3838' rel='ftg-3838'  class=' tile-inner  ftg-lightbox' href=\"https:\/\/i0.wp.com\/jp-pourtal.fr\/wp-content\/uploads\/2019\/07\/2019-07-CE-01-1024x680.jpg?ssl=1\"  data-rel=\"lightbox-image-5\" data-rl_title=\"\" data-rl_caption=\"\"><img alt='La Voie Lact\u00e9e pointe au ciel' class='item skip-lazy' data-class='item' data-ftg-source='https:\/\/i0.wp.com\/jp-pourtal.fr\/wp-content\/uploads\/2019\/07\/2019-07-CE-01.jpg?resize=300%2C199&#038;ssl=1' src='https:\/\/i0.wp.com\/jp-pourtal.fr\/wp-content\/uploads\/2019\/07\/2019-07-CE-01.jpg?resize=300%2C199&#038;ssl=1' width='300' height='199' data-recalc-dims=\"1\" \/><div class='caption-block'><div class='text-wrapper'><span class='title'>La Voie Lact\u00e9e pointe au ciel<\/span><\/div><\/div><\/a><div class='ftg-social'><\/div><\/div><div  class='tile ftg-preload  '><a title=\"\" data-lightbox='ftg-3838' rel='ftg-3838'  class=' tile-inner  ftg-lightbox' href=\"https:\/\/i0.wp.com\/jp-pourtal.fr\/wp-content\/uploads\/2019\/07\/2019-07-CE-Jupiter-1024x680.jpg?ssl=1\"  data-rel=\"lightbox-image-6\" data-rl_title=\"\" data-rl_caption=\"\"><img alt='Hommage \u00e0 Galil\u00e9e, Jupiter et quatre de ses satellites. Focale 300 mm .' class='item skip-lazy' data-class='item' data-ftg-source='https:\/\/i0.wp.com\/jp-pourtal.fr\/wp-content\/uploads\/2019\/07\/2019-07-CE-Jupiter.jpg?resize=300%2C199&#038;ssl=1' src='https:\/\/i0.wp.com\/jp-pourtal.fr\/wp-content\/uploads\/2019\/07\/2019-07-CE-Jupiter.jpg?resize=300%2C199&#038;ssl=1' width='300' height='199' data-recalc-dims=\"1\" \/><div class='caption-block'><div class='text-wrapper'><span class='title'>Hommage \u00e0 Galil\u00e9e, Jupiter et quatre de ses satellites. Focale 300 mm .<\/span><\/div><\/div><\/a><div class='ftg-social'><\/div><\/div><\/div><\/div><script type='text\/javascript'>jQuery('#ftg-3838 img.item').removeAttr('src');jQuery(document).ready(function () {setTimeout(function () {jQuery('#ftg-3838').finalTilesGallery({minTileWidth: 250,margin: 10,loadMethod: 'sequential',nonce: '8067e4cc59',galleryId: '38',setupFilters: true,layout: 'columns',debug: false,gridSize: 25,disableGridSizeBelow:800,allowEnlargement: true,columns: [[4000, 4],[1024, 4],[800, 3],[480, 3],[320, 2]],selectedFilter: 'n-a'});jQuery(function () {(function () {var rel = '';jQuery('#ftg-3838 .ftg-lightbox').click(function (e) {rel = jQuery(this).attr('rel');jQuery('#ftg-3838 .ftg-current').removeClass('ftg-current');jQuery('#ftg-3838 [rel=\"'+rel+'\"]').addClass('ftg-current');});})();});}, 0);});<\/script><\/div>\n<div class=\"sharedaddy sd-sharing-enabled\"><div class=\"robots-nocontent sd-block sd-social sd-social-icon sd-sharing\"><h3 class=\"sd-title\">Share this:<\/h3><div class=\"sd-content\"><ul><li class=\"share-facebook\"><a rel=\"nofollow noopener noreferrer\" data-shared=\"sharing-facebook-938\" class=\"share-facebook sd-button share-icon no-text\" href=\"https:\/\/jp-pourtal.fr\/index.php\/les-portfolios\/un-peu-de-technique\/ciel-nocturne-et-eclipse-partielle-de-lune-juillet-2019\/?share=facebook\" target=\"_blank\" title=\"Cliquez pour partager sur Facebook\"><span><\/span><span class=\"sharing-screen-reader-text\">Cliquez pour partager sur Facebook(ouvre dans une nouvelle fen\u00eatre)<\/span><\/a><\/li><li class=\"share-linkedin\"><a rel=\"nofollow noopener noreferrer\" data-shared=\"sharing-linkedin-938\" class=\"share-linkedin sd-button share-icon no-text\" href=\"https:\/\/jp-pourtal.fr\/index.php\/les-portfolios\/un-peu-de-technique\/ciel-nocturne-et-eclipse-partielle-de-lune-juillet-2019\/?share=linkedin\" target=\"_blank\" title=\"Cliquez pour partager sur LinkedIn\"><span><\/span><span class=\"sharing-screen-reader-text\">Cliquez pour partager sur LinkedIn(ouvre dans une nouvelle fen\u00eatre)<\/span><\/a><\/li><li class=\"share-jetpack-whatsapp\"><a rel=\"nofollow noopener noreferrer\" data-shared=\"\" class=\"share-jetpack-whatsapp sd-button share-icon no-text\" href=\"https:\/\/jp-pourtal.fr\/index.php\/les-portfolios\/un-peu-de-technique\/ciel-nocturne-et-eclipse-partielle-de-lune-juillet-2019\/?share=jetpack-whatsapp\" target=\"_blank\" title=\"Cliquez pour partager sur WhatsApp\"><span><\/span><span class=\"sharing-screen-reader-text\">Cliquez pour partager sur WhatsApp(ouvre dans une nouvelle fen\u00eatre)<\/span><\/a><\/li><li class=\"share-twitter\"><a rel=\"nofollow noopener noreferrer\" data-shared=\"sharing-twitter-938\" class=\"share-twitter sd-button share-icon no-text\" href=\"https:\/\/jp-pourtal.fr\/index.php\/les-portfolios\/un-peu-de-technique\/ciel-nocturne-et-eclipse-partielle-de-lune-juillet-2019\/?share=twitter\" target=\"_blank\" title=\"Cliquez pour partager sur Twitter\"><span><\/span><span class=\"sharing-screen-reader-text\">Cliquez pour partager sur Twitter(ouvre dans une nouvelle fen\u00eatre)<\/span><\/a><\/li><li class=\"share-end\"><\/li><\/ul><\/div><\/div><\/div>","protected":false},"excerpt":{"rendered":"<p>Les ciels \u00e9toil\u00e9es sont des splendeurs de la nature et les \u00e9clipses quelles soient de Lune ou de Soleil sont toujours aussi impressionnantes. Ce mois de juillet 2019 a permis de voir les deux splendeurs naturelles. Le Haut-Quercy est un lieu o\u00f9 la faible pollution lumineuse permet la prise de belles images\u2026<\/p>\n<div class=\"sharedaddy sd-sharing-enabled\"><div class=\"robots-nocontent sd-block sd-social sd-social-icon sd-sharing\"><h3 class=\"sd-title\">Share this:<\/h3><div class=\"sd-content\"><ul><li class=\"share-facebook\"><a rel=\"nofollow noopener noreferrer\" data-shared=\"sharing-facebook-938\" class=\"share-facebook sd-button share-icon no-text\" href=\"https:\/\/jp-pourtal.fr\/index.php\/les-portfolios\/un-peu-de-technique\/ciel-nocturne-et-eclipse-partielle-de-lune-juillet-2019\/?share=facebook\" target=\"_blank\" title=\"Cliquez pour partager sur Facebook\"><span><\/span><span class=\"sharing-screen-reader-text\">Cliquez pour partager sur Facebook(ouvre dans une nouvelle fen\u00eatre)<\/span><\/a><\/li><li class=\"share-linkedin\"><a rel=\"nofollow noopener noreferrer\" data-shared=\"sharing-linkedin-938\" class=\"share-linkedin sd-button share-icon no-text\" href=\"https:\/\/jp-pourtal.fr\/index.php\/les-portfolios\/un-peu-de-technique\/ciel-nocturne-et-eclipse-partielle-de-lune-juillet-2019\/?share=linkedin\" target=\"_blank\" title=\"Cliquez pour partager sur LinkedIn\"><span><\/span><span class=\"sharing-screen-reader-text\">Cliquez pour partager sur LinkedIn(ouvre dans une nouvelle fen\u00eatre)<\/span><\/a><\/li><li class=\"share-jetpack-whatsapp\"><a rel=\"nofollow noopener noreferrer\" data-shared=\"\" class=\"share-jetpack-whatsapp sd-button share-icon no-text\" href=\"https:\/\/jp-pourtal.fr\/index.php\/les-portfolios\/un-peu-de-technique\/ciel-nocturne-et-eclipse-partielle-de-lune-juillet-2019\/?share=jetpack-whatsapp\" target=\"_blank\" title=\"Cliquez pour partager sur WhatsApp\"><span><\/span><span class=\"sharing-screen-reader-text\">Cliquez pour partager sur WhatsApp(ouvre dans une nouvelle fen\u00eatre)<\/span><\/a><\/li><li class=\"share-twitter\"><a rel=\"nofollow noopener noreferrer\" data-shared=\"sharing-twitter-938\" class=\"share-twitter sd-button share-icon no-text\" href=\"https:\/\/jp-pourtal.fr\/index.php\/les-portfolios\/un-peu-de-technique\/ciel-nocturne-et-eclipse-partielle-de-lune-juillet-2019\/?share=twitter\" target=\"_blank\" title=\"Cliquez pour partager sur Twitter\"><span><\/span><span class=\"sharing-screen-reader-text\">Cliquez pour partager sur Twitter(ouvre dans une nouvelle fen\u00eatre)<\/span><\/a><\/li><li class=\"share-end\"><\/li><\/ul><\/div><\/div><\/div>","protected":false},"author":1,"featured_media":0,"parent":76,"menu_order":0,"comment_status":"open","ping_status":"closed","template":"","meta":{"spay_email":""},"jetpack_sharing_enabled":true,"_links":{"self":[{"href":"https:\/\/jp-pourtal.fr\/index.php\/wp-json\/wp\/v2\/pages\/938"}],"collection":[{"href":"https:\/\/jp-pourtal.fr\/index.php\/wp-json\/wp\/v2\/pages"}],"about":[{"href":"https:\/\/jp-pourtal.fr\/index.php\/wp-json\/wp\/v2\/types\/page"}],"author":[{"embeddable":true,"href":"https:\/\/jp-pourtal.fr\/index.php\/wp-json\/wp\/v2\/users\/1"}],"replies":[{"embeddable":true,"href":"https:\/\/jp-pourtal.fr\/index.php\/wp-json\/wp\/v2\/comments?post=938"}],"version-history":[{"count":4,"href":"https:\/\/jp-pourtal.fr\/index.php\/wp-json\/wp\/v2\/pages\/938\/revisions"}],"predecessor-version":[{"id":942,"href":"https:\/\/jp-pourtal.fr\/index.php\/wp-json\/wp\/v2\/pages\/938\/revisions\/942"}],"up":[{"embeddable":true,"href":"https:\/\/jp-pourtal.fr\/index.php\/wp-json\/wp\/v2\/pages\/76"}],"wp:attachment":[{"href":"https:\/\/jp-pourtal.fr\/index.php\/wp-json\/wp\/v2\/media?parent=938"}],"curies":[{"name":"wp","href":"https:\/\/api.w.org\/{rel}","templated":true}]}}