{"id":861,"date":"2019-06-26T18:27:48","date_gmt":"2019-06-26T16:27:48","guid":{"rendered":"https:\/\/jp-pourtal.fr\/?page_id=861"},"modified":"2019-08-11T09:27:16","modified_gmt":"2019-08-11T07:27:16","slug":"gisors-ville-de-mystere","status":"publish","type":"page","link":"https:\/\/jp-pourtal.fr\/index.php\/les-portfolios\/portfolios\/gisors-ville-de-mystere\/","title":{"rendered":"Gisors, ville de myst\u00e8re&#8230;"},"content":{"rendered":"\n<p><a href=\"https:\/\/jp-pourtal.fr\/index.php\/les-portfolios\/portfolios\/\">Retour Lieux Mythiques<\/a><\/p>\n\n\n\n<p>C\u2019est en <strong>1946<\/strong> qu\u2019un homme, nomm\u00e9 <strong>Roger Lhomoy<\/strong>, force la porte du bureau du Maire de la paisible ville de Gisors. Se pr\u00e9sentant devant l\u2019\u00e9dile \u00e9bahi, il lui lance, tout de go, \u00ab&nbsp;<strong><em>Monsieur le Maire, j\u2019ai d\u00e9couvert le tr\u00e9sor des Templiers sous la motte du ch\u00e2teau&nbsp;!<\/em><\/strong>&nbsp;\u00bb<\/p>\n\n\n\n<p>Imaginez l\u2019\u00e9tonnement du maire et ce ne sera que le d\u00e9but puisque ce moment sera le le point initial d\u2019une affaire qui verra son point d\u2019orgue en 1962 lorsque l\u2019auteur G\u00e9rard de S\u00e8de publiera son livre \u00ab&nbsp;<strong><em>Les Templiers sont parmi nous<\/em><\/strong>&nbsp;\u00bb retra\u00e7ant l\u2019incroyable histoire de Roger Lhomoy.<\/p>\n\n\n\n<p>Ce lieu je le connais et le visite r\u00e9guli\u00e8rement&nbsp;; il\nme fait toujours r\u00eaver comme lorsque j\u2019avais 16 ans. Je ne peux oublier que c\u2019est\ngr\u00e2ce \u00e0 cette histoire que je me suis lanc\u00e9 dans la recherche des myst\u00e8res de l\u2019Histoire\u2026<\/p>\n\n\n\n<div class=\"wp-block-ftg-gallery\"><!-- Final Tiles Grid Gallery for WordPress v3.5.6 free --><style>#ftg-3434 .tile .icon { color:#ffffff; }#ftg-3434 .ftg-items .loading-bar i { background:#666; }#ftg-3434 .ftg-items .loading-bar { background:#fff; }#ftg-3434 .tile .icon { font-size:12px; }#ftg-3434 .tile .icon { margin: -6px 0 0 -6px; }#ftg-3434 .tile .caption-block .text-wrapper span.text { font-size:12px; }#ftg-3434 .tile .caption-outside .text-wrapper span.text { font-size:12px; }#ftg-3434 .tile .caption-block .text-wrapper span.title { font-size:14px; }#ftg-3434 .tile .caption-outside .text-wrapper span.title { font-size:14px; }#ftg-3434 .tile { background-color: transparent; }#ftg-3434 .tile .caption-block .text-wrapper span.text { color: #ffffff; }#ftg-3434 .tile .caption-block .text-wrapper span.title { color: #ffffff; }#ftg-3434 .tile .caption-outside .text-wrapper span.text { color: #ffffff; }#ftg-3434 .tile .caption-outside .text-wrapper span.title { color: #ffffff; }#ftg-3434 .tile .ftg-social a { color: #ffffff; }#ftg-3434 .tile .caption-block { transition-duration:0.25s; }#ftg-3434 .tile .tile-inner:before { background-color: #000000; }#ftg-3434 .tile .tile-inner:before { background-color: rgba(0, 0, 0, 0.8); }#ftg-3434 .tile:hover img {-moz-transform: ;-webkit-transform: ;-o-transform: ;-ms-transform: ;transform: ;}<\/style><a name='34'><\/a><div class='final-tiles-gallery  ftg-hover-enabled caption-inside  caption-none caption-middle caption-center' id='ftg-3434' style='width:100%'><div class='ftg-items'><div class='loading-bar'><i><\/i><\/div><div  class='tile ftg-preload  '><a title=\"\" data-lightbox='ftg-3434' rel='ftg-3434'  class=' tile-inner  ftg-lightbox' href=\"https:\/\/i0.wp.com\/jp-pourtal.fr\/wp-content\/uploads\/2019\/06\/Gisors-01-1024x680.jpg?ssl=1\"  data-rel=\"lightbox-image-0\" data-rl_title=\"\" data-rl_caption=\"\"><img alt='Le donjon du ch\u00e2teau de Gisors sur sa motte f\u00e9odale' class='item skip-lazy' data-class='item' data-ftg-source='https:\/\/i0.wp.com\/jp-pourtal.fr\/wp-content\/uploads\/2019\/06\/Gisors-01.jpg?resize=300%2C199&#038;ssl=1' src='https:\/\/i0.wp.com\/jp-pourtal.fr\/wp-content\/uploads\/2019\/06\/Gisors-01.jpg?resize=300%2C199&#038;ssl=1' width='300' height='199' data-recalc-dims=\"1\" \/><div class='caption-block'><div class='text-wrapper'><span class='title'>Le donjon du ch\u00e2teau de Gisors sur sa motte f\u00e9odale<\/span><\/div><\/div><\/a><div class='ftg-social'><\/div><\/div><div  class='tile ftg-preload  '><a title=\"\" data-lightbox='ftg-3434' rel='ftg-3434'  class=' tile-inner  ftg-lightbox' href=\"https:\/\/i0.wp.com\/jp-pourtal.fr\/wp-content\/uploads\/2019\/06\/Gisors-02-1024x680.jpg?ssl=1\"  data-rel=\"lightbox-image-1\" data-rl_title=\"\" data-rl_caption=\"\"><img alt='Int\u00e9rieur du donjon du ch\u00e2teau de Gisors' class='item skip-lazy' data-class='item' data-ftg-source='https:\/\/i0.wp.com\/jp-pourtal.fr\/wp-content\/uploads\/2019\/06\/Gisors-02.jpg?resize=300%2C199&#038;ssl=1' src='https:\/\/i0.wp.com\/jp-pourtal.fr\/wp-content\/uploads\/2019\/06\/Gisors-02.jpg?resize=300%2C199&#038;ssl=1' width='300' height='199' data-recalc-dims=\"1\" \/><div class='caption-block'><div class='text-wrapper'><span class='title'>Int\u00e9rieur du donjon du ch\u00e2teau de Gisors<\/span><\/div><\/div><\/a><div class='ftg-social'><\/div><\/div><div  class='tile ftg-preload  '><a title=\"\" data-lightbox='ftg-3434' rel='ftg-3434'  class=' tile-inner  ftg-lightbox' href=\"https:\/\/i0.wp.com\/jp-pourtal.fr\/wp-content\/uploads\/2019\/06\/Gisors-03-680x1024.jpg?ssl=1\"  data-rel=\"lightbox-image-2\" data-rl_title=\"\" data-rl_caption=\"\"><img alt='M\u00eame dans les moments les plus sombres reste une lueur d&#039;espoir ... ' class='item skip-lazy' data-class='item' data-ftg-source='https:\/\/i0.wp.com\/jp-pourtal.fr\/wp-content\/uploads\/2019\/06\/Gisors-03.jpg?resize=199%2C300&#038;ssl=1' src='https:\/\/i0.wp.com\/jp-pourtal.fr\/wp-content\/uploads\/2019\/06\/Gisors-03.jpg?resize=199%2C300&#038;ssl=1' width='199' height='300' data-recalc-dims=\"1\" \/><div class='caption-block'><div class='text-wrapper'><span class='title'>M\u00eame dans les moments les plus sombres reste une lueur d'espoir ... <\/span><\/div><\/div><\/a><div class='ftg-social'><\/div><\/div><div  class='tile ftg-preload  '><a title=\"\" data-lightbox='ftg-3434' rel='ftg-3434'  class=' tile-inner  ftg-lightbox' href=\"https:\/\/i0.wp.com\/jp-pourtal.fr\/wp-content\/uploads\/2019\/06\/Gisors-04-747x1024.jpg?ssl=1\"  data-rel=\"lightbox-image-3\" data-rl_title=\"\" data-rl_caption=\"\"><img alt='Ruines de la chapelle Thomas Becquet du donjon du ch\u00e2teau de Gisors' class='item skip-lazy' data-class='item' data-ftg-source='https:\/\/i0.wp.com\/jp-pourtal.fr\/wp-content\/uploads\/2019\/06\/Gisors-04.jpg?resize=219%2C300&#038;ssl=1' src='https:\/\/i0.wp.com\/jp-pourtal.fr\/wp-content\/uploads\/2019\/06\/Gisors-04.jpg?resize=219%2C300&#038;ssl=1' width='219' height='300' data-recalc-dims=\"1\" \/><div class='caption-block'><div class='text-wrapper'><span class='title'>Ruines de la chapelle Thomas Becquet du donjon du ch\u00e2teau de Gisors<\/span><\/div><\/div><\/a><div class='ftg-social'><\/div><\/div><div  class='tile ftg-preload  '><a title=\"\" data-lightbox='ftg-3434' rel='ftg-3434'  class=' tile-inner  ftg-lightbox' href=\"https:\/\/i0.wp.com\/jp-pourtal.fr\/wp-content\/uploads\/2019\/06\/Gisors-05.jpg?ssl=1\"  data-rel=\"lightbox-image-4\" data-rl_title=\"\" data-rl_caption=\"\"><img alt='Souterrain - Cave mythique du ch\u00e2teau de Gisors ' class='item skip-lazy' data-class='item' data-ftg-source='https:\/\/i0.wp.com\/jp-pourtal.fr\/wp-content\/uploads\/2019\/06\/Gisors-05.jpg?resize=287%2C300&#038;ssl=1' src='https:\/\/i0.wp.com\/jp-pourtal.fr\/wp-content\/uploads\/2019\/06\/Gisors-05.jpg?resize=287%2C300&#038;ssl=1' width='287' height='300' data-recalc-dims=\"1\" \/><div class='caption-block'><div class='text-wrapper'><span class='title'>Souterrain - Cave mythique du ch\u00e2teau de Gisors <\/span><\/div><\/div><\/a><div class='ftg-social'><\/div><\/div><div  class='tile ftg-preload  '><a title=\"\" data-lightbox='ftg-3434' rel='ftg-3434'  class=' tile-inner  ftg-lightbox' href=\"https:\/\/i0.wp.com\/jp-pourtal.fr\/wp-content\/uploads\/2019\/06\/Gisors-06.jpg?ssl=1\"  data-rel=\"lightbox-image-5\" data-rl_title=\"\" data-rl_caption=\"\"><img alt='Et l&#039;Orme fut abattu ....' class='item skip-lazy' data-class='item' data-ftg-source='https:\/\/i0.wp.com\/jp-pourtal.fr\/wp-content\/uploads\/2019\/06\/Gisors-06.jpg?resize=258%2C300&#038;ssl=1' src='https:\/\/i0.wp.com\/jp-pourtal.fr\/wp-content\/uploads\/2019\/06\/Gisors-06.jpg?resize=258%2C300&#038;ssl=1' width='258' height='300' data-recalc-dims=\"1\" \/><div class='caption-block'><div class='text-wrapper'><span class='title'>Et l'Orme fut abattu ....<\/span><\/div><\/div><\/a><div class='ftg-social'><\/div><\/div><div  class='tile ftg-preload  '><a title=\"\" data-lightbox='ftg-3434' rel='ftg-3434'  class=' tile-inner  ftg-lightbox' href=\"https:\/\/i0.wp.com\/jp-pourtal.fr\/wp-content\/uploads\/2019\/06\/Gisors-07-680x1024.jpg?ssl=1\"  data-rel=\"lightbox-image-6\" data-rl_title=\"\" data-rl_caption=\"\"><img alt='Le myst\u00e9rieux pilier des Tanneurs de l&#039;\u00e9glise Saint-Gervais - Saint-Protais de Gisors' class='item skip-lazy' data-class='item' data-ftg-source='https:\/\/i0.wp.com\/jp-pourtal.fr\/wp-content\/uploads\/2019\/06\/Gisors-07.jpg?resize=199%2C300&#038;ssl=1' src='https:\/\/i0.wp.com\/jp-pourtal.fr\/wp-content\/uploads\/2019\/06\/Gisors-07.jpg?resize=199%2C300&#038;ssl=1' width='199' height='300' data-recalc-dims=\"1\" \/><div class='caption-block'><div class='text-wrapper'><span class='title'>Le myst\u00e9rieux pilier des Tanneurs de l'\u00e9glise Saint-Gervais - Saint-Protais de Gisors<\/span><\/div><\/div><\/a><div class='ftg-social'><\/div><\/div><\/div><\/div><script type='text\/javascript'>jQuery('#ftg-3434 img.item').removeAttr('src');jQuery(document).ready(function () {setTimeout(function () {jQuery('#ftg-3434').finalTilesGallery({minTileWidth: 250,margin: 10,loadMethod: 'sequential',nonce: '5792767992',galleryId: '34',setupFilters: true,layout: 'columns',debug: false,gridSize: 25,disableGridSizeBelow:800,allowEnlargement: true,columns: [[4000, 4],[1024, 4],[800, 3],[480, 3],[320, 2]],selectedFilter: 'n-a'});jQuery(function () {(function () {var rel = '';jQuery('#ftg-3434 .ftg-lightbox').click(function (e) {rel = jQuery(this).attr('rel');jQuery('#ftg-3434 .ftg-current').removeClass('ftg-current');jQuery('#ftg-3434 [rel=\"'+rel+'\"]').addClass('ftg-current');});})();});}, 0);});<\/script><\/div>\n<div class=\"sharedaddy sd-sharing-enabled\"><div class=\"robots-nocontent sd-block sd-social sd-social-icon sd-sharing\"><h3 class=\"sd-title\">Share this:<\/h3><div class=\"sd-content\"><ul><li class=\"share-facebook\"><a rel=\"nofollow noopener noreferrer\" data-shared=\"sharing-facebook-861\" class=\"share-facebook sd-button share-icon no-text\" href=\"https:\/\/jp-pourtal.fr\/index.php\/les-portfolios\/portfolios\/gisors-ville-de-mystere\/?share=facebook\" target=\"_blank\" title=\"Cliquez pour partager sur Facebook\"><span><\/span><span class=\"sharing-screen-reader-text\">Cliquez pour partager sur Facebook(ouvre dans une nouvelle fen\u00eatre)<\/span><\/a><\/li><li class=\"share-linkedin\"><a rel=\"nofollow noopener noreferrer\" data-shared=\"sharing-linkedin-861\" class=\"share-linkedin sd-button share-icon no-text\" href=\"https:\/\/jp-pourtal.fr\/index.php\/les-portfolios\/portfolios\/gisors-ville-de-mystere\/?share=linkedin\" target=\"_blank\" title=\"Cliquez pour partager sur LinkedIn\"><span><\/span><span class=\"sharing-screen-reader-text\">Cliquez pour partager sur LinkedIn(ouvre dans une nouvelle fen\u00eatre)<\/span><\/a><\/li><li class=\"share-jetpack-whatsapp\"><a rel=\"nofollow noopener noreferrer\" data-shared=\"\" class=\"share-jetpack-whatsapp sd-button share-icon no-text\" href=\"https:\/\/jp-pourtal.fr\/index.php\/les-portfolios\/portfolios\/gisors-ville-de-mystere\/?share=jetpack-whatsapp\" target=\"_blank\" title=\"Cliquez pour partager sur WhatsApp\"><span><\/span><span class=\"sharing-screen-reader-text\">Cliquez pour partager sur WhatsApp(ouvre dans une nouvelle fen\u00eatre)<\/span><\/a><\/li><li class=\"share-twitter\"><a rel=\"nofollow noopener noreferrer\" data-shared=\"sharing-twitter-861\" class=\"share-twitter sd-button share-icon no-text\" href=\"https:\/\/jp-pourtal.fr\/index.php\/les-portfolios\/portfolios\/gisors-ville-de-mystere\/?share=twitter\" target=\"_blank\" title=\"Cliquez pour partager sur Twitter\"><span><\/span><span class=\"sharing-screen-reader-text\">Cliquez pour partager sur Twitter(ouvre dans une nouvelle fen\u00eatre)<\/span><\/a><\/li><li class=\"share-end\"><\/li><\/ul><\/div><\/div><\/div>","protected":false},"excerpt":{"rendered":"<p>Retour Lieux Mythiques C\u2019est en 1946 qu\u2019un homme, nomm\u00e9 Roger Lhomoy, force la porte du bureau du Maire de la paisible ville de Gisors. Se pr\u00e9sentant devant l\u2019\u00e9dile \u00e9bahi, il lui lance, tout de go, \u00ab&nbsp;Monsieur le Maire, j\u2019ai d\u00e9couvert le tr\u00e9sor des Templiers sous la motte du ch\u00e2teau&nbsp;!&nbsp;\u00bb Imaginez l\u2019\u00e9tonnement du maire et ce &hellip; <a href=\"https:\/\/jp-pourtal.fr\/index.php\/les-portfolios\/portfolios\/gisors-ville-de-mystere\/\" class=\"more-link\">Continuer la lecture<span class=\"screen-reader-text\"> de &laquo;&nbsp;Gisors, ville de myst\u00e8re&#8230;&nbsp;&raquo;<\/span><\/a><\/p>\n<div class=\"sharedaddy sd-sharing-enabled\"><div class=\"robots-nocontent sd-block sd-social sd-social-icon sd-sharing\"><h3 class=\"sd-title\">Share this:<\/h3><div class=\"sd-content\"><ul><li class=\"share-facebook\"><a rel=\"nofollow noopener noreferrer\" data-shared=\"sharing-facebook-861\" class=\"share-facebook sd-button share-icon no-text\" href=\"https:\/\/jp-pourtal.fr\/index.php\/les-portfolios\/portfolios\/gisors-ville-de-mystere\/?share=facebook\" target=\"_blank\" title=\"Cliquez pour partager sur Facebook\"><span><\/span><span class=\"sharing-screen-reader-text\">Cliquez pour partager sur Facebook(ouvre dans une nouvelle fen\u00eatre)<\/span><\/a><\/li><li class=\"share-linkedin\"><a rel=\"nofollow noopener noreferrer\" data-shared=\"sharing-linkedin-861\" class=\"share-linkedin sd-button share-icon no-text\" href=\"https:\/\/jp-pourtal.fr\/index.php\/les-portfolios\/portfolios\/gisors-ville-de-mystere\/?share=linkedin\" target=\"_blank\" title=\"Cliquez pour partager sur LinkedIn\"><span><\/span><span class=\"sharing-screen-reader-text\">Cliquez pour partager sur LinkedIn(ouvre dans une nouvelle fen\u00eatre)<\/span><\/a><\/li><li class=\"share-jetpack-whatsapp\"><a rel=\"nofollow noopener noreferrer\" data-shared=\"\" class=\"share-jetpack-whatsapp sd-button share-icon no-text\" href=\"https:\/\/jp-pourtal.fr\/index.php\/les-portfolios\/portfolios\/gisors-ville-de-mystere\/?share=jetpack-whatsapp\" target=\"_blank\" title=\"Cliquez pour partager sur WhatsApp\"><span><\/span><span class=\"sharing-screen-reader-text\">Cliquez pour partager sur WhatsApp(ouvre dans une nouvelle fen\u00eatre)<\/span><\/a><\/li><li class=\"share-twitter\"><a rel=\"nofollow noopener noreferrer\" data-shared=\"sharing-twitter-861\" class=\"share-twitter sd-button share-icon no-text\" href=\"https:\/\/jp-pourtal.fr\/index.php\/les-portfolios\/portfolios\/gisors-ville-de-mystere\/?share=twitter\" target=\"_blank\" title=\"Cliquez pour partager sur Twitter\"><span><\/span><span class=\"sharing-screen-reader-text\">Cliquez pour partager sur Twitter(ouvre dans une nouvelle fen\u00eatre)<\/span><\/a><\/li><li class=\"share-end\"><\/li><\/ul><\/div><\/div><\/div>","protected":false},"author":1,"featured_media":0,"parent":61,"menu_order":0,"comment_status":"open","ping_status":"closed","template":"","meta":{"spay_email":""},"jetpack_sharing_enabled":true,"_links":{"self":[{"href":"https:\/\/jp-pourtal.fr\/index.php\/wp-json\/wp\/v2\/pages\/861"}],"collection":[{"href":"https:\/\/jp-pourtal.fr\/index.php\/wp-json\/wp\/v2\/pages"}],"about":[{"href":"https:\/\/jp-pourtal.fr\/index.php\/wp-json\/wp\/v2\/types\/page"}],"author":[{"embeddable":true,"href":"https:\/\/jp-pourtal.fr\/index.php\/wp-json\/wp\/v2\/users\/1"}],"replies":[{"embeddable":true,"href":"https:\/\/jp-pourtal.fr\/index.php\/wp-json\/wp\/v2\/comments?post=861"}],"version-history":[{"count":4,"href":"https:\/\/jp-pourtal.fr\/index.php\/wp-json\/wp\/v2\/pages\/861\/revisions"}],"predecessor-version":[{"id":866,"href":"https:\/\/jp-pourtal.fr\/index.php\/wp-json\/wp\/v2\/pages\/861\/revisions\/866"}],"up":[{"embeddable":true,"href":"https:\/\/jp-pourtal.fr\/index.php\/wp-json\/wp\/v2\/pages\/61"}],"wp:attachment":[{"href":"https:\/\/jp-pourtal.fr\/index.php\/wp-json\/wp\/v2\/media?parent=861"}],"curies":[{"name":"wp","href":"https:\/\/api.w.org\/{rel}","templated":true}]}}