{"id":764,"date":"2019-05-21T10:24:07","date_gmt":"2019-05-21T08:24:07","guid":{"rendered":"https:\/\/jp-pourtal.fr\/?page_id=764"},"modified":"2022-04-05T18:33:58","modified_gmt":"2022-04-05T16:33:58","slug":"le-trepied-photo","status":"publish","type":"page","link":"https:\/\/jp-pourtal.fr\/index.php\/autour-de-la-photo\/le-materiel\/le-trepied-photo\/","title":{"rendered":"Le Tr\u00e9pied photo"},"content":{"rendered":"\n<p><font color=\"#ff7505\"><strong>Pour moi, le tr\u00e9pied est l\u2019outil indispensable \u00e0 la bonne\nprise de photo.<\/strong><\/font> C\u2019est vrai qu\u2019il peut \u00eatre encombrant et parfois un peu lourd\nmais tellement utile.<\/p>\n\n\n\n<div class=\"wp-block-image\"><figure class=\"alignright is-resized\"><img decoding=\"async\" loading=\"lazy\" src=\"https:\/\/i0.wp.com\/jp-pourtal.fr\/wp-content\/uploads\/2019\/05\/279388-big.jpg?resize=201%2C201&#038;ssl=1\" alt=\"\" class=\"wp-image-761\" width=\"201\" height=\"201\" srcset=\"https:\/\/i0.wp.com\/jp-pourtal.fr\/wp-content\/uploads\/2019\/05\/279388-big.jpg?w=600&amp;ssl=1 600w, https:\/\/i0.wp.com\/jp-pourtal.fr\/wp-content\/uploads\/2019\/05\/279388-big.jpg?resize=150%2C150&amp;ssl=1 150w, https:\/\/i0.wp.com\/jp-pourtal.fr\/wp-content\/uploads\/2019\/05\/279388-big.jpg?resize=300%2C300&amp;ssl=1 300w\" sizes=\"(max-width: 201px) 85vw, 201px\" data-recalc-dims=\"1\" \/><figcaption>Tr\u00e9pied Photo &#8211; DR<\/figcaption><\/figure><\/div>\n\n\n\n<p>Il en existe de nombreuses marques allant de prix tr\u00e8s\nabordables (trop&nbsp;?) \u00e0 des prix prohibitifs. Ce qu\u2019il faut c\u2019est de savoir\nce que l\u2019on veut en faire.<\/p>\n\n\n\n<p>Tout d\u2019abord, il est indispensable qu\u2019il poss\u00e8de une rotule\nou du moins que l\u2019on puisse y adapter une rotule.<\/p>\n\n\n\n<p>Les tr\u00e9pieds d\u2019entr\u00e9e de gamme poss\u00e8dent une t\u00eate mobile que\nl\u2019on ne peut r\u00e9ellement appeler une rotule.<\/p>\n\n\n\n<div class=\"wp-block-image\"><figure class=\"alignleft is-resized\"><img decoding=\"async\" loading=\"lazy\" src=\"https:\/\/i0.wp.com\/jp-pourtal.fr\/wp-content\/uploads\/2019\/05\/s-l1600.jpg?resize=146%2C146&#038;ssl=1\" alt=\"\" class=\"wp-image-762\" width=\"146\" height=\"146\" srcset=\"https:\/\/i0.wp.com\/jp-pourtal.fr\/wp-content\/uploads\/2019\/05\/s-l1600.jpg?resize=1024%2C1024&amp;ssl=1 1024w, https:\/\/i0.wp.com\/jp-pourtal.fr\/wp-content\/uploads\/2019\/05\/s-l1600.jpg?resize=150%2C150&amp;ssl=1 150w, https:\/\/i0.wp.com\/jp-pourtal.fr\/wp-content\/uploads\/2019\/05\/s-l1600.jpg?resize=300%2C300&amp;ssl=1 300w, https:\/\/i0.wp.com\/jp-pourtal.fr\/wp-content\/uploads\/2019\/05\/s-l1600.jpg?resize=768%2C768&amp;ssl=1 768w, https:\/\/i0.wp.com\/jp-pourtal.fr\/wp-content\/uploads\/2019\/05\/s-l1600.jpg?resize=1200%2C1200&amp;ssl=1 1200w, https:\/\/i0.wp.com\/jp-pourtal.fr\/wp-content\/uploads\/2019\/05\/s-l1600.jpg?w=1276&amp;ssl=1 1276w\" sizes=\"(max-width: 146px) 85vw, 146px\" data-recalc-dims=\"1\" \/><figcaption>Rotule pour t\u00e9pied &#8211; DR<\/figcaption><\/figure><\/div>\n\n\n\n<p>Ces m\u00eames rotules peuvent, aussi, atteindre des prix\nprohibitifs, \u00e0 vous de voir suivant l\u2019usage que vous envisagez de votre\n\u00e9quipement et des moyens dont vous disposez. Quoi qu\u2019il en soit cette rotule\ndoit imp\u00e9rativement poss\u00e9der un plateau mobile. C\u2019est ce plateau mobile que\nvous fixez sous votre appareil photo, ainsi, en quelques gestes vous installez\nvotre bo\u00eetier sur le tr\u00e9pied.<\/p>\n\n\n\n<div class=\"wp-block-image\"><figure class=\"alignright is-resized\"><img decoding=\"async\" loading=\"lazy\" src=\"https:\/\/i0.wp.com\/jp-pourtal.fr\/wp-content\/uploads\/2019\/05\/1.jpg?resize=139%2C139&#038;ssl=1\" alt=\"\" class=\"wp-image-763\" width=\"139\" height=\"139\" srcset=\"https:\/\/i0.wp.com\/jp-pourtal.fr\/wp-content\/uploads\/2019\/05\/1.jpg?w=500&amp;ssl=1 500w, https:\/\/i0.wp.com\/jp-pourtal.fr\/wp-content\/uploads\/2019\/05\/1.jpg?resize=150%2C150&amp;ssl=1 150w, https:\/\/i0.wp.com\/jp-pourtal.fr\/wp-content\/uploads\/2019\/05\/1.jpg?resize=300%2C300&amp;ssl=1 300w\" sizes=\"(max-width: 139px) 85vw, 139px\" data-recalc-dims=\"1\" \/><figcaption>Plateau mobile de rotule &#8211; DR<\/figcaption><\/figure><\/div>\n\n\n\n<p>Le tr\u00e9pied vous lib\u00e8re de plein de soucis. Grace \u00e0 lui, vous allez pouvoir prendre des photos dans des conditions de lumi\u00e8re extr\u00eamement faibles tout en gardant une sensibilit\u00e9 ISO basse (100 \u00e0 moins de 100 ISO), garante de belles photos avec peu de bruit.<\/p>\n\n\n\n<p>De m\u00eame, gr\u00e2ce au tr\u00e9pied vous allez pouvoir utiliser des\nobjectifs \u00e0 longue focale&nbsp;; pass\u00e9 300 mm, il n\u2019est pas rare d\u2019avoir des\nflous de \u00ab&nbsp;boug\u00e9&nbsp;\u00bb sur les images prises et c\u2019est parfois rageant, sauf\nbien s\u00fbr si vous utilisez des zooms ayant de grandes ouvertures de l\u2019ordre de 1.2,\n1.4 ou 1.8, mais l\u00e0 nous parlons d\u2019objectifs \u00e0 des co\u00fbts tr\u00e8s \u00e9lev\u00e9s que seuls\nles professionnels peuvent se payer, ou les personnes ayant de beaux moyens\nfinanciers.<\/p>\n\n\n\n<p>En ce qui me concerne, je poss\u00e8de trois tr\u00e9pieds, l\u2019un de\ntr\u00e8s bonne qualit\u00e9, l\u00e9ger et solide et deux autres de qualit\u00e9 moindre mais\nsuffisante pour mes usages.<\/p>\n\n\n\n<p>Le premier me sert pour mon D300 S, boitier assez massif et\nayant un poids certain. Les deux autres me permettent de supporter mes deux flashes\ncobras lorsque j\u2019ai besoin de support lumi\u00e8res particuliers.<\/p>\n\n\n\n<p><font color=\"#ff7505\"><u><strong>Astuces :<\/strong><\/u><\/font><br><font color=\"#ff7505\"><strong>Prises de photos en basse lumi\u00e8re sur tr\u00e9pied. <\/strong><\/font><br>Comme je le dis plus haut, le tr\u00e9pied permet de photographier dans des endroits tr\u00e8s sombres. Mais m\u00eame si le bo\u00eetier est bien pos\u00e9 dessus, il est possible de cr\u00e9er du flou sur l\u2019image rien qu\u2019en appuyant sur le d\u00e9clencheur. Pour pallier \u00e0 cela, deux astuces, soit on utilise <strong>une t\u00e9l\u00e9commande<\/strong> si l\u2019on en a une, ou plus simplement, on utilise l<strong>e retardateur du bo\u00eetier<\/strong>. Ainsi, m\u00eame si l\u2019on fait un peu bouger l\u2019ensemble Bo\u00eetier-Tr\u00e9pied au moment de l\u2019appui, la temporisation du d\u00e9clenchement par le retardateur permet au syst\u00e8me de se stabiliser et de ne plus bouger.<\/p>\n<div class=\"sharedaddy sd-sharing-enabled\"><div class=\"robots-nocontent sd-block sd-social sd-social-icon sd-sharing\"><h3 class=\"sd-title\">Share this:<\/h3><div class=\"sd-content\"><ul><li class=\"share-facebook\"><a rel=\"nofollow noopener noreferrer\" data-shared=\"sharing-facebook-764\" class=\"share-facebook sd-button share-icon no-text\" href=\"https:\/\/jp-pourtal.fr\/index.php\/autour-de-la-photo\/le-materiel\/le-trepied-photo\/?share=facebook\" target=\"_blank\" title=\"Cliquez pour partager sur Facebook\"><span><\/span><span class=\"sharing-screen-reader-text\">Cliquez pour partager sur Facebook(ouvre dans une nouvelle fen\u00eatre)<\/span><\/a><\/li><li class=\"share-linkedin\"><a rel=\"nofollow noopener noreferrer\" data-shared=\"sharing-linkedin-764\" class=\"share-linkedin sd-button share-icon no-text\" href=\"https:\/\/jp-pourtal.fr\/index.php\/autour-de-la-photo\/le-materiel\/le-trepied-photo\/?share=linkedin\" target=\"_blank\" title=\"Cliquez pour partager sur LinkedIn\"><span><\/span><span class=\"sharing-screen-reader-text\">Cliquez pour partager sur LinkedIn(ouvre dans une nouvelle fen\u00eatre)<\/span><\/a><\/li><li class=\"share-jetpack-whatsapp\"><a rel=\"nofollow noopener noreferrer\" data-shared=\"\" class=\"share-jetpack-whatsapp sd-button share-icon no-text\" href=\"https:\/\/jp-pourtal.fr\/index.php\/autour-de-la-photo\/le-materiel\/le-trepied-photo\/?share=jetpack-whatsapp\" target=\"_blank\" title=\"Cliquez pour partager sur WhatsApp\"><span><\/span><span class=\"sharing-screen-reader-text\">Cliquez pour partager sur WhatsApp(ouvre dans une nouvelle fen\u00eatre)<\/span><\/a><\/li><li class=\"share-twitter\"><a rel=\"nofollow noopener noreferrer\" data-shared=\"sharing-twitter-764\" class=\"share-twitter sd-button share-icon no-text\" href=\"https:\/\/jp-pourtal.fr\/index.php\/autour-de-la-photo\/le-materiel\/le-trepied-photo\/?share=twitter\" target=\"_blank\" title=\"Cliquez pour partager sur Twitter\"><span><\/span><span class=\"sharing-screen-reader-text\">Cliquez pour partager sur Twitter(ouvre dans une nouvelle fen\u00eatre)<\/span><\/a><\/li><li class=\"share-end\"><\/li><\/ul><\/div><\/div><\/div>","protected":false},"excerpt":{"rendered":"<p>Pour moi, le tr\u00e9pied est l\u2019outil indispensable \u00e0 la bonne prise de photo. C\u2019est vrai qu\u2019il peut \u00eatre encombrant et parfois un peu lourd mais tellement utile. Il en existe de nombreuses marques allant de prix tr\u00e8s abordables (trop&nbsp;?) \u00e0 des prix prohibitifs. Ce qu\u2019il faut c\u2019est de savoir ce que l\u2019on veut en faire. &hellip; <a href=\"https:\/\/jp-pourtal.fr\/index.php\/autour-de-la-photo\/le-materiel\/le-trepied-photo\/\" class=\"more-link\">Continuer la lecture<span class=\"screen-reader-text\"> de &laquo;&nbsp;Le Tr\u00e9pied photo&nbsp;&raquo;<\/span><\/a><\/p>\n<div class=\"sharedaddy sd-sharing-enabled\"><div class=\"robots-nocontent sd-block sd-social sd-social-icon sd-sharing\"><h3 class=\"sd-title\">Share this:<\/h3><div class=\"sd-content\"><ul><li class=\"share-facebook\"><a rel=\"nofollow noopener noreferrer\" data-shared=\"sharing-facebook-764\" class=\"share-facebook sd-button share-icon no-text\" href=\"https:\/\/jp-pourtal.fr\/index.php\/autour-de-la-photo\/le-materiel\/le-trepied-photo\/?share=facebook\" target=\"_blank\" title=\"Cliquez pour partager sur Facebook\"><span><\/span><span class=\"sharing-screen-reader-text\">Cliquez pour partager sur Facebook(ouvre dans une nouvelle fen\u00eatre)<\/span><\/a><\/li><li class=\"share-linkedin\"><a rel=\"nofollow noopener noreferrer\" data-shared=\"sharing-linkedin-764\" class=\"share-linkedin sd-button share-icon no-text\" href=\"https:\/\/jp-pourtal.fr\/index.php\/autour-de-la-photo\/le-materiel\/le-trepied-photo\/?share=linkedin\" target=\"_blank\" title=\"Cliquez pour partager sur LinkedIn\"><span><\/span><span class=\"sharing-screen-reader-text\">Cliquez pour partager sur LinkedIn(ouvre dans une nouvelle fen\u00eatre)<\/span><\/a><\/li><li class=\"share-jetpack-whatsapp\"><a rel=\"nofollow noopener noreferrer\" data-shared=\"\" class=\"share-jetpack-whatsapp sd-button share-icon no-text\" href=\"https:\/\/jp-pourtal.fr\/index.php\/autour-de-la-photo\/le-materiel\/le-trepied-photo\/?share=jetpack-whatsapp\" target=\"_blank\" title=\"Cliquez pour partager sur WhatsApp\"><span><\/span><span class=\"sharing-screen-reader-text\">Cliquez pour partager sur WhatsApp(ouvre dans une nouvelle fen\u00eatre)<\/span><\/a><\/li><li class=\"share-twitter\"><a rel=\"nofollow noopener noreferrer\" data-shared=\"sharing-twitter-764\" class=\"share-twitter sd-button share-icon no-text\" href=\"https:\/\/jp-pourtal.fr\/index.php\/autour-de-la-photo\/le-materiel\/le-trepied-photo\/?share=twitter\" target=\"_blank\" title=\"Cliquez pour partager sur Twitter\"><span><\/span><span class=\"sharing-screen-reader-text\">Cliquez pour partager sur Twitter(ouvre dans une nouvelle fen\u00eatre)<\/span><\/a><\/li><li class=\"share-end\"><\/li><\/ul><\/div><\/div><\/div>","protected":false},"author":1,"featured_media":0,"parent":1149,"menu_order":0,"comment_status":"open","ping_status":"closed","template":"","meta":{"spay_email":""},"jetpack_sharing_enabled":true,"_links":{"self":[{"href":"https:\/\/jp-pourtal.fr\/index.php\/wp-json\/wp\/v2\/pages\/764"}],"collection":[{"href":"https:\/\/jp-pourtal.fr\/index.php\/wp-json\/wp\/v2\/pages"}],"about":[{"href":"https:\/\/jp-pourtal.fr\/index.php\/wp-json\/wp\/v2\/types\/page"}],"author":[{"embeddable":true,"href":"https:\/\/jp-pourtal.fr\/index.php\/wp-json\/wp\/v2\/users\/1"}],"replies":[{"embeddable":true,"href":"https:\/\/jp-pourtal.fr\/index.php\/wp-json\/wp\/v2\/comments?post=764"}],"version-history":[{"count":7,"href":"https:\/\/jp-pourtal.fr\/index.php\/wp-json\/wp\/v2\/pages\/764\/revisions"}],"predecessor-version":[{"id":1166,"href":"https:\/\/jp-pourtal.fr\/index.php\/wp-json\/wp\/v2\/pages\/764\/revisions\/1166"}],"up":[{"embeddable":true,"href":"https:\/\/jp-pourtal.fr\/index.php\/wp-json\/wp\/v2\/pages\/1149"}],"wp:attachment":[{"href":"https:\/\/jp-pourtal.fr\/index.php\/wp-json\/wp\/v2\/media?parent=764"}],"curies":[{"name":"wp","href":"https:\/\/api.w.org\/{rel}","templated":true}]}}