{"id":76,"date":"2018-05-31T14:48:59","date_gmt":"2018-05-31T12:48:59","guid":{"rendered":"http:\/\/jp-pourtal.fr\/?page_id=76"},"modified":"2019-06-06T14:23:14","modified_gmt":"2019-06-06T12:23:14","slug":"un-peu-de-technique","status":"publish","type":"page","link":"https:\/\/jp-pourtal.fr\/index.php\/les-portfolios\/un-peu-de-technique\/","title":{"rendered":"Fleurs et nature"},"content":{"rendered":"<p>Ce Portfolio vous pr\u00e9sente des photos de fleurs et de nature. C&rsquo;est peut-\u00eatre celui que je pr\u00e9f\u00e8re.<\/p>\n<p style=\"text-align: center;\"><!-- Final Tiles Grid Gallery for WordPress v3.5.6 free --><style>#ftg-1313 .tile .icon { color:#ffffff; }#ftg-1313 .ftg-items .loading-bar i { background:#666; }#ftg-1313 .ftg-items .loading-bar { background:#fff; }#ftg-1313 .tile .icon { font-size:12px; }#ftg-1313 .tile .icon { margin: -6px 0 0 -6px; }#ftg-1313 .tile .caption-block .text-wrapper span.text { font-size:12px; }#ftg-1313 .tile .caption-outside .text-wrapper span.text { font-size:12px; }#ftg-1313 .tile .caption-block .text-wrapper span.title { font-size:14px; }#ftg-1313 .tile .caption-outside .text-wrapper span.title { font-size:14px; }#ftg-1313 .tile { background-color: transparent; }#ftg-1313 .tile .caption-block .text-wrapper span.text { color: #ffffff; }#ftg-1313 .tile .caption-block .text-wrapper span.title { color: #ffffff; }#ftg-1313 .tile .caption-outside .text-wrapper span.text { color: #ffffff; }#ftg-1313 .tile .caption-outside .text-wrapper span.title { color: #ffffff; }#ftg-1313 .tile .ftg-social a { color: #ffffff; }#ftg-1313 .tile .caption-block { transition-timing-function:ease; }#ftg-1313 .tile .caption-block { transition-duration:0.25s; }#ftg-1313 .tile .tile-inner:before { background-color: #000000; }#ftg-1313 .tile .tile-inner:before { background-color: rgba(0, 0, 0, 0.8); }#ftg-1313 .tile:hover img {-moz-transform: ;-webkit-transform: ;-o-transform: ;-ms-transform: ;transform: ;}<\/style><a name='13'><\/a><div class='final-tiles-gallery  ftg-hover-enabled caption-inside  caption-none caption-middle caption-center' id='ftg-1313' style='width:100%'><div class='ftg-items'><div class='loading-bar'><i><\/i><\/div><div  class='tile ftg-preload  '><a title=\"Fleurs-01\"  rel='ftg-1313'  class=' tile-inner  ' href='http:\/\/jp-pourtal.fr\/index.php\/un-peu-de-technique\/fleurs-01\/' ><img alt='Fleurs-01' class='item skip-lazy' data-class='item' data-ftg-source='https:\/\/i0.wp.com\/jp-pourtal.fr\/wp-content\/uploads\/2018\/06\/Coquelicot-02.jpg?resize=300%2C199&#038;ssl=1' src='https:\/\/i0.wp.com\/jp-pourtal.fr\/wp-content\/uploads\/2018\/06\/Coquelicot-02.jpg?resize=300%2C199&#038;ssl=1' width='300' height='199' data-recalc-dims=\"1\" \/><div class='caption-block'><div class='text-wrapper'><span class='title'>Fleurs-01<\/span><\/div><\/div><\/a><div class='ftg-social'><\/div><\/div><div  class='tile ftg-preload  '><a title=\"Ciel \u00e9toil\u00e9 et \u00e9clipse partielle de Lune\"  rel='ftg-1313'  class=' tile-inner  ' href='https:\/\/jp-pourtal.fr\/index.php\/les-portfolios\/un-peu-de-technique\/ciel-nocturne-et-eclipse-partielle-de-lune-juillet-2019\/' ><img alt='Ciel \u00e9toil\u00e9 et \u00e9clipse partielle de Lune' class='item skip-lazy' data-class='item' data-ftg-source='https:\/\/i0.wp.com\/jp-pourtal.fr\/wp-content\/uploads\/2019\/07\/2019-07-15-EPL-01.jpg?resize=300%2C288&#038;ssl=1' src='https:\/\/i0.wp.com\/jp-pourtal.fr\/wp-content\/uploads\/2019\/07\/2019-07-15-EPL-01.jpg?resize=300%2C288&#038;ssl=1' width='300' height='288' data-recalc-dims=\"1\" \/><div class='caption-block'><div class='text-wrapper'><span class='title'>Ciel \u00e9toil\u00e9 et \u00e9clipse partielle de Lune<\/span><\/div><\/div><\/a><div class='ftg-social'><\/div><\/div><div  class='tile ftg-preload  '><a title=\"Fleurs - 02\"  rel='ftg-1313'  class=' tile-inner  ' href='http:\/\/jp-pourtal.fr\/index.php\/un-peu-de-technique\/fleurs-02\/' ><img alt='Fleurs - 02' class='item skip-lazy' data-class='item' data-ftg-source='https:\/\/i0.wp.com\/jp-pourtal.fr\/wp-content\/uploads\/2018\/06\/DSC_1293.jpg?resize=300%2C199&#038;ssl=1' src='https:\/\/i0.wp.com\/jp-pourtal.fr\/wp-content\/uploads\/2018\/06\/DSC_1293.jpg?resize=300%2C199&#038;ssl=1' width='300' height='199' data-recalc-dims=\"1\" \/><div class='caption-block'><div class='text-wrapper'><span class='title'>Fleurs - 02<\/span><\/div><\/div><\/a><div class='ftg-social'><\/div><\/div><div  class='tile ftg-preload  '><a title=\"Fleurs et paysages du Haut Quercy - 2019\"  rel='ftg-1313'  class=' tile-inner  ' href='https:\/\/jp-pourtal.fr\/index.php\/les-portfolios\/un-peu-de-technique\/fleurs-et-paysages-du-haut-quercy-2019\/' ><img alt='Fleurs et paysages du Haut Quercy - 2019' class='item skip-lazy' data-class='item' data-ftg-source='https:\/\/i0.wp.com\/jp-pourtal.fr\/wp-content\/uploads\/2019\/05\/QUERCY2-18.jpg?resize=768%2C767&#038;ssl=1' src='https:\/\/i0.wp.com\/jp-pourtal.fr\/wp-content\/uploads\/2019\/05\/QUERCY2-18.jpg?resize=768%2C767&#038;ssl=1' width='768' height='767' data-recalc-dims=\"1\" \/><div class='caption-block'><div class='text-wrapper'><span class='title'>Fleurs et paysages du Haut Quercy - 2019<\/span><\/div><\/div><\/a><div class='ftg-social'><\/div><\/div><div  class='tile ftg-preload  '><a title=\"Fleurs - 03\"  rel='ftg-1313'  class=' tile-inner  ' href='https:\/\/jp-pourtal.fr\/index.php\/les-portfolios\/un-peu-de-technique\/fleurs-03\/' ><img alt='Fleurs - 03' class='item skip-lazy' data-class='item' data-ftg-source='https:\/\/i0.wp.com\/jp-pourtal.fr\/wp-content\/uploads\/2019\/06\/2019-05-31-FleursVelizy05.jpg?resize=300%2C297&#038;ssl=1' src='https:\/\/i0.wp.com\/jp-pourtal.fr\/wp-content\/uploads\/2019\/06\/2019-05-31-FleursVelizy05.jpg?resize=300%2C297&#038;ssl=1' width='300' height='297' data-recalc-dims=\"1\" \/><div class='caption-block'><div class='text-wrapper'><span class='title'>Fleurs - 03<\/span><\/div><\/div><\/a><div class='ftg-social'><\/div><\/div><div  class='tile ftg-preload  '><a title=\"Pierre et Cristaux\"  rel='ftg-1313'  class=' tile-inner  ' href='https:\/\/jp-pourtal.fr\/index.php\/les-portfolios\/un-peu-de-technique\/pierres-et-cristaux\/' ><img alt='Pierre et Cristaux' class='item skip-lazy' data-class='item' data-ftg-source='https:\/\/i0.wp.com\/jp-pourtal.fr\/wp-content\/uploads\/2023\/03\/20022022-_DSC3765-copie.jpg?resize=300%2C300&#038;ssl=1' src='https:\/\/i0.wp.com\/jp-pourtal.fr\/wp-content\/uploads\/2023\/03\/20022022-_DSC3765-copie.jpg?resize=300%2C300&#038;ssl=1' width='300' height='300' data-recalc-dims=\"1\" \/><div class='caption-block'><div class='text-wrapper'><span class='title'>Pierre et Cristaux<\/span><\/div><\/div><\/a><div class='ftg-social'><\/div><\/div><\/div><\/div><script type='text\/javascript'>jQuery('#ftg-1313 img.item').removeAttr('src');jQuery(document).ready(function () {setTimeout(function () {jQuery('#ftg-1313').finalTilesGallery({minTileWidth: 250,margin: 10,loadMethod: 'sequential',nonce: '713b4db910',galleryId: '13',setupFilters: true,layout: 'final',debug: false,gridSize: 25,disableGridSizeBelow:800,allowEnlargement: true,imageSizeFactor: [ [4000, 0.9],[1024, 0.8],[768, 0.7],[640, 0.6],[320, 0.5]],selectedFilter: 'n-a'});jQuery(function () {(function () {var rel = '';jQuery('#ftg-1313 .ftg-lightbox').click(function (e) {rel = jQuery(this).attr('rel');jQuery('#ftg-1313 .ftg-current').removeClass('ftg-current');jQuery('#ftg-1313 [rel=\"'+rel+'\"]').addClass('ftg-current');});})();});}, 0);});<\/script><\/p>\n<div class=\"sharedaddy sd-sharing-enabled\"><div class=\"robots-nocontent sd-block sd-social sd-social-icon sd-sharing\"><h3 class=\"sd-title\">Share this:<\/h3><div class=\"sd-content\"><ul><li class=\"share-facebook\"><a rel=\"nofollow noopener noreferrer\" data-shared=\"sharing-facebook-76\" class=\"share-facebook sd-button share-icon no-text\" href=\"https:\/\/jp-pourtal.fr\/index.php\/les-portfolios\/un-peu-de-technique\/?share=facebook\" target=\"_blank\" title=\"Cliquez pour partager sur Facebook\"><span><\/span><span class=\"sharing-screen-reader-text\">Cliquez pour partager sur Facebook(ouvre dans une nouvelle fen\u00eatre)<\/span><\/a><\/li><li class=\"share-linkedin\"><a rel=\"nofollow noopener noreferrer\" data-shared=\"sharing-linkedin-76\" class=\"share-linkedin sd-button share-icon no-text\" href=\"https:\/\/jp-pourtal.fr\/index.php\/les-portfolios\/un-peu-de-technique\/?share=linkedin\" target=\"_blank\" title=\"Cliquez pour partager sur LinkedIn\"><span><\/span><span class=\"sharing-screen-reader-text\">Cliquez pour partager sur LinkedIn(ouvre dans une nouvelle fen\u00eatre)<\/span><\/a><\/li><li class=\"share-jetpack-whatsapp\"><a rel=\"nofollow noopener noreferrer\" data-shared=\"\" class=\"share-jetpack-whatsapp sd-button share-icon no-text\" href=\"https:\/\/jp-pourtal.fr\/index.php\/les-portfolios\/un-peu-de-technique\/?share=jetpack-whatsapp\" target=\"_blank\" title=\"Cliquez pour partager sur WhatsApp\"><span><\/span><span class=\"sharing-screen-reader-text\">Cliquez pour partager sur WhatsApp(ouvre dans une nouvelle fen\u00eatre)<\/span><\/a><\/li><li class=\"share-twitter\"><a rel=\"nofollow noopener noreferrer\" data-shared=\"sharing-twitter-76\" class=\"share-twitter sd-button share-icon no-text\" href=\"https:\/\/jp-pourtal.fr\/index.php\/les-portfolios\/un-peu-de-technique\/?share=twitter\" target=\"_blank\" title=\"Cliquez pour partager sur Twitter\"><span><\/span><span class=\"sharing-screen-reader-text\">Cliquez pour partager sur Twitter(ouvre dans une nouvelle fen\u00eatre)<\/span><\/a><\/li><li class=\"share-end\"><\/li><\/ul><\/div><\/div><\/div>","protected":false},"excerpt":{"rendered":"<p>Ce Portfolio vous pr\u00e9sente des photos de fleurs et de nature. C&rsquo;est peut-\u00eatre celui que je pr\u00e9f\u00e8re.<\/p>\n<div class=\"sharedaddy sd-sharing-enabled\"><div class=\"robots-nocontent sd-block sd-social sd-social-icon sd-sharing\"><h3 class=\"sd-title\">Share this:<\/h3><div class=\"sd-content\"><ul><li class=\"share-facebook\"><a rel=\"nofollow noopener noreferrer\" data-shared=\"sharing-facebook-76\" class=\"share-facebook sd-button share-icon no-text\" href=\"https:\/\/jp-pourtal.fr\/index.php\/les-portfolios\/un-peu-de-technique\/?share=facebook\" target=\"_blank\" title=\"Cliquez pour partager sur Facebook\"><span><\/span><span class=\"sharing-screen-reader-text\">Cliquez pour partager sur Facebook(ouvre dans une nouvelle fen\u00eatre)<\/span><\/a><\/li><li class=\"share-linkedin\"><a rel=\"nofollow noopener noreferrer\" data-shared=\"sharing-linkedin-76\" class=\"share-linkedin sd-button share-icon no-text\" href=\"https:\/\/jp-pourtal.fr\/index.php\/les-portfolios\/un-peu-de-technique\/?share=linkedin\" target=\"_blank\" title=\"Cliquez pour partager sur LinkedIn\"><span><\/span><span class=\"sharing-screen-reader-text\">Cliquez pour partager sur LinkedIn(ouvre dans une nouvelle fen\u00eatre)<\/span><\/a><\/li><li class=\"share-jetpack-whatsapp\"><a rel=\"nofollow noopener noreferrer\" data-shared=\"\" class=\"share-jetpack-whatsapp sd-button share-icon no-text\" href=\"https:\/\/jp-pourtal.fr\/index.php\/les-portfolios\/un-peu-de-technique\/?share=jetpack-whatsapp\" target=\"_blank\" title=\"Cliquez pour partager sur WhatsApp\"><span><\/span><span class=\"sharing-screen-reader-text\">Cliquez pour partager sur WhatsApp(ouvre dans une nouvelle fen\u00eatre)<\/span><\/a><\/li><li class=\"share-twitter\"><a rel=\"nofollow noopener noreferrer\" data-shared=\"sharing-twitter-76\" class=\"share-twitter sd-button share-icon no-text\" href=\"https:\/\/jp-pourtal.fr\/index.php\/les-portfolios\/un-peu-de-technique\/?share=twitter\" target=\"_blank\" title=\"Cliquez pour partager sur Twitter\"><span><\/span><span class=\"sharing-screen-reader-text\">Cliquez pour partager sur Twitter(ouvre dans une nouvelle fen\u00eatre)<\/span><\/a><\/li><li class=\"share-end\"><\/li><\/ul><\/div><\/div><\/div>","protected":false},"author":1,"featured_media":0,"parent":533,"menu_order":0,"comment_status":"closed","ping_status":"closed","template":"","meta":{"spay_email":""},"jetpack_sharing_enabled":true,"_links":{"self":[{"href":"https:\/\/jp-pourtal.fr\/index.php\/wp-json\/wp\/v2\/pages\/76"}],"collection":[{"href":"https:\/\/jp-pourtal.fr\/index.php\/wp-json\/wp\/v2\/pages"}],"about":[{"href":"https:\/\/jp-pourtal.fr\/index.php\/wp-json\/wp\/v2\/types\/page"}],"author":[{"embeddable":true,"href":"https:\/\/jp-pourtal.fr\/index.php\/wp-json\/wp\/v2\/users\/1"}],"replies":[{"embeddable":true,"href":"https:\/\/jp-pourtal.fr\/index.php\/wp-json\/wp\/v2\/comments?post=76"}],"version-history":[{"count":7,"href":"https:\/\/jp-pourtal.fr\/index.php\/wp-json\/wp\/v2\/pages\/76\/revisions"}],"predecessor-version":[{"id":806,"href":"https:\/\/jp-pourtal.fr\/index.php\/wp-json\/wp\/v2\/pages\/76\/revisions\/806"}],"up":[{"embeddable":true,"href":"https:\/\/jp-pourtal.fr\/index.php\/wp-json\/wp\/v2\/pages\/533"}],"wp:attachment":[{"href":"https:\/\/jp-pourtal.fr\/index.php\/wp-json\/wp\/v2\/media?parent=76"}],"curies":[{"name":"wp","href":"https:\/\/api.w.org\/{rel}","templated":true}]}}