{"id":436,"date":"2018-06-26T09:00:51","date_gmt":"2018-06-26T07:00:51","guid":{"rendered":"http:\/\/jp-pourtal.fr\/?page_id=436"},"modified":"2019-08-11T09:32:51","modified_gmt":"2019-08-11T07:32:51","slug":"carenac-2018-04","status":"publish","type":"page","link":"https:\/\/jp-pourtal.fr\/index.php\/les-portfolios\/portfolios\/carenac-2018-04\/","title":{"rendered":"Carennac-2018-04"},"content":{"rendered":"<p><a href=\"http:\/\/jp-pourtal.fr\/index.php\/portfolios\/\">Retour Lieux Mythiques<\/a><\/p>\n<p>Le village de Carennac est situ\u00e9 dans le d\u00e9partement du Lot en Occitanie. Reconnu comme l&rsquo;un de ses plus beaux villages, Carennac fut l&rsquo;un dex lieux o\u00f9 le c\u00e9l\u00e8bre Fenelon v\u00e9cut.<\/p>\n<p style=\"text-align: center;\"><!-- Final Tiles Grid Gallery for WordPress v3.5.6 free --><style>#ftg-1818 .tile .icon { color:#ffffff; }#ftg-1818 .ftg-items .loading-bar i { background:#666; }#ftg-1818 .ftg-items .loading-bar { background:#fff; }#ftg-1818 .tile .icon { font-size:12px; }#ftg-1818 .tile .icon { margin: -6px 0 0 -6px; }#ftg-1818 .tile .caption-block .text-wrapper span.text { font-size:12px; }#ftg-1818 .tile .caption-outside .text-wrapper span.text { font-size:12px; }#ftg-1818 .tile .caption-block .text-wrapper span.title { font-size:14px; }#ftg-1818 .tile .caption-outside .text-wrapper span.title { font-size:14px; }#ftg-1818 .tile { background-color: transparent; }#ftg-1818 .tile .caption-block .text-wrapper span.text { color: #ffffff; }#ftg-1818 .tile .caption-block .text-wrapper span.title { color: #ffffff; }#ftg-1818 .tile .caption-outside .text-wrapper span.text { color: #ffffff; }#ftg-1818 .tile .caption-outside .text-wrapper span.title { color: #ffffff; }#ftg-1818 .tile .ftg-social a { color: #ffffff; }#ftg-1818 .tile .caption-block { transition-timing-function:ease; }#ftg-1818 .tile .caption-block { transition-duration:0.25s; }#ftg-1818 .tile .tile-inner:before { background-color: #000000; }#ftg-1818 .tile .tile-inner:before { background-color: rgba(0, 0, 0, 0.8); }#ftg-1818 .tile:hover img {-moz-transform: ;-webkit-transform: ;-o-transform: ;-ms-transform: ;transform: ;}<\/style><a name='18'><\/a><div class='final-tiles-gallery  ftg-hover-enabled caption-inside  caption-none caption-middle caption-center' id='ftg-1818' style='width:100%'><div class='ftg-items'><div class='loading-bar'><i><\/i><\/div><div  class='tile ftg-preload  '><a title=\"\" data-lightbox='ftg-1818' rel='ftg-1818'  class=' tile-inner  ftg-lightbox' href=\"https:\/\/i0.wp.com\/jp-pourtal.fr\/wp-content\/uploads\/2018\/06\/2018-04-CARENAC001.jpg?ssl=1\"  data-rel=\"lightbox-image-0\" data-rl_title=\"\" data-rl_caption=\"\"><img alt='' class='item skip-lazy' data-class='item' data-ftg-source='https:\/\/i0.wp.com\/jp-pourtal.fr\/wp-content\/uploads\/2018\/06\/2018-04-CARENAC001.jpg?resize=300%2C199&#038;ssl=1' src='https:\/\/i0.wp.com\/jp-pourtal.fr\/wp-content\/uploads\/2018\/06\/2018-04-CARENAC001.jpg?resize=300%2C199&#038;ssl=1' width='300' height='199' data-recalc-dims=\"1\" \/><\/a><div class='ftg-social'><\/div><\/div><div  class='tile ftg-preload  '><a title=\"\" data-lightbox='ftg-1818' rel='ftg-1818'  class=' tile-inner  ftg-lightbox' href=\"https:\/\/i0.wp.com\/jp-pourtal.fr\/wp-content\/uploads\/2018\/06\/2018-04-CARENAC002.jpg?ssl=1\"  data-rel=\"lightbox-image-1\" data-rl_title=\"\" data-rl_caption=\"\"><img alt='' class='item skip-lazy' data-class='item' data-ftg-source='https:\/\/i0.wp.com\/jp-pourtal.fr\/wp-content\/uploads\/2018\/06\/2018-04-CARENAC002.jpg?resize=300%2C184&#038;ssl=1' src='https:\/\/i0.wp.com\/jp-pourtal.fr\/wp-content\/uploads\/2018\/06\/2018-04-CARENAC002.jpg?resize=300%2C184&#038;ssl=1' width='300' height='184' data-recalc-dims=\"1\" \/><\/a><div class='ftg-social'><\/div><\/div><div  class='tile ftg-preload  '><a title=\"\" data-lightbox='ftg-1818' rel='ftg-1818'  class=' tile-inner  ftg-lightbox' href=\"https:\/\/i0.wp.com\/jp-pourtal.fr\/wp-content\/uploads\/2018\/06\/2018-04-CARENAC003-640x1024.jpg?ssl=1\"  data-rel=\"lightbox-image-2\" data-rl_title=\"\" data-rl_caption=\"\"><img alt='' class='item skip-lazy' data-class='item' data-ftg-source='https:\/\/i0.wp.com\/jp-pourtal.fr\/wp-content\/uploads\/2018\/06\/2018-04-CARENAC003.jpg?resize=640%2C1024&#038;ssl=1' src='https:\/\/i0.wp.com\/jp-pourtal.fr\/wp-content\/uploads\/2018\/06\/2018-04-CARENAC003.jpg?resize=640%2C1024&#038;ssl=1' width='640' height='1024' data-recalc-dims=\"1\" \/><\/a><div class='ftg-social'><\/div><\/div><div  class='tile ftg-preload  '><a title=\"\" data-lightbox='ftg-1818' rel='ftg-1818'  class=' tile-inner  ftg-lightbox' href=\"https:\/\/i0.wp.com\/jp-pourtal.fr\/wp-content\/uploads\/2018\/06\/2018-04-CARENAC004.jpg?ssl=1\"  data-rel=\"lightbox-image-3\" data-rl_title=\"\" data-rl_caption=\"\"><img alt='' class='item skip-lazy' data-class='item' data-ftg-source='https:\/\/i0.wp.com\/jp-pourtal.fr\/wp-content\/uploads\/2018\/06\/2018-04-CARENAC004.jpg?resize=300%2C199&#038;ssl=1' src='https:\/\/i0.wp.com\/jp-pourtal.fr\/wp-content\/uploads\/2018\/06\/2018-04-CARENAC004.jpg?resize=300%2C199&#038;ssl=1' width='300' height='199' data-recalc-dims=\"1\" \/><\/a><div class='ftg-social'><\/div><\/div><div  class='tile ftg-preload  '><a title=\"\" data-lightbox='ftg-1818' rel='ftg-1818'  class=' tile-inner  ftg-lightbox' href=\"https:\/\/i0.wp.com\/jp-pourtal.fr\/wp-content\/uploads\/2018\/06\/2018-04-CARENAC005.jpg?ssl=1\"  data-rel=\"lightbox-image-4\" data-rl_title=\"\" data-rl_caption=\"\"><img alt='' class='item skip-lazy' data-class='item' data-ftg-source='https:\/\/i0.wp.com\/jp-pourtal.fr\/wp-content\/uploads\/2018\/06\/2018-04-CARENAC005.jpg?resize=300%2C199&#038;ssl=1' src='https:\/\/i0.wp.com\/jp-pourtal.fr\/wp-content\/uploads\/2018\/06\/2018-04-CARENAC005.jpg?resize=300%2C199&#038;ssl=1' width='300' height='199' data-recalc-dims=\"1\" \/><\/a><div class='ftg-social'><\/div><\/div><div  class='tile ftg-preload  '><a title=\"\" data-lightbox='ftg-1818' rel='ftg-1818'  class=' tile-inner  ftg-lightbox' href=\"https:\/\/i0.wp.com\/jp-pourtal.fr\/wp-content\/uploads\/2018\/06\/2018-04-CARENAC006-680x1024.jpg?ssl=1\"  data-rel=\"lightbox-image-5\" data-rl_title=\"\" data-rl_caption=\"\"><img alt='' class='item skip-lazy' data-class='item' data-ftg-source='https:\/\/i0.wp.com\/jp-pourtal.fr\/wp-content\/uploads\/2018\/06\/2018-04-CARENAC006.jpg?resize=199%2C300&#038;ssl=1' src='https:\/\/i0.wp.com\/jp-pourtal.fr\/wp-content\/uploads\/2018\/06\/2018-04-CARENAC006.jpg?resize=199%2C300&#038;ssl=1' width='199' height='300' data-recalc-dims=\"1\" \/><\/a><div class='ftg-social'><\/div><\/div><div  class='tile ftg-preload  '><a title=\"\" data-lightbox='ftg-1818' rel='ftg-1818'  class=' tile-inner  ftg-lightbox' href=\"https:\/\/i0.wp.com\/jp-pourtal.fr\/wp-content\/uploads\/2018\/06\/2018-04-CARENAC008.jpg?ssl=1\"  data-rel=\"lightbox-image-6\" data-rl_title=\"\" data-rl_caption=\"\"><img alt='' class='item skip-lazy' data-class='item' data-ftg-source='https:\/\/i0.wp.com\/jp-pourtal.fr\/wp-content\/uploads\/2018\/06\/2018-04-CARENAC008.jpg?resize=300%2C198&#038;ssl=1' src='https:\/\/i0.wp.com\/jp-pourtal.fr\/wp-content\/uploads\/2018\/06\/2018-04-CARENAC008.jpg?resize=300%2C198&#038;ssl=1' width='300' height='198' data-recalc-dims=\"1\" \/><\/a><div class='ftg-social'><\/div><\/div><div  class='tile ftg-preload  '><a title=\"\" data-lightbox='ftg-1818' rel='ftg-1818'  class=' tile-inner  ftg-lightbox' href=\"https:\/\/i0.wp.com\/jp-pourtal.fr\/wp-content\/uploads\/2018\/06\/2018-04-CARENAC009.jpg?ssl=1\"  data-rel=\"lightbox-image-7\" data-rl_title=\"\" data-rl_caption=\"\"><img alt='' class='item skip-lazy' data-class='item' data-ftg-source='https:\/\/i0.wp.com\/jp-pourtal.fr\/wp-content\/uploads\/2018\/06\/2018-04-CARENAC009.jpg?resize=300%2C203&#038;ssl=1' src='https:\/\/i0.wp.com\/jp-pourtal.fr\/wp-content\/uploads\/2018\/06\/2018-04-CARENAC009.jpg?resize=300%2C203&#038;ssl=1' width='300' height='203' data-recalc-dims=\"1\" \/><\/a><div class='ftg-social'><\/div><\/div><div  class='tile ftg-preload  '><a title=\"\" data-lightbox='ftg-1818' rel='ftg-1818'  class=' tile-inner  ftg-lightbox' href=\"https:\/\/i0.wp.com\/jp-pourtal.fr\/wp-content\/uploads\/2018\/06\/2018-04-CARENAC010.jpg?ssl=1\"  data-rel=\"lightbox-image-8\" data-rl_title=\"\" data-rl_caption=\"\"><img alt='' class='item skip-lazy' data-class='item' data-ftg-source='https:\/\/i0.wp.com\/jp-pourtal.fr\/wp-content\/uploads\/2018\/06\/2018-04-CARENAC010.jpg?resize=768%2C537&#038;ssl=1' src='https:\/\/i0.wp.com\/jp-pourtal.fr\/wp-content\/uploads\/2018\/06\/2018-04-CARENAC010.jpg?resize=768%2C537&#038;ssl=1' width='768' height='537' data-recalc-dims=\"1\" \/><\/a><div class='ftg-social'><\/div><\/div><div  class='tile ftg-preload  '><a title=\"\" data-lightbox='ftg-1818' rel='ftg-1818'  class=' tile-inner  ftg-lightbox' href=\"https:\/\/i0.wp.com\/jp-pourtal.fr\/wp-content\/uploads\/2018\/06\/2018-04-CARENAC011.jpg?ssl=1\"  data-rel=\"lightbox-image-9\" data-rl_title=\"\" data-rl_caption=\"\"><img alt='' class='item skip-lazy' data-class='item' data-ftg-source='https:\/\/i0.wp.com\/jp-pourtal.fr\/wp-content\/uploads\/2018\/06\/2018-04-CARENAC011.jpg?resize=227%2C300&#038;ssl=1' src='https:\/\/i0.wp.com\/jp-pourtal.fr\/wp-content\/uploads\/2018\/06\/2018-04-CARENAC011.jpg?resize=227%2C300&#038;ssl=1' width='227' height='300' data-recalc-dims=\"1\" \/><\/a><div class='ftg-social'><\/div><\/div><div  class='tile ftg-preload  '><a title=\"\" data-lightbox='ftg-1818' rel='ftg-1818'  class=' tile-inner  ftg-lightbox' href=\"https:\/\/i0.wp.com\/jp-pourtal.fr\/wp-content\/uploads\/2018\/06\/2018-04-CARENAC012.jpg?ssl=1\"  data-rel=\"lightbox-image-10\" data-rl_title=\"\" data-rl_caption=\"\"><img alt='' class='item skip-lazy' data-class='item' data-ftg-source='https:\/\/i0.wp.com\/jp-pourtal.fr\/wp-content\/uploads\/2018\/06\/2018-04-CARENAC012.jpg?resize=300%2C278&#038;ssl=1' src='https:\/\/i0.wp.com\/jp-pourtal.fr\/wp-content\/uploads\/2018\/06\/2018-04-CARENAC012.jpg?resize=300%2C278&#038;ssl=1' width='300' height='278' data-recalc-dims=\"1\" \/><\/a><div class='ftg-social'><\/div><\/div><div  class='tile ftg-preload  '><a title=\"\" data-lightbox='ftg-1818' rel='ftg-1818'  class=' tile-inner  ftg-lightbox' href=\"https:\/\/i0.wp.com\/jp-pourtal.fr\/wp-content\/uploads\/2018\/06\/2018-04-CARENAC013-642x1024.jpg?ssl=1\"  data-rel=\"lightbox-image-11\" data-rl_title=\"\" data-rl_caption=\"\"><img alt='' class='item skip-lazy' data-class='item' data-ftg-source='https:\/\/i0.wp.com\/jp-pourtal.fr\/wp-content\/uploads\/2018\/06\/2018-04-CARENAC013.jpg?resize=188%2C300&#038;ssl=1' src='https:\/\/i0.wp.com\/jp-pourtal.fr\/wp-content\/uploads\/2018\/06\/2018-04-CARENAC013.jpg?resize=188%2C300&#038;ssl=1' width='188' height='300' data-recalc-dims=\"1\" \/><\/a><div class='ftg-social'><\/div><\/div><div  class='tile ftg-preload  '><a title=\"\" data-lightbox='ftg-1818' rel='ftg-1818'  class=' tile-inner  ftg-lightbox' href=\"https:\/\/i0.wp.com\/jp-pourtal.fr\/wp-content\/uploads\/2018\/06\/2018-04-CARENAC014-1024x986.jpg?ssl=1\"  data-rel=\"lightbox-image-12\" data-rl_title=\"\" data-rl_caption=\"\"><img alt='' class='item skip-lazy' data-class='item' data-ftg-source='https:\/\/i0.wp.com\/jp-pourtal.fr\/wp-content\/uploads\/2018\/06\/2018-04-CARENAC014.jpg?resize=300%2C289&#038;ssl=1' src='https:\/\/i0.wp.com\/jp-pourtal.fr\/wp-content\/uploads\/2018\/06\/2018-04-CARENAC014.jpg?resize=300%2C289&#038;ssl=1' width='300' height='289' data-recalc-dims=\"1\" \/><\/a><div class='ftg-social'><\/div><\/div><\/div><\/div><script type='text\/javascript'>jQuery('#ftg-1818 img.item').removeAttr('src');jQuery(document).ready(function () {setTimeout(function () {jQuery('#ftg-1818').finalTilesGallery({minTileWidth: 250,margin: 10,loadMethod: 'sequential',nonce: '5792767992',galleryId: '18',setupFilters: true,layout: 'final',debug: false,gridSize: 25,disableGridSizeBelow:800,allowEnlargement: true,imageSizeFactor: [ [4000, 0.9],[1024, 0.8],[768, 0.7],[640, 0.6],[320, 0.5]],selectedFilter: 'n-a'});jQuery(function () {(function () {var rel = '';jQuery('#ftg-1818 .ftg-lightbox').click(function (e) {rel = jQuery(this).attr('rel');jQuery('#ftg-1818 .ftg-current').removeClass('ftg-current');jQuery('#ftg-1818 [rel=\"'+rel+'\"]').addClass('ftg-current');});})();});}, 0);});<\/script><\/p>\n<div class=\"sharedaddy sd-sharing-enabled\"><div class=\"robots-nocontent sd-block sd-social sd-social-icon sd-sharing\"><h3 class=\"sd-title\">Share this:<\/h3><div class=\"sd-content\"><ul><li class=\"share-facebook\"><a rel=\"nofollow noopener noreferrer\" data-shared=\"sharing-facebook-436\" class=\"share-facebook sd-button share-icon no-text\" href=\"https:\/\/jp-pourtal.fr\/index.php\/les-portfolios\/portfolios\/carenac-2018-04\/?share=facebook\" target=\"_blank\" title=\"Cliquez pour partager sur Facebook\"><span><\/span><span class=\"sharing-screen-reader-text\">Cliquez pour partager sur Facebook(ouvre dans une nouvelle fen\u00eatre)<\/span><\/a><\/li><li class=\"share-linkedin\"><a rel=\"nofollow noopener noreferrer\" data-shared=\"sharing-linkedin-436\" class=\"share-linkedin sd-button share-icon no-text\" href=\"https:\/\/jp-pourtal.fr\/index.php\/les-portfolios\/portfolios\/carenac-2018-04\/?share=linkedin\" target=\"_blank\" title=\"Cliquez pour partager sur LinkedIn\"><span><\/span><span class=\"sharing-screen-reader-text\">Cliquez pour partager sur LinkedIn(ouvre dans une nouvelle fen\u00eatre)<\/span><\/a><\/li><li class=\"share-jetpack-whatsapp\"><a rel=\"nofollow noopener noreferrer\" data-shared=\"\" class=\"share-jetpack-whatsapp sd-button share-icon no-text\" href=\"https:\/\/jp-pourtal.fr\/index.php\/les-portfolios\/portfolios\/carenac-2018-04\/?share=jetpack-whatsapp\" target=\"_blank\" title=\"Cliquez pour partager sur WhatsApp\"><span><\/span><span class=\"sharing-screen-reader-text\">Cliquez pour partager sur WhatsApp(ouvre dans une nouvelle fen\u00eatre)<\/span><\/a><\/li><li class=\"share-twitter\"><a rel=\"nofollow noopener noreferrer\" data-shared=\"sharing-twitter-436\" class=\"share-twitter sd-button share-icon no-text\" href=\"https:\/\/jp-pourtal.fr\/index.php\/les-portfolios\/portfolios\/carenac-2018-04\/?share=twitter\" target=\"_blank\" title=\"Cliquez pour partager sur Twitter\"><span><\/span><span class=\"sharing-screen-reader-text\">Cliquez pour partager sur Twitter(ouvre dans une nouvelle fen\u00eatre)<\/span><\/a><\/li><li class=\"share-end\"><\/li><\/ul><\/div><\/div><\/div>","protected":false},"excerpt":{"rendered":"<p>Retour Lieux Mythiques Le village de Carennac est situ\u00e9 dans le d\u00e9partement du Lot en Occitanie. Reconnu comme l&rsquo;un de ses plus beaux villages, Carennac fut l&rsquo;un dex lieux o\u00f9 le c\u00e9l\u00e8bre Fenelon v\u00e9cut.<\/p>\n<div class=\"sharedaddy sd-sharing-enabled\"><div class=\"robots-nocontent sd-block sd-social sd-social-icon sd-sharing\"><h3 class=\"sd-title\">Share this:<\/h3><div class=\"sd-content\"><ul><li class=\"share-facebook\"><a rel=\"nofollow noopener noreferrer\" data-shared=\"sharing-facebook-436\" class=\"share-facebook sd-button share-icon no-text\" href=\"https:\/\/jp-pourtal.fr\/index.php\/les-portfolios\/portfolios\/carenac-2018-04\/?share=facebook\" target=\"_blank\" title=\"Cliquez pour partager sur Facebook\"><span><\/span><span class=\"sharing-screen-reader-text\">Cliquez pour partager sur Facebook(ouvre dans une nouvelle fen\u00eatre)<\/span><\/a><\/li><li class=\"share-linkedin\"><a rel=\"nofollow noopener noreferrer\" data-shared=\"sharing-linkedin-436\" class=\"share-linkedin sd-button share-icon no-text\" href=\"https:\/\/jp-pourtal.fr\/index.php\/les-portfolios\/portfolios\/carenac-2018-04\/?share=linkedin\" target=\"_blank\" title=\"Cliquez pour partager sur LinkedIn\"><span><\/span><span class=\"sharing-screen-reader-text\">Cliquez pour partager sur LinkedIn(ouvre dans une nouvelle fen\u00eatre)<\/span><\/a><\/li><li class=\"share-jetpack-whatsapp\"><a rel=\"nofollow noopener noreferrer\" data-shared=\"\" class=\"share-jetpack-whatsapp sd-button share-icon no-text\" href=\"https:\/\/jp-pourtal.fr\/index.php\/les-portfolios\/portfolios\/carenac-2018-04\/?share=jetpack-whatsapp\" target=\"_blank\" title=\"Cliquez pour partager sur WhatsApp\"><span><\/span><span class=\"sharing-screen-reader-text\">Cliquez pour partager sur WhatsApp(ouvre dans une nouvelle fen\u00eatre)<\/span><\/a><\/li><li class=\"share-twitter\"><a rel=\"nofollow noopener noreferrer\" data-shared=\"sharing-twitter-436\" class=\"share-twitter sd-button share-icon no-text\" href=\"https:\/\/jp-pourtal.fr\/index.php\/les-portfolios\/portfolios\/carenac-2018-04\/?share=twitter\" target=\"_blank\" title=\"Cliquez pour partager sur Twitter\"><span><\/span><span class=\"sharing-screen-reader-text\">Cliquez pour partager sur Twitter(ouvre dans une nouvelle fen\u00eatre)<\/span><\/a><\/li><li class=\"share-end\"><\/li><\/ul><\/div><\/div><\/div>","protected":false},"author":1,"featured_media":0,"parent":61,"menu_order":0,"comment_status":"open","ping_status":"closed","template":"","meta":{"spay_email":""},"jetpack_sharing_enabled":true,"_links":{"self":[{"href":"https:\/\/jp-pourtal.fr\/index.php\/wp-json\/wp\/v2\/pages\/436"}],"collection":[{"href":"https:\/\/jp-pourtal.fr\/index.php\/wp-json\/wp\/v2\/pages"}],"about":[{"href":"https:\/\/jp-pourtal.fr\/index.php\/wp-json\/wp\/v2\/types\/page"}],"author":[{"embeddable":true,"href":"https:\/\/jp-pourtal.fr\/index.php\/wp-json\/wp\/v2\/users\/1"}],"replies":[{"embeddable":true,"href":"https:\/\/jp-pourtal.fr\/index.php\/wp-json\/wp\/v2\/comments?post=436"}],"version-history":[{"count":6,"href":"https:\/\/jp-pourtal.fr\/index.php\/wp-json\/wp\/v2\/pages\/436\/revisions"}],"predecessor-version":[{"id":818,"href":"https:\/\/jp-pourtal.fr\/index.php\/wp-json\/wp\/v2\/pages\/436\/revisions\/818"}],"up":[{"embeddable":true,"href":"https:\/\/jp-pourtal.fr\/index.php\/wp-json\/wp\/v2\/pages\/61"}],"wp:attachment":[{"href":"https:\/\/jp-pourtal.fr\/index.php\/wp-json\/wp\/v2\/media?parent=436"}],"curies":[{"name":"wp","href":"https:\/\/api.w.org\/{rel}","templated":true}]}}