{"id":328,"date":"2018-06-05T17:59:07","date_gmt":"2018-06-05T15:59:07","guid":{"rendered":"http:\/\/jp-pourtal.fr\/?page_id=328"},"modified":"2019-08-11T09:30:59","modified_gmt":"2019-08-11T07:30:59","slug":"mont-saint-michel-2016","status":"publish","type":"page","link":"https:\/\/jp-pourtal.fr\/index.php\/les-portfolios\/portfolios\/mont-saint-michel-2016\/","title":{"rendered":"Mont-Saint-Michel &#8211; 2016"},"content":{"rendered":"<p><a href=\"http:\/\/jp-pourtal.fr\/index.php\/portfolios\/\">Retour Lieux Mythiques<\/a><\/p>\n<p>Le myst\u00e8re et la majest\u00e9 du Mont-Saint-Michel<br \/>\nC&rsquo;est ainsi que je le d\u00e9couvris pos\u00e9 dans cette atmosph\u00e8re \u00e9nigmatique et&nbsp; propice aux r\u00eaves . Je m&rsquo;attendais \u00e0 voir surgir un chevalier de la Table Ronde, voir m\u00eame le Roi Arthur en personne ; mais rien.<br \/>\nJe remis mon moteur en marche laissant le Mont \u00e0 ses myst\u00e8res&#8230;<\/p>\n<p style=\"text-align: center;\"><!-- Final Tiles Grid Gallery for WordPress v3.5.6 free --><style>#ftg-1111 .tile .icon { color:#ffffff; }#ftg-1111 .ftg-items .loading-bar i { background:#666; }#ftg-1111 .ftg-items .loading-bar { background:#fff; }#ftg-1111 .tile .icon { font-size:12px; }#ftg-1111 .tile .icon { margin: -6px 0 0 -6px; }#ftg-1111 .tile .caption-block .text-wrapper span.text { font-size:12px; }#ftg-1111 .tile .caption-outside .text-wrapper span.text { font-size:12px; }#ftg-1111 .tile .caption-block .text-wrapper span.title { font-size:14px; }#ftg-1111 .tile .caption-outside .text-wrapper span.title { font-size:14px; }#ftg-1111 .tile { background-color: transparent; }#ftg-1111 .tile .caption-block .text-wrapper span.text { color: #ffffff; }#ftg-1111 .tile .caption-block .text-wrapper span.title { color: #ffffff; }#ftg-1111 .tile .caption-outside .text-wrapper span.text { color: #ffffff; }#ftg-1111 .tile .caption-outside .text-wrapper span.title { color: #ffffff; }#ftg-1111 .tile .ftg-social a { color: #ffffff; }#ftg-1111 .tile .caption-block { transition-duration:0.25s; }#ftg-1111 .tile .tile-inner:before { background-color: #000000; }#ftg-1111 .tile .tile-inner:before { background-color: rgba(0, 0, 0, 0.8); }#ftg-1111 .tile:hover img {-moz-transform: ;-webkit-transform: ;-o-transform: ;-ms-transform: ;transform: ;}<\/style><a name='11'><\/a><div class='final-tiles-gallery  ftg-hover-enabled caption-inside  caption-none caption-middle caption-center' id='ftg-1111' style='width:100%'><div class='ftg-items'><div class='loading-bar'><i><\/i><\/div><div  class='tile ftg-preload  '><a title=\"\" data-lightbox='ftg-1111' rel='ftg-1111'  class=' tile-inner  ftg-lightbox' href=\"https:\/\/i0.wp.com\/jp-pourtal.fr\/wp-content\/uploads\/2018\/06\/2016-06-MSM01-1024x680.jpg?ssl=1\"  data-rel=\"lightbox-image-0\" data-rl_title=\"\" data-rl_caption=\"\"><img alt='2016-06-MSM01' class='item skip-lazy' data-class='item' data-ftg-source='https:\/\/i0.wp.com\/jp-pourtal.fr\/wp-content\/uploads\/2018\/06\/2016-06-MSM01.jpg?resize=300%2C199&#038;ssl=1' src='https:\/\/i0.wp.com\/jp-pourtal.fr\/wp-content\/uploads\/2018\/06\/2016-06-MSM01.jpg?resize=300%2C199&#038;ssl=1' width='300' height='199' data-recalc-dims=\"1\" \/><div class='caption-block'><div class='text-wrapper'><span class='title'>2016-06-MSM01<\/span><\/div><\/div><\/a><div class='ftg-social'><\/div><\/div><div  class='tile ftg-preload  '><a title=\"\" data-lightbox='ftg-1111' rel='ftg-1111'  class=' tile-inner  ftg-lightbox' href=\"https:\/\/i0.wp.com\/jp-pourtal.fr\/wp-content\/uploads\/2018\/06\/2016-06-MSM05-1024x680.jpg?ssl=1\"  data-rel=\"lightbox-image-1\" data-rl_title=\"\" data-rl_caption=\"\"><img alt='2016-06-MSM05' class='item skip-lazy' data-class='item' data-ftg-source='https:\/\/i0.wp.com\/jp-pourtal.fr\/wp-content\/uploads\/2018\/06\/2016-06-MSM05-300x199.jpg?resize=840%2C558' src='https:\/\/i0.wp.com\/jp-pourtal.fr\/wp-content\/uploads\/2018\/06\/2016-06-MSM05-300x199.jpg?resize=840%2C558' width='840' height='558' data-recalc-dims=\"1\" \/><div class='caption-block'><div class='text-wrapper'><span class='title'>2016-06-MSM05<\/span><\/div><\/div><\/a><div class='ftg-social'><\/div><\/div><div  class='tile ftg-preload  '><a title=\"\" data-lightbox='ftg-1111' rel='ftg-1111'  class=' tile-inner  ftg-lightbox' href=\"https:\/\/i0.wp.com\/jp-pourtal.fr\/wp-content\/uploads\/2018\/06\/2016-06-MSM04-1024x680.jpg?ssl=1\"  data-rel=\"lightbox-image-2\" data-rl_title=\"\" data-rl_caption=\"\"><img alt='2016-06-MSM04' class='item skip-lazy' data-class='item' data-ftg-source='https:\/\/i0.wp.com\/jp-pourtal.fr\/wp-content\/uploads\/2018\/06\/2016-06-MSM04-300x199.jpg?resize=840%2C558' src='https:\/\/i0.wp.com\/jp-pourtal.fr\/wp-content\/uploads\/2018\/06\/2016-06-MSM04-300x199.jpg?resize=840%2C558' width='840' height='558' data-recalc-dims=\"1\" \/><div class='caption-block'><div class='text-wrapper'><span class='title'>2016-06-MSM04<\/span><\/div><\/div><\/a><div class='ftg-social'><\/div><\/div><div  class='tile ftg-preload  '><a title=\"\" data-lightbox='ftg-1111' rel='ftg-1111'  class=' tile-inner  ftg-lightbox' href=\"https:\/\/i0.wp.com\/jp-pourtal.fr\/wp-content\/uploads\/2018\/06\/2016-06-MSM03-1024x680.jpg?ssl=1\"  data-rel=\"lightbox-image-3\" data-rl_title=\"\" data-rl_caption=\"\"><img alt='2016-06-MSM03' class='item skip-lazy' data-class='item' data-ftg-source='https:\/\/i0.wp.com\/jp-pourtal.fr\/wp-content\/uploads\/2018\/06\/2016-06-MSM03-300x199.jpg?resize=840%2C558' src='https:\/\/i0.wp.com\/jp-pourtal.fr\/wp-content\/uploads\/2018\/06\/2016-06-MSM03-300x199.jpg?resize=840%2C558' width='840' height='558' data-recalc-dims=\"1\" \/><div class='caption-block'><div class='text-wrapper'><span class='title'>2016-06-MSM03<\/span><\/div><\/div><\/a><div class='ftg-social'><\/div><\/div><div  class='tile ftg-preload  '><a title=\"\" data-lightbox='ftg-1111' rel='ftg-1111'  class=' tile-inner  ftg-lightbox' href=\"https:\/\/i0.wp.com\/jp-pourtal.fr\/wp-content\/uploads\/2018\/06\/2016-06-MSM02-680x1024.jpg?ssl=1\"  data-rel=\"lightbox-image-4\" data-rl_title=\"\" data-rl_caption=\"\"><img alt='2016-06-MSM02' class='item skip-lazy' data-class='item' data-ftg-source='https:\/\/i0.wp.com\/jp-pourtal.fr\/wp-content\/uploads\/2018\/06\/2016-06-MSM02-199x300.jpg?resize=840%2C1264' src='https:\/\/i0.wp.com\/jp-pourtal.fr\/wp-content\/uploads\/2018\/06\/2016-06-MSM02-199x300.jpg?resize=840%2C1264' width='840' height='1264' data-recalc-dims=\"1\" \/><div class='caption-block'><div class='text-wrapper'><span class='title'>2016-06-MSM02<\/span><\/div><\/div><\/a><div class='ftg-social'><\/div><\/div><\/div><\/div><script type='text\/javascript'>jQuery('#ftg-1111 img.item').removeAttr('src');jQuery(document).ready(function () {setTimeout(function () {jQuery('#ftg-1111').finalTilesGallery({minTileWidth: 250,margin: 10,loadMethod: 'sequential',nonce: '4d28988221',galleryId: '11',setupFilters: true,layout: 'final',debug: false,gridSize: 25,disableGridSizeBelow:800,allowEnlargement: true,imageSizeFactor: [ [4000, 0.9],[1024, 0.8],[768, 0.7],[640, 0.6],[320, 0.5]],selectedFilter: 'n-a'});jQuery(function () {(function () {var rel = '';jQuery('#ftg-1111 .ftg-lightbox').click(function (e) {rel = jQuery(this).attr('rel');jQuery('#ftg-1111 .ftg-current').removeClass('ftg-current');jQuery('#ftg-1111 [rel=\"'+rel+'\"]').addClass('ftg-current');});})();});}, 0);});<\/script><\/p>\n<div class=\"sharedaddy sd-sharing-enabled\"><div class=\"robots-nocontent sd-block sd-social sd-social-icon sd-sharing\"><h3 class=\"sd-title\">Share this:<\/h3><div class=\"sd-content\"><ul><li class=\"share-facebook\"><a rel=\"nofollow noopener noreferrer\" data-shared=\"sharing-facebook-328\" class=\"share-facebook sd-button share-icon no-text\" href=\"https:\/\/jp-pourtal.fr\/index.php\/les-portfolios\/portfolios\/mont-saint-michel-2016\/?share=facebook\" target=\"_blank\" title=\"Cliquez pour partager sur Facebook\"><span><\/span><span class=\"sharing-screen-reader-text\">Cliquez pour partager sur Facebook(ouvre dans une nouvelle fen\u00eatre)<\/span><\/a><\/li><li class=\"share-linkedin\"><a rel=\"nofollow noopener noreferrer\" data-shared=\"sharing-linkedin-328\" class=\"share-linkedin sd-button share-icon no-text\" href=\"https:\/\/jp-pourtal.fr\/index.php\/les-portfolios\/portfolios\/mont-saint-michel-2016\/?share=linkedin\" target=\"_blank\" title=\"Cliquez pour partager sur LinkedIn\"><span><\/span><span class=\"sharing-screen-reader-text\">Cliquez pour partager sur LinkedIn(ouvre dans une nouvelle fen\u00eatre)<\/span><\/a><\/li><li class=\"share-jetpack-whatsapp\"><a rel=\"nofollow noopener noreferrer\" data-shared=\"\" class=\"share-jetpack-whatsapp sd-button share-icon no-text\" href=\"https:\/\/jp-pourtal.fr\/index.php\/les-portfolios\/portfolios\/mont-saint-michel-2016\/?share=jetpack-whatsapp\" target=\"_blank\" title=\"Cliquez pour partager sur WhatsApp\"><span><\/span><span class=\"sharing-screen-reader-text\">Cliquez pour partager sur WhatsApp(ouvre dans une nouvelle fen\u00eatre)<\/span><\/a><\/li><li class=\"share-twitter\"><a rel=\"nofollow noopener noreferrer\" data-shared=\"sharing-twitter-328\" class=\"share-twitter sd-button share-icon no-text\" href=\"https:\/\/jp-pourtal.fr\/index.php\/les-portfolios\/portfolios\/mont-saint-michel-2016\/?share=twitter\" target=\"_blank\" title=\"Cliquez pour partager sur Twitter\"><span><\/span><span class=\"sharing-screen-reader-text\">Cliquez pour partager sur Twitter(ouvre dans une nouvelle fen\u00eatre)<\/span><\/a><\/li><li class=\"share-end\"><\/li><\/ul><\/div><\/div><\/div>","protected":false},"excerpt":{"rendered":"<p>Retour Lieux Mythiques Le myst\u00e8re et la majest\u00e9 du Mont-Saint-Michel C&rsquo;est ainsi que je le d\u00e9couvris pos\u00e9 dans cette atmosph\u00e8re \u00e9nigmatique et&nbsp; propice aux r\u00eaves . Je m&rsquo;attendais \u00e0 voir surgir un chevalier de la Table Ronde, voir m\u00eame le Roi Arthur en personne ; mais rien. Je remis mon moteur en marche laissant le &hellip; <a href=\"https:\/\/jp-pourtal.fr\/index.php\/les-portfolios\/portfolios\/mont-saint-michel-2016\/\" class=\"more-link\">Continuer la lecture<span class=\"screen-reader-text\"> de &laquo;&nbsp;Mont-Saint-Michel &#8211; 2016&nbsp;&raquo;<\/span><\/a><\/p>\n<div class=\"sharedaddy sd-sharing-enabled\"><div class=\"robots-nocontent sd-block sd-social sd-social-icon sd-sharing\"><h3 class=\"sd-title\">Share this:<\/h3><div class=\"sd-content\"><ul><li class=\"share-facebook\"><a rel=\"nofollow noopener noreferrer\" data-shared=\"sharing-facebook-328\" class=\"share-facebook sd-button share-icon no-text\" href=\"https:\/\/jp-pourtal.fr\/index.php\/les-portfolios\/portfolios\/mont-saint-michel-2016\/?share=facebook\" target=\"_blank\" title=\"Cliquez pour partager sur Facebook\"><span><\/span><span class=\"sharing-screen-reader-text\">Cliquez pour partager sur Facebook(ouvre dans une nouvelle fen\u00eatre)<\/span><\/a><\/li><li class=\"share-linkedin\"><a rel=\"nofollow noopener noreferrer\" data-shared=\"sharing-linkedin-328\" class=\"share-linkedin sd-button share-icon no-text\" href=\"https:\/\/jp-pourtal.fr\/index.php\/les-portfolios\/portfolios\/mont-saint-michel-2016\/?share=linkedin\" target=\"_blank\" title=\"Cliquez pour partager sur LinkedIn\"><span><\/span><span class=\"sharing-screen-reader-text\">Cliquez pour partager sur LinkedIn(ouvre dans une nouvelle fen\u00eatre)<\/span><\/a><\/li><li class=\"share-jetpack-whatsapp\"><a rel=\"nofollow noopener noreferrer\" data-shared=\"\" class=\"share-jetpack-whatsapp sd-button share-icon no-text\" href=\"https:\/\/jp-pourtal.fr\/index.php\/les-portfolios\/portfolios\/mont-saint-michel-2016\/?share=jetpack-whatsapp\" target=\"_blank\" title=\"Cliquez pour partager sur WhatsApp\"><span><\/span><span class=\"sharing-screen-reader-text\">Cliquez pour partager sur WhatsApp(ouvre dans une nouvelle fen\u00eatre)<\/span><\/a><\/li><li class=\"share-twitter\"><a rel=\"nofollow noopener noreferrer\" data-shared=\"sharing-twitter-328\" class=\"share-twitter sd-button share-icon no-text\" href=\"https:\/\/jp-pourtal.fr\/index.php\/les-portfolios\/portfolios\/mont-saint-michel-2016\/?share=twitter\" target=\"_blank\" title=\"Cliquez pour partager sur Twitter\"><span><\/span><span class=\"sharing-screen-reader-text\">Cliquez pour partager sur Twitter(ouvre dans une nouvelle fen\u00eatre)<\/span><\/a><\/li><li class=\"share-end\"><\/li><\/ul><\/div><\/div><\/div>","protected":false},"author":1,"featured_media":0,"parent":61,"menu_order":0,"comment_status":"open","ping_status":"closed","template":"","meta":{"spay_email":""},"jetpack_sharing_enabled":true,"_links":{"self":[{"href":"https:\/\/jp-pourtal.fr\/index.php\/wp-json\/wp\/v2\/pages\/328"}],"collection":[{"href":"https:\/\/jp-pourtal.fr\/index.php\/wp-json\/wp\/v2\/pages"}],"about":[{"href":"https:\/\/jp-pourtal.fr\/index.php\/wp-json\/wp\/v2\/types\/page"}],"author":[{"embeddable":true,"href":"https:\/\/jp-pourtal.fr\/index.php\/wp-json\/wp\/v2\/users\/1"}],"replies":[{"embeddable":true,"href":"https:\/\/jp-pourtal.fr\/index.php\/wp-json\/wp\/v2\/comments?post=328"}],"version-history":[{"count":3,"href":"https:\/\/jp-pourtal.fr\/index.php\/wp-json\/wp\/v2\/pages\/328\/revisions"}],"predecessor-version":[{"id":828,"href":"https:\/\/jp-pourtal.fr\/index.php\/wp-json\/wp\/v2\/pages\/328\/revisions\/828"}],"up":[{"embeddable":true,"href":"https:\/\/jp-pourtal.fr\/index.php\/wp-json\/wp\/v2\/pages\/61"}],"wp:attachment":[{"href":"https:\/\/jp-pourtal.fr\/index.php\/wp-json\/wp\/v2\/media?parent=328"}],"curies":[{"name":"wp","href":"https:\/\/api.w.org\/{rel}","templated":true}]}}