{"id":285,"date":"2018-06-05T11:14:23","date_gmt":"2018-06-05T09:14:23","guid":{"rendered":"http:\/\/jp-pourtal.fr\/?page_id=285"},"modified":"2019-08-11T09:28:11","modified_gmt":"2019-08-11T07:28:11","slug":"rocamadour-2016","status":"publish","type":"page","link":"https:\/\/jp-pourtal.fr\/index.php\/les-portfolios\/portfolios\/rocamadour-2016\/","title":{"rendered":"Rocamadour &#8211; 2016"},"content":{"rendered":"<p><a href=\"http:\/\/jp-pourtal.fr\/index.php\/portfolios\/\">Retour Lieux Mythiques<\/a><\/p>\n<p>L&rsquo;un des plus beaux lieux du Quercy est Rocamadour. Village accroch\u00e9 \u00e0 la falaise qui domine l&rsquo;Alzou, cette petite rivi\u00e8re qui au fil des millions d&rsquo;ann\u00e9e creusa le canyon, il semble flotter entre ciel et terre.<br \/>\nLieu Saint par excellence, Rocamadour a vu d\u00e9filer au fil des si\u00e8cles des milliers de p\u00e8lerins.<br \/>\nVillage cher \u00e0 mon c\u0153ur de Quercynois, je suis heureux de vous en pr\u00e9senter quelques photographies qui me touchent particuli\u00e8rement.<\/p>\n<p style=\"text-align: center;\"><!-- Final Tiles Grid Gallery for WordPress v3.5.6 free --><style>#ftg-77 .tile .icon { color:#ffffff; }#ftg-77 .ftg-items .loading-bar i { background:#666; }#ftg-77 .ftg-items .loading-bar { background:#fff; }#ftg-77 .tile .icon { font-size:12px; }#ftg-77 .tile .icon { margin: -6px 0 0 -6px; }#ftg-77 .tile .caption-block .text-wrapper span.text { font-size:12px; }#ftg-77 .tile .caption-outside .text-wrapper span.text { font-size:12px; }#ftg-77 .tile .caption-block .text-wrapper span.title { font-size:14px; }#ftg-77 .tile .caption-outside .text-wrapper span.title { font-size:14px; }#ftg-77 .tile { background-color: transparent; }#ftg-77 .tile .caption-block .text-wrapper span.text { color: #ffffff; }#ftg-77 .tile .caption-block .text-wrapper span.title { color: #ffffff; }#ftg-77 .tile .caption-outside .text-wrapper span.text { color: #ffffff; }#ftg-77 .tile .caption-outside .text-wrapper span.title { color: #ffffff; }#ftg-77 .tile .ftg-social a { color: #ffffff; }#ftg-77 .tile .caption-block { transition-timing-function:ease; }#ftg-77 .tile .caption-block { transition-duration:0.25s; }#ftg-77 .tile .tile-inner:before { background-color: #000000; }#ftg-77 .tile .tile-inner:before { background-color: rgba(0, 0, 0, 0.8); }#ftg-77 .tile:hover img {-moz-transform: ;-webkit-transform: ;-o-transform: ;-ms-transform: ;transform: ;}<\/style><a name='7'><\/a><div class='final-tiles-gallery  ftg-hover-enabled caption-inside  caption-none caption-middle caption-center' id='ftg-77' style='width:100%'><div class='ftg-items'><div class='loading-bar'><i><\/i><\/div><div  class='tile ftg-preload  '><a title=\"\" data-lightbox='ftg-77' rel='ftg-77'  class=' tile-inner  ftg-lightbox' href=\"https:\/\/i0.wp.com\/jp-pourtal.fr\/wp-content\/uploads\/2018\/06\/201604-Quercy10-1024x680.jpg?ssl=1\"  data-rel=\"lightbox-image-0\" data-rl_title=\"\" data-rl_caption=\"\"><img alt='201604-Quercy10' class='item skip-lazy' data-class='item' data-ftg-source='https:\/\/i0.wp.com\/jp-pourtal.fr\/wp-content\/uploads\/2018\/06\/201604-Quercy10.jpg?resize=300%2C199&#038;ssl=1' src='https:\/\/i0.wp.com\/jp-pourtal.fr\/wp-content\/uploads\/2018\/06\/201604-Quercy10.jpg?resize=300%2C199&#038;ssl=1' width='300' height='199' data-recalc-dims=\"1\" \/><div class='caption-block'><div class='text-wrapper'><span class='title'>201604-Quercy10<\/span><\/div><\/div><\/a><div class='ftg-social'><\/div><\/div><div  class='tile ftg-preload  '><a title=\"\" data-lightbox='ftg-77' rel='ftg-77'  class=' tile-inner  ftg-lightbox' href=\"https:\/\/i0.wp.com\/jp-pourtal.fr\/wp-content\/uploads\/2018\/06\/201604-Quercy09-680x1024.jpg?ssl=1\"  data-rel=\"lightbox-image-1\" data-rl_title=\"\" data-rl_caption=\"\"><img alt='201604-Quercy09' class='item skip-lazy' data-class='item' data-ftg-source='https:\/\/i0.wp.com\/jp-pourtal.fr\/wp-content\/uploads\/2018\/06\/201604-Quercy09.jpg?resize=199%2C300&#038;ssl=1' src='https:\/\/i0.wp.com\/jp-pourtal.fr\/wp-content\/uploads\/2018\/06\/201604-Quercy09.jpg?resize=199%2C300&#038;ssl=1' width='199' height='300' data-recalc-dims=\"1\" \/><div class='caption-block'><div class='text-wrapper'><span class='title'>201604-Quercy09<\/span><\/div><\/div><\/a><div class='ftg-social'><\/div><\/div><div  class='tile ftg-preload  '><a title=\"\" data-lightbox='ftg-77' rel='ftg-77'  class=' tile-inner  ftg-lightbox' href=\"https:\/\/i0.wp.com\/jp-pourtal.fr\/wp-content\/uploads\/2018\/06\/201604-Quercy21-1024x680.jpg?ssl=1\"  data-rel=\"lightbox-image-2\" data-rl_title=\"\" data-rl_caption=\"\"><img alt='201604-Quercy21' class='item skip-lazy' data-class='item' data-ftg-source='https:\/\/i0.wp.com\/jp-pourtal.fr\/wp-content\/uploads\/2018\/06\/201604-Quercy21.jpg?resize=150%2C150&#038;ssl=1' src='https:\/\/i0.wp.com\/jp-pourtal.fr\/wp-content\/uploads\/2018\/06\/201604-Quercy21.jpg?resize=150%2C150&#038;ssl=1' width='150' height='150' data-recalc-dims=\"1\" \/><div class='caption-block'><div class='text-wrapper'><span class='title'>201604-Quercy21<\/span><\/div><\/div><\/a><div class='ftg-social'><\/div><\/div><div  class='tile ftg-preload  '><a title=\"\" data-lightbox='ftg-77' rel='ftg-77'  class=' tile-inner  ftg-lightbox' href=\"https:\/\/i0.wp.com\/jp-pourtal.fr\/wp-content\/uploads\/2018\/06\/201604-Quercy20-680x1024.jpg?ssl=1\"  data-rel=\"lightbox-image-3\" data-rl_title=\"\" data-rl_caption=\"\"><img alt='201604-Quercy20' class='item skip-lazy' data-class='item' data-ftg-source='https:\/\/i0.wp.com\/jp-pourtal.fr\/wp-content\/uploads\/2018\/06\/201604-Quercy20.jpg?resize=199%2C300&#038;ssl=1' src='https:\/\/i0.wp.com\/jp-pourtal.fr\/wp-content\/uploads\/2018\/06\/201604-Quercy20.jpg?resize=199%2C300&#038;ssl=1' width='199' height='300' data-recalc-dims=\"1\" \/><div class='caption-block'><div class='text-wrapper'><span class='title'>201604-Quercy20<\/span><\/div><\/div><\/a><div class='ftg-social'><\/div><\/div><div  class='tile ftg-preload  '><a title=\"\" data-lightbox='ftg-77' rel='ftg-77'  class=' tile-inner  ftg-lightbox' href=\"https:\/\/i0.wp.com\/jp-pourtal.fr\/wp-content\/uploads\/2018\/06\/201604-Quercy19-1024x680.jpg?ssl=1\"  data-rel=\"lightbox-image-4\" data-rl_title=\"\" data-rl_caption=\"\"><img alt='201604-Quercy19' class='item skip-lazy' data-class='item' data-ftg-source='https:\/\/i0.wp.com\/jp-pourtal.fr\/wp-content\/uploads\/2018\/06\/201604-Quercy19.jpg?resize=300%2C199&#038;ssl=1' src='https:\/\/i0.wp.com\/jp-pourtal.fr\/wp-content\/uploads\/2018\/06\/201604-Quercy19.jpg?resize=300%2C199&#038;ssl=1' width='300' height='199' data-recalc-dims=\"1\" \/><div class='caption-block'><div class='text-wrapper'><span class='title'>201604-Quercy19<\/span><\/div><\/div><\/a><div class='ftg-social'><\/div><\/div><div  class='tile ftg-preload  '><a title=\"\" data-lightbox='ftg-77' rel='ftg-77'  class=' tile-inner  ftg-lightbox' href=\"https:\/\/i0.wp.com\/jp-pourtal.fr\/wp-content\/uploads\/2018\/06\/201604-Quercy17-680x1024.jpg?ssl=1\"  data-rel=\"lightbox-image-5\" data-rl_title=\"\" data-rl_caption=\"\"><img alt='201604-Quercy17' class='item skip-lazy' data-class='item' data-ftg-source='https:\/\/i0.wp.com\/jp-pourtal.fr\/wp-content\/uploads\/2018\/06\/201604-Quercy17.jpg?resize=150%2C150&#038;ssl=1' src='https:\/\/i0.wp.com\/jp-pourtal.fr\/wp-content\/uploads\/2018\/06\/201604-Quercy17.jpg?resize=150%2C150&#038;ssl=1' width='150' height='150' data-recalc-dims=\"1\" \/><div class='caption-block'><div class='text-wrapper'><span class='title'>201604-Quercy17<\/span><\/div><\/div><\/a><div class='ftg-social'><\/div><\/div><div  class='tile ftg-preload  '><a title=\"\" data-lightbox='ftg-77' rel='ftg-77'  class=' tile-inner  ftg-lightbox' href=\"https:\/\/i0.wp.com\/jp-pourtal.fr\/wp-content\/uploads\/2018\/06\/201604-Quercy14-680x1024.jpg?ssl=1\"  data-rel=\"lightbox-image-6\" data-rl_title=\"\" data-rl_caption=\"\"><img alt='201604-Quercy14' class='item skip-lazy' data-class='item' data-ftg-source='https:\/\/i0.wp.com\/jp-pourtal.fr\/wp-content\/uploads\/2018\/06\/201604-Quercy14.jpg?resize=680%2C1024&#038;ssl=1' src='https:\/\/i0.wp.com\/jp-pourtal.fr\/wp-content\/uploads\/2018\/06\/201604-Quercy14.jpg?resize=680%2C1024&#038;ssl=1' width='680' height='1024' data-recalc-dims=\"1\" \/><div class='caption-block'><div class='text-wrapper'><span class='title'>201604-Quercy14<\/span><\/div><\/div><\/a><div class='ftg-social'><\/div><\/div><div  class='tile ftg-preload  '><a title=\"\" data-lightbox='ftg-77' rel='ftg-77'  class=' tile-inner  ftg-lightbox' href=\"https:\/\/i0.wp.com\/jp-pourtal.fr\/wp-content\/uploads\/2018\/06\/201604-Quercy12-1024x680.jpg?ssl=1\"  data-rel=\"lightbox-image-7\" data-rl_title=\"\" data-rl_caption=\"\"><img alt='201604-Quercy12' class='item skip-lazy' data-class='item' data-ftg-source='https:\/\/i0.wp.com\/jp-pourtal.fr\/wp-content\/uploads\/2018\/06\/201604-Quercy12.jpg?resize=300%2C199&#038;ssl=1' src='https:\/\/i0.wp.com\/jp-pourtal.fr\/wp-content\/uploads\/2018\/06\/201604-Quercy12.jpg?resize=300%2C199&#038;ssl=1' width='300' height='199' data-recalc-dims=\"1\" \/><div class='caption-block'><div class='text-wrapper'><span class='title'>201604-Quercy12<\/span><\/div><\/div><\/a><div class='ftg-social'><\/div><\/div><div  class='tile ftg-preload  '><a title=\"\" data-lightbox='ftg-77' rel='ftg-77'  class=' tile-inner  ftg-lightbox' href=\"https:\/\/i0.wp.com\/jp-pourtal.fr\/wp-content\/uploads\/2018\/06\/VNROCA-1024x692.jpg?ssl=1\"  data-rel=\"lightbox-image-8\" data-rl_title=\"\" data-rl_caption=\"\"><img alt='VNROCA' class='item skip-lazy' data-class='item' data-ftg-source='https:\/\/i0.wp.com\/jp-pourtal.fr\/wp-content\/uploads\/2018\/06\/VNROCA.jpg?resize=300%2C203&#038;ssl=1' src='https:\/\/i0.wp.com\/jp-pourtal.fr\/wp-content\/uploads\/2018\/06\/VNROCA.jpg?resize=300%2C203&#038;ssl=1' width='300' height='203' data-recalc-dims=\"1\" \/><div class='caption-block'><div class='text-wrapper'><span class='title'>VNROCA<\/span><\/div><\/div><\/a><div class='ftg-social'><\/div><\/div><\/div><\/div><script type='text\/javascript'>jQuery('#ftg-77 img.item').removeAttr('src');jQuery(document).ready(function () {setTimeout(function () {jQuery('#ftg-77').finalTilesGallery({minTileWidth: 250,margin: 10,loadMethod: 'sequential',nonce: '5792767992',galleryId: '7',setupFilters: true,layout: 'final',debug: false,gridSize: 25,disableGridSizeBelow:800,allowEnlargement: true,imageSizeFactor: [ [4000, 0.9],[1024, 0.8],[768, 0.7],[640, 0.6],[320, 0.5]],selectedFilter: 'n-a'});jQuery(function () {(function () {var rel = '';jQuery('#ftg-77 .ftg-lightbox').click(function (e) {rel = jQuery(this).attr('rel');jQuery('#ftg-77 .ftg-current').removeClass('ftg-current');jQuery('#ftg-77 [rel=\"'+rel+'\"]').addClass('ftg-current');});})();});}, 0);});<\/script><\/p>\n<p>&nbsp;<\/p>\n<div class=\"sharedaddy sd-sharing-enabled\"><div class=\"robots-nocontent sd-block sd-social sd-social-icon sd-sharing\"><h3 class=\"sd-title\">Share this:<\/h3><div class=\"sd-content\"><ul><li class=\"share-facebook\"><a rel=\"nofollow noopener noreferrer\" data-shared=\"sharing-facebook-285\" class=\"share-facebook sd-button share-icon no-text\" href=\"https:\/\/jp-pourtal.fr\/index.php\/les-portfolios\/portfolios\/rocamadour-2016\/?share=facebook\" target=\"_blank\" title=\"Cliquez pour partager sur Facebook\"><span><\/span><span class=\"sharing-screen-reader-text\">Cliquez pour partager sur Facebook(ouvre dans une nouvelle fen\u00eatre)<\/span><\/a><\/li><li class=\"share-linkedin\"><a rel=\"nofollow noopener noreferrer\" data-shared=\"sharing-linkedin-285\" class=\"share-linkedin sd-button share-icon no-text\" href=\"https:\/\/jp-pourtal.fr\/index.php\/les-portfolios\/portfolios\/rocamadour-2016\/?share=linkedin\" target=\"_blank\" title=\"Cliquez pour partager sur LinkedIn\"><span><\/span><span class=\"sharing-screen-reader-text\">Cliquez pour partager sur LinkedIn(ouvre dans une nouvelle fen\u00eatre)<\/span><\/a><\/li><li class=\"share-jetpack-whatsapp\"><a rel=\"nofollow noopener noreferrer\" data-shared=\"\" class=\"share-jetpack-whatsapp sd-button share-icon no-text\" href=\"https:\/\/jp-pourtal.fr\/index.php\/les-portfolios\/portfolios\/rocamadour-2016\/?share=jetpack-whatsapp\" target=\"_blank\" title=\"Cliquez pour partager sur WhatsApp\"><span><\/span><span class=\"sharing-screen-reader-text\">Cliquez pour partager sur WhatsApp(ouvre dans une nouvelle fen\u00eatre)<\/span><\/a><\/li><li class=\"share-twitter\"><a rel=\"nofollow noopener noreferrer\" data-shared=\"sharing-twitter-285\" class=\"share-twitter sd-button share-icon no-text\" href=\"https:\/\/jp-pourtal.fr\/index.php\/les-portfolios\/portfolios\/rocamadour-2016\/?share=twitter\" target=\"_blank\" title=\"Cliquez pour partager sur Twitter\"><span><\/span><span class=\"sharing-screen-reader-text\">Cliquez pour partager sur Twitter(ouvre dans une nouvelle fen\u00eatre)<\/span><\/a><\/li><li class=\"share-end\"><\/li><\/ul><\/div><\/div><\/div>","protected":false},"excerpt":{"rendered":"<p>Retour Lieux Mythiques L&rsquo;un des plus beaux lieux du Quercy est Rocamadour. Village accroch\u00e9 \u00e0 la falaise qui domine l&rsquo;Alzou, cette petite rivi\u00e8re qui au fil des millions d&rsquo;ann\u00e9e creusa le canyon, il semble flotter entre ciel et terre. Lieu Saint par excellence, Rocamadour a vu d\u00e9filer au fil des si\u00e8cles des milliers de p\u00e8lerins. &hellip; <a href=\"https:\/\/jp-pourtal.fr\/index.php\/les-portfolios\/portfolios\/rocamadour-2016\/\" class=\"more-link\">Continuer la lecture<span class=\"screen-reader-text\"> de &laquo;&nbsp;Rocamadour &#8211; 2016&nbsp;&raquo;<\/span><\/a><\/p>\n<div class=\"sharedaddy sd-sharing-enabled\"><div class=\"robots-nocontent sd-block sd-social sd-social-icon sd-sharing\"><h3 class=\"sd-title\">Share this:<\/h3><div class=\"sd-content\"><ul><li class=\"share-facebook\"><a rel=\"nofollow noopener noreferrer\" data-shared=\"sharing-facebook-285\" class=\"share-facebook sd-button share-icon no-text\" href=\"https:\/\/jp-pourtal.fr\/index.php\/les-portfolios\/portfolios\/rocamadour-2016\/?share=facebook\" target=\"_blank\" title=\"Cliquez pour partager sur Facebook\"><span><\/span><span class=\"sharing-screen-reader-text\">Cliquez pour partager sur Facebook(ouvre dans une nouvelle fen\u00eatre)<\/span><\/a><\/li><li class=\"share-linkedin\"><a rel=\"nofollow noopener noreferrer\" data-shared=\"sharing-linkedin-285\" class=\"share-linkedin sd-button share-icon no-text\" href=\"https:\/\/jp-pourtal.fr\/index.php\/les-portfolios\/portfolios\/rocamadour-2016\/?share=linkedin\" target=\"_blank\" title=\"Cliquez pour partager sur LinkedIn\"><span><\/span><span class=\"sharing-screen-reader-text\">Cliquez pour partager sur LinkedIn(ouvre dans une nouvelle fen\u00eatre)<\/span><\/a><\/li><li class=\"share-jetpack-whatsapp\"><a rel=\"nofollow noopener noreferrer\" data-shared=\"\" class=\"share-jetpack-whatsapp sd-button share-icon no-text\" href=\"https:\/\/jp-pourtal.fr\/index.php\/les-portfolios\/portfolios\/rocamadour-2016\/?share=jetpack-whatsapp\" target=\"_blank\" title=\"Cliquez pour partager sur WhatsApp\"><span><\/span><span class=\"sharing-screen-reader-text\">Cliquez pour partager sur WhatsApp(ouvre dans une nouvelle fen\u00eatre)<\/span><\/a><\/li><li class=\"share-twitter\"><a rel=\"nofollow noopener noreferrer\" data-shared=\"sharing-twitter-285\" class=\"share-twitter sd-button share-icon no-text\" href=\"https:\/\/jp-pourtal.fr\/index.php\/les-portfolios\/portfolios\/rocamadour-2016\/?share=twitter\" target=\"_blank\" title=\"Cliquez pour partager sur Twitter\"><span><\/span><span class=\"sharing-screen-reader-text\">Cliquez pour partager sur Twitter(ouvre dans une nouvelle fen\u00eatre)<\/span><\/a><\/li><li class=\"share-end\"><\/li><\/ul><\/div><\/div><\/div>","protected":false},"author":1,"featured_media":0,"parent":61,"menu_order":0,"comment_status":"open","ping_status":"closed","template":"","meta":{"spay_email":""},"jetpack_sharing_enabled":true,"_links":{"self":[{"href":"https:\/\/jp-pourtal.fr\/index.php\/wp-json\/wp\/v2\/pages\/285"}],"collection":[{"href":"https:\/\/jp-pourtal.fr\/index.php\/wp-json\/wp\/v2\/pages"}],"about":[{"href":"https:\/\/jp-pourtal.fr\/index.php\/wp-json\/wp\/v2\/types\/page"}],"author":[{"embeddable":true,"href":"https:\/\/jp-pourtal.fr\/index.php\/wp-json\/wp\/v2\/users\/1"}],"replies":[{"embeddable":true,"href":"https:\/\/jp-pourtal.fr\/index.php\/wp-json\/wp\/v2\/comments?post=285"}],"version-history":[{"count":5,"href":"https:\/\/jp-pourtal.fr\/index.php\/wp-json\/wp\/v2\/pages\/285\/revisions"}],"predecessor-version":[{"id":831,"href":"https:\/\/jp-pourtal.fr\/index.php\/wp-json\/wp\/v2\/pages\/285\/revisions\/831"}],"up":[{"embeddable":true,"href":"https:\/\/jp-pourtal.fr\/index.php\/wp-json\/wp\/v2\/pages\/61"}],"wp:attachment":[{"href":"https:\/\/jp-pourtal.fr\/index.php\/wp-json\/wp\/v2\/media?parent=285"}],"curies":[{"name":"wp","href":"https:\/\/api.w.org\/{rel}","templated":true}]}}