{"id":199,"date":"2018-06-04T12:30:53","date_gmt":"2018-06-04T10:30:53","guid":{"rendered":"http:\/\/jp-pourtal.fr\/?page_id=199"},"modified":"2019-08-11T09:31:47","modified_gmt":"2019-08-11T07:31:47","slug":"nimes-2016","status":"publish","type":"page","link":"https:\/\/jp-pourtal.fr\/index.php\/les-portfolios\/portfolios\/nimes-2016\/","title":{"rendered":"N\u00eemes 2016"},"content":{"rendered":"<p><a href=\"http:\/\/jp-pourtal.fr\/index.php\/portfolios\/\">Retour Lieux Mythiques<\/a><\/p>\n<p>N\u00eemes, villes mill\u00e9naire fond\u00e9e par les troupes romaines de C\u00e9sar.<br \/>\nVille de la F\u00e9ria o\u00f9 le Taureau est roi et le Torero petit Prince aux habites \u00e9tincelants.<br \/>\nN\u00eemes, ville de m\u00e9lange des cultures de la m\u00e9diterran\u00e9e ou amour rime avec passion.<\/p>\n<p style=\"text-align: center;\"><!-- Final Tiles Grid Gallery for WordPress v3.5.6 free --><style>#ftg-66 .tile .icon { color:#ffffff; }#ftg-66 .ftg-items .loading-bar i { background:#666; }#ftg-66 .ftg-items .loading-bar { background:#fff; }#ftg-66 .tile .icon { font-size:12px; }#ftg-66 .tile .icon { margin: -6px 0 0 -6px; }#ftg-66 .tile .caption-block .text-wrapper span.text { font-size:12px; }#ftg-66 .tile .caption-outside .text-wrapper span.text { font-size:12px; }#ftg-66 .tile .caption-block .text-wrapper span.title { font-size:14px; }#ftg-66 .tile .caption-outside .text-wrapper span.title { font-size:14px; }#ftg-66 .tile { background-color: transparent; }#ftg-66 .tile .caption-block .text-wrapper span.text { color: #ffffff; }#ftg-66 .tile .caption-block .text-wrapper span.title { color: #ffffff; }#ftg-66 .tile .caption-outside .text-wrapper span.text { color: #ffffff; }#ftg-66 .tile .caption-outside .text-wrapper span.title { color: #ffffff; }#ftg-66 .tile .ftg-social a { color: #ffffff; }#ftg-66 .tile .caption-block { transition-duration:0.25s; }#ftg-66 .tile .tile-inner:before { background-color: #000000; }#ftg-66 .tile .tile-inner:before { background-color: rgba(0, 0, 0, 0.8); }#ftg-66 .tile:hover img {-moz-transform: ;-webkit-transform: ;-o-transform: ;-ms-transform: ;transform: ;}<\/style><a name='6'><\/a><div class='final-tiles-gallery  ftg-hover-enabled caption-inside  caption-none caption-middle caption-center' id='ftg-66' style='width:100%'><div class='ftg-items'><div class='loading-bar'><i><\/i><\/div><div  class='tile ftg-preload  '><a title=\"\" data-lightbox='ftg-66' rel='ftg-66'  class=' tile-inner  ftg-lightbox' href=\"https:\/\/i0.wp.com\/jp-pourtal.fr\/wp-content\/uploads\/2018\/06\/2016-05-Nimes22-1024x680.jpg?ssl=1\"  data-rel=\"lightbox-image-0\" data-rl_title=\"\" data-rl_caption=\"\"><img alt='2016-05-Nimes22' class='item skip-lazy' data-class='item' data-ftg-source='https:\/\/i0.wp.com\/jp-pourtal.fr\/wp-content\/uploads\/2018\/06\/2016-05-Nimes22.jpg?resize=300%2C199&#038;ssl=1' src='https:\/\/i0.wp.com\/jp-pourtal.fr\/wp-content\/uploads\/2018\/06\/2016-05-Nimes22.jpg?resize=300%2C199&#038;ssl=1' width='300' height='199' data-recalc-dims=\"1\" \/><div class='caption-block'><div class='text-wrapper'><span class='title'>2016-05-Nimes22<\/span><\/div><\/div><\/a><div class='ftg-social'><\/div><\/div><div  class='tile ftg-preload  '><a title=\"\" data-lightbox='ftg-66' rel='ftg-66'  class=' tile-inner  ftg-lightbox' href=\"https:\/\/i0.wp.com\/jp-pourtal.fr\/wp-content\/uploads\/2018\/06\/2016-05-Nimes21-1024x680.jpg?ssl=1\"  data-rel=\"lightbox-image-1\" data-rl_title=\"\" data-rl_caption=\"\"><img alt='2016-05-Nimes21' class='item skip-lazy' data-class='item' data-ftg-source='https:\/\/i0.wp.com\/jp-pourtal.fr\/wp-content\/uploads\/2018\/06\/2016-05-Nimes21-300x199.jpg?resize=840%2C558' src='https:\/\/i0.wp.com\/jp-pourtal.fr\/wp-content\/uploads\/2018\/06\/2016-05-Nimes21-300x199.jpg?resize=840%2C558' width='840' height='558' data-recalc-dims=\"1\" \/><div class='caption-block'><div class='text-wrapper'><span class='title'>2016-05-Nimes21<\/span><\/div><\/div><\/a><div class='ftg-social'><\/div><\/div><div  class='tile ftg-preload  '><a title=\"\" data-lightbox='ftg-66' rel='ftg-66'  class=' tile-inner  ftg-lightbox' href=\"https:\/\/i0.wp.com\/jp-pourtal.fr\/wp-content\/uploads\/2018\/06\/2016-05-Nimes19-1024x680.jpg?ssl=1\"  data-rel=\"lightbox-image-2\" data-rl_title=\"\" data-rl_caption=\"\"><img alt='2016-05-Nimes19' class='item skip-lazy' data-class='item' data-ftg-source='https:\/\/i0.wp.com\/jp-pourtal.fr\/wp-content\/uploads\/2018\/06\/2016-05-Nimes19-300x199.jpg?resize=840%2C558' src='https:\/\/i0.wp.com\/jp-pourtal.fr\/wp-content\/uploads\/2018\/06\/2016-05-Nimes19-300x199.jpg?resize=840%2C558' width='840' height='558' data-recalc-dims=\"1\" \/><div class='caption-block'><div class='text-wrapper'><span class='title'>2016-05-Nimes19<\/span><\/div><\/div><\/a><div class='ftg-social'><\/div><\/div><div  class='tile ftg-preload  '><a title=\"\" data-lightbox='ftg-66' rel='ftg-66'  class=' tile-inner  ftg-lightbox' href=\"https:\/\/i0.wp.com\/jp-pourtal.fr\/wp-content\/uploads\/2018\/06\/2016-05-Nimes18-1024x680.jpg?ssl=1\"  data-rel=\"lightbox-image-3\" data-rl_title=\"\" data-rl_caption=\"\"><img alt='2016-05-Nimes18' class='item skip-lazy' data-class='item' data-ftg-source='https:\/\/i0.wp.com\/jp-pourtal.fr\/wp-content\/uploads\/2018\/06\/2016-05-Nimes18-300x199.jpg?resize=840%2C558' src='https:\/\/i0.wp.com\/jp-pourtal.fr\/wp-content\/uploads\/2018\/06\/2016-05-Nimes18-300x199.jpg?resize=840%2C558' width='840' height='558' data-recalc-dims=\"1\" \/><div class='caption-block'><div class='text-wrapper'><span class='title'>2016-05-Nimes18<\/span><\/div><\/div><\/a><div class='ftg-social'><\/div><\/div><div  class='tile ftg-preload  '><a title=\"\" data-lightbox='ftg-66' rel='ftg-66'  class=' tile-inner  ftg-lightbox' href=\"https:\/\/i0.wp.com\/jp-pourtal.fr\/wp-content\/uploads\/2018\/06\/2016-05-Nimes17-680x1024.jpg?ssl=1\"  data-rel=\"lightbox-image-4\" data-rl_title=\"\" data-rl_caption=\"\"><img alt='2016-05-Nimes17' class='item skip-lazy' data-class='item' data-ftg-source='https:\/\/i0.wp.com\/jp-pourtal.fr\/wp-content\/uploads\/2018\/06\/2016-05-Nimes17-199x300.jpg?resize=840%2C1265' src='https:\/\/i0.wp.com\/jp-pourtal.fr\/wp-content\/uploads\/2018\/06\/2016-05-Nimes17-199x300.jpg?resize=840%2C1265' width='840' height='1265' data-recalc-dims=\"1\" \/><div class='caption-block'><div class='text-wrapper'><span class='title'>2016-05-Nimes17<\/span><\/div><\/div><\/a><div class='ftg-social'><\/div><\/div><div  class='tile ftg-preload  '><a title=\"\" data-lightbox='ftg-66' rel='ftg-66'  class=' tile-inner  ftg-lightbox' href=\"https:\/\/i0.wp.com\/jp-pourtal.fr\/wp-content\/uploads\/2018\/06\/2016-05-Nimes16-1024x680.jpg?ssl=1\"  data-rel=\"lightbox-image-5\" data-rl_title=\"\" data-rl_caption=\"\"><img alt='2016-05-Nimes16' class='item skip-lazy' data-class='item' data-ftg-source='https:\/\/i0.wp.com\/jp-pourtal.fr\/wp-content\/uploads\/2018\/06\/2016-05-Nimes16-300x199.jpg?resize=840%2C558' src='https:\/\/i0.wp.com\/jp-pourtal.fr\/wp-content\/uploads\/2018\/06\/2016-05-Nimes16-300x199.jpg?resize=840%2C558' width='840' height='558' data-recalc-dims=\"1\" \/><div class='caption-block'><div class='text-wrapper'><span class='title'>2016-05-Nimes16<\/span><\/div><\/div><\/a><div class='ftg-social'><\/div><\/div><div  class='tile ftg-preload  '><a title=\"\" data-lightbox='ftg-66' rel='ftg-66'  class=' tile-inner  ftg-lightbox' href=\"https:\/\/i0.wp.com\/jp-pourtal.fr\/wp-content\/uploads\/2018\/06\/2016-05-Nimes15-1024x680.jpg?ssl=1\"  data-rel=\"lightbox-image-6\" data-rl_title=\"\" data-rl_caption=\"\"><img alt='2016-05-Nimes15' class='item skip-lazy' data-class='item' data-ftg-source='https:\/\/i0.wp.com\/jp-pourtal.fr\/wp-content\/uploads\/2018\/06\/2016-05-Nimes15-300x199.jpg?resize=840%2C558' src='https:\/\/i0.wp.com\/jp-pourtal.fr\/wp-content\/uploads\/2018\/06\/2016-05-Nimes15-300x199.jpg?resize=840%2C558' width='840' height='558' data-recalc-dims=\"1\" \/><div class='caption-block'><div class='text-wrapper'><span class='title'>2016-05-Nimes15<\/span><\/div><\/div><\/a><div class='ftg-social'><\/div><\/div><div  class='tile ftg-preload  '><a title=\"\" data-lightbox='ftg-66' rel='ftg-66'  class=' tile-inner  ftg-lightbox' href=\"https:\/\/i0.wp.com\/jp-pourtal.fr\/wp-content\/uploads\/2018\/06\/2016-05-Nimes14-1024x680.jpg?ssl=1\"  data-rel=\"lightbox-image-7\" data-rl_title=\"\" data-rl_caption=\"\"><img alt='2016-05-Nimes14' class='item skip-lazy' data-class='item' data-ftg-source='https:\/\/i0.wp.com\/jp-pourtal.fr\/wp-content\/uploads\/2018\/06\/2016-05-Nimes14-300x199.jpg?resize=840%2C558' src='https:\/\/i0.wp.com\/jp-pourtal.fr\/wp-content\/uploads\/2018\/06\/2016-05-Nimes14-300x199.jpg?resize=840%2C558' width='840' height='558' data-recalc-dims=\"1\" \/><div class='caption-block'><div class='text-wrapper'><span class='title'>2016-05-Nimes14<\/span><\/div><\/div><\/a><div class='ftg-social'><\/div><\/div><div  class='tile ftg-preload  '><a title=\"\" data-lightbox='ftg-66' rel='ftg-66'  class=' tile-inner  ftg-lightbox' href=\"https:\/\/i0.wp.com\/jp-pourtal.fr\/wp-content\/uploads\/2018\/06\/2016-05-Nimes13-1024x680.jpg?ssl=1\"  data-rel=\"lightbox-image-8\" data-rl_title=\"\" data-rl_caption=\"\"><img alt='2016-05-Nimes13' class='item skip-lazy' data-class='item' data-ftg-source='https:\/\/i0.wp.com\/jp-pourtal.fr\/wp-content\/uploads\/2018\/06\/2016-05-Nimes13-300x199.jpg?resize=840%2C558' src='https:\/\/i0.wp.com\/jp-pourtal.fr\/wp-content\/uploads\/2018\/06\/2016-05-Nimes13-300x199.jpg?resize=840%2C558' width='840' height='558' data-recalc-dims=\"1\" \/><div class='caption-block'><div class='text-wrapper'><span class='title'>2016-05-Nimes13<\/span><\/div><\/div><\/a><div class='ftg-social'><\/div><\/div><div  class='tile ftg-preload  '><a title=\"\" data-lightbox='ftg-66' rel='ftg-66'  class=' tile-inner  ftg-lightbox' href=\"https:\/\/i0.wp.com\/jp-pourtal.fr\/wp-content\/uploads\/2018\/06\/2016-05-Nimes12-1024x680.jpg?ssl=1\"  data-rel=\"lightbox-image-9\" data-rl_title=\"\" data-rl_caption=\"\"><img alt='2016-05-Nimes12' class='item skip-lazy' data-class='item' data-ftg-source='https:\/\/i0.wp.com\/jp-pourtal.fr\/wp-content\/uploads\/2018\/06\/2016-05-Nimes12-300x199.jpg?resize=840%2C558' src='https:\/\/i0.wp.com\/jp-pourtal.fr\/wp-content\/uploads\/2018\/06\/2016-05-Nimes12-300x199.jpg?resize=840%2C558' width='840' height='558' data-recalc-dims=\"1\" \/><div class='caption-block'><div class='text-wrapper'><span class='title'>2016-05-Nimes12<\/span><\/div><\/div><\/a><div class='ftg-social'><\/div><\/div><div  class='tile ftg-preload  '><a title=\"\" data-lightbox='ftg-66' rel='ftg-66'  class=' tile-inner  ftg-lightbox' href=\"https:\/\/i0.wp.com\/jp-pourtal.fr\/wp-content\/uploads\/2018\/06\/2016-05-Nimes11-680x1024.jpg?ssl=1\"  data-rel=\"lightbox-image-10\" data-rl_title=\"\" data-rl_caption=\"\"><img alt='2016-05-Nimes11' class='item skip-lazy' data-class='item' data-ftg-source='https:\/\/i0.wp.com\/jp-pourtal.fr\/wp-content\/uploads\/2018\/06\/2016-05-Nimes11-199x300.jpg?resize=840%2C1265' src='https:\/\/i0.wp.com\/jp-pourtal.fr\/wp-content\/uploads\/2018\/06\/2016-05-Nimes11-199x300.jpg?resize=840%2C1265' width='840' height='1265' data-recalc-dims=\"1\" \/><div class='caption-block'><div class='text-wrapper'><span class='title'>2016-05-Nimes11<\/span><\/div><\/div><\/a><div class='ftg-social'><\/div><\/div><div  class='tile ftg-preload  '><a title=\"\" data-lightbox='ftg-66' rel='ftg-66'  class=' tile-inner  ftg-lightbox' href=\"https:\/\/i0.wp.com\/jp-pourtal.fr\/wp-content\/uploads\/2018\/06\/2016-05-Nimes10-680x1024.jpg?ssl=1\"  data-rel=\"lightbox-image-11\" data-rl_title=\"\" data-rl_caption=\"\"><img alt='2016-05-Nimes10' class='item skip-lazy' data-class='item' data-ftg-source='https:\/\/i0.wp.com\/jp-pourtal.fr\/wp-content\/uploads\/2018\/06\/2016-05-Nimes10-199x300.jpg?resize=840%2C1265' src='https:\/\/i0.wp.com\/jp-pourtal.fr\/wp-content\/uploads\/2018\/06\/2016-05-Nimes10-199x300.jpg?resize=840%2C1265' width='840' height='1265' data-recalc-dims=\"1\" \/><div class='caption-block'><div class='text-wrapper'><span class='title'>2016-05-Nimes10<\/span><\/div><\/div><\/a><div class='ftg-social'><\/div><\/div><div  class='tile ftg-preload  '><a title=\"\" data-lightbox='ftg-66' rel='ftg-66'  class=' tile-inner  ftg-lightbox' href=\"https:\/\/i0.wp.com\/jp-pourtal.fr\/wp-content\/uploads\/2018\/06\/2016-05-Nimes09-1024x680.jpg?ssl=1\"  data-rel=\"lightbox-image-12\" data-rl_title=\"\" data-rl_caption=\"\"><img alt='2016-05-Nimes09' class='item skip-lazy' data-class='item' data-ftg-source='https:\/\/i0.wp.com\/jp-pourtal.fr\/wp-content\/uploads\/2018\/06\/2016-05-Nimes09-300x199.jpg?resize=840%2C558' src='https:\/\/i0.wp.com\/jp-pourtal.fr\/wp-content\/uploads\/2018\/06\/2016-05-Nimes09-300x199.jpg?resize=840%2C558' width='840' height='558' data-recalc-dims=\"1\" \/><div class='caption-block'><div class='text-wrapper'><span class='title'>2016-05-Nimes09<\/span><\/div><\/div><\/a><div class='ftg-social'><\/div><\/div><div  class='tile ftg-preload  '><a title=\"\" data-lightbox='ftg-66' rel='ftg-66'  class=' tile-inner  ftg-lightbox' href=\"https:\/\/i0.wp.com\/jp-pourtal.fr\/wp-content\/uploads\/2018\/06\/2016-05-Nimes08-1024x680.jpg?ssl=1\"  data-rel=\"lightbox-image-13\" data-rl_title=\"\" data-rl_caption=\"\"><img alt='2016-05-Nimes08' class='item skip-lazy' data-class='item' data-ftg-source='https:\/\/i0.wp.com\/jp-pourtal.fr\/wp-content\/uploads\/2018\/06\/2016-05-Nimes08-300x199.jpg?resize=840%2C558' src='https:\/\/i0.wp.com\/jp-pourtal.fr\/wp-content\/uploads\/2018\/06\/2016-05-Nimes08-300x199.jpg?resize=840%2C558' width='840' height='558' data-recalc-dims=\"1\" \/><div class='caption-block'><div class='text-wrapper'><span class='title'>2016-05-Nimes08<\/span><\/div><\/div><\/a><div class='ftg-social'><\/div><\/div><div  class='tile ftg-preload  '><a title=\"\" data-lightbox='ftg-66' rel='ftg-66'  class=' tile-inner  ftg-lightbox' href=\"https:\/\/i0.wp.com\/jp-pourtal.fr\/wp-content\/uploads\/2018\/06\/2016-05-Nimes07-1024x680.jpg?ssl=1\"  data-rel=\"lightbox-image-14\" data-rl_title=\"\" data-rl_caption=\"\"><img alt='2016-05-Nimes07' class='item skip-lazy' data-class='item' data-ftg-source='https:\/\/i0.wp.com\/jp-pourtal.fr\/wp-content\/uploads\/2018\/06\/2016-05-Nimes07-300x199.jpg?resize=840%2C558' src='https:\/\/i0.wp.com\/jp-pourtal.fr\/wp-content\/uploads\/2018\/06\/2016-05-Nimes07-300x199.jpg?resize=840%2C558' width='840' height='558' data-recalc-dims=\"1\" \/><div class='caption-block'><div class='text-wrapper'><span class='title'>2016-05-Nimes07<\/span><\/div><\/div><\/a><div class='ftg-social'><\/div><\/div><div  class='tile ftg-preload  '><a title=\"\" data-lightbox='ftg-66' rel='ftg-66'  class=' tile-inner  ftg-lightbox' href=\"https:\/\/i0.wp.com\/jp-pourtal.fr\/wp-content\/uploads\/2018\/06\/2016-05-Nimes06-1024x680.jpg?ssl=1\"  data-rel=\"lightbox-image-15\" data-rl_title=\"\" data-rl_caption=\"\"><img alt='2016-05-Nimes06' class='item skip-lazy' data-class='item' data-ftg-source='https:\/\/i0.wp.com\/jp-pourtal.fr\/wp-content\/uploads\/2018\/06\/2016-05-Nimes06-300x199.jpg?resize=840%2C558' src='https:\/\/i0.wp.com\/jp-pourtal.fr\/wp-content\/uploads\/2018\/06\/2016-05-Nimes06-300x199.jpg?resize=840%2C558' width='840' height='558' data-recalc-dims=\"1\" \/><div class='caption-block'><div class='text-wrapper'><span class='title'>2016-05-Nimes06<\/span><\/div><\/div><\/a><div class='ftg-social'><\/div><\/div><div  class='tile ftg-preload  '><a title=\"\" data-lightbox='ftg-66' rel='ftg-66'  class=' tile-inner  ftg-lightbox' href=\"https:\/\/i0.wp.com\/jp-pourtal.fr\/wp-content\/uploads\/2018\/06\/2016-05-Nimes04-1024x680.jpg?ssl=1\"  data-rel=\"lightbox-image-16\" data-rl_title=\"\" data-rl_caption=\"\"><img alt='2016-05-Nimes04' class='item skip-lazy' data-class='item' data-ftg-source='https:\/\/i0.wp.com\/jp-pourtal.fr\/wp-content\/uploads\/2018\/06\/2016-05-Nimes04-300x199.jpg?resize=840%2C558' src='https:\/\/i0.wp.com\/jp-pourtal.fr\/wp-content\/uploads\/2018\/06\/2016-05-Nimes04-300x199.jpg?resize=840%2C558' width='840' height='558' data-recalc-dims=\"1\" \/><div class='caption-block'><div class='text-wrapper'><span class='title'>2016-05-Nimes04<\/span><\/div><\/div><\/a><div class='ftg-social'><\/div><\/div><div  class='tile ftg-preload  '><a title=\"\" data-lightbox='ftg-66' rel='ftg-66'  class=' tile-inner  ftg-lightbox' href=\"https:\/\/i0.wp.com\/jp-pourtal.fr\/wp-content\/uploads\/2018\/06\/2016-05-Nimes03-1024x680.jpg?ssl=1\"  data-rel=\"lightbox-image-17\" data-rl_title=\"\" data-rl_caption=\"\"><img alt='2016-05-Nimes03' class='item skip-lazy' data-class='item' data-ftg-source='https:\/\/i0.wp.com\/jp-pourtal.fr\/wp-content\/uploads\/2018\/06\/2016-05-Nimes03-300x199.jpg?resize=840%2C558' src='https:\/\/i0.wp.com\/jp-pourtal.fr\/wp-content\/uploads\/2018\/06\/2016-05-Nimes03-300x199.jpg?resize=840%2C558' width='840' height='558' data-recalc-dims=\"1\" \/><div class='caption-block'><div class='text-wrapper'><span class='title'>2016-05-Nimes03<\/span><\/div><\/div><\/a><div class='ftg-social'><\/div><\/div><div  class='tile ftg-preload  '><a title=\"\" data-lightbox='ftg-66' rel='ftg-66'  class=' tile-inner  ftg-lightbox' href=\"https:\/\/i0.wp.com\/jp-pourtal.fr\/wp-content\/uploads\/2018\/06\/2016-05-Nimes02-1024x680.jpg?ssl=1\"  data-rel=\"lightbox-image-18\" data-rl_title=\"\" data-rl_caption=\"\"><img alt='2016-05-Nimes02' class='item skip-lazy' data-class='item' data-ftg-source='https:\/\/i0.wp.com\/jp-pourtal.fr\/wp-content\/uploads\/2018\/06\/2016-05-Nimes02-300x199.jpg?resize=840%2C558' src='https:\/\/i0.wp.com\/jp-pourtal.fr\/wp-content\/uploads\/2018\/06\/2016-05-Nimes02-300x199.jpg?resize=840%2C558' width='840' height='558' data-recalc-dims=\"1\" \/><div class='caption-block'><div class='text-wrapper'><span class='title'>2016-05-Nimes02<\/span><\/div><\/div><\/a><div class='ftg-social'><\/div><\/div><\/div><\/div><script type='text\/javascript'>jQuery('#ftg-66 img.item').removeAttr('src');jQuery(document).ready(function () {setTimeout(function () {jQuery('#ftg-66').finalTilesGallery({minTileWidth: 250,margin: 10,loadMethod: 'sequential',nonce: '5792767992',galleryId: '6',setupFilters: true,layout: 'final',debug: false,gridSize: 25,disableGridSizeBelow:800,allowEnlargement: true,imageSizeFactor: [ [4000, 0.9],[1024, 0.8],[768, 0.7],[640, 0.6],[320, 0.5]],selectedFilter: 'n-a'});jQuery(function () {(function () {var rel = '';jQuery('#ftg-66 .ftg-lightbox').click(function (e) {rel = jQuery(this).attr('rel');jQuery('#ftg-66 .ftg-current').removeClass('ftg-current');jQuery('#ftg-66 [rel=\"'+rel+'\"]').addClass('ftg-current');});})();});}, 0);});<\/script><\/p>\n<div class=\"sharedaddy sd-sharing-enabled\"><div class=\"robots-nocontent sd-block sd-social sd-social-icon sd-sharing\"><h3 class=\"sd-title\">Share this:<\/h3><div class=\"sd-content\"><ul><li class=\"share-facebook\"><a rel=\"nofollow noopener noreferrer\" data-shared=\"sharing-facebook-199\" class=\"share-facebook sd-button share-icon no-text\" href=\"https:\/\/jp-pourtal.fr\/index.php\/les-portfolios\/portfolios\/nimes-2016\/?share=facebook\" target=\"_blank\" title=\"Cliquez pour partager sur Facebook\"><span><\/span><span class=\"sharing-screen-reader-text\">Cliquez pour partager sur Facebook(ouvre dans une nouvelle fen\u00eatre)<\/span><\/a><\/li><li class=\"share-linkedin\"><a rel=\"nofollow noopener noreferrer\" data-shared=\"sharing-linkedin-199\" class=\"share-linkedin sd-button share-icon no-text\" href=\"https:\/\/jp-pourtal.fr\/index.php\/les-portfolios\/portfolios\/nimes-2016\/?share=linkedin\" target=\"_blank\" title=\"Cliquez pour partager sur LinkedIn\"><span><\/span><span class=\"sharing-screen-reader-text\">Cliquez pour partager sur LinkedIn(ouvre dans une nouvelle fen\u00eatre)<\/span><\/a><\/li><li class=\"share-jetpack-whatsapp\"><a rel=\"nofollow noopener noreferrer\" data-shared=\"\" class=\"share-jetpack-whatsapp sd-button share-icon no-text\" href=\"https:\/\/jp-pourtal.fr\/index.php\/les-portfolios\/portfolios\/nimes-2016\/?share=jetpack-whatsapp\" target=\"_blank\" title=\"Cliquez pour partager sur WhatsApp\"><span><\/span><span class=\"sharing-screen-reader-text\">Cliquez pour partager sur WhatsApp(ouvre dans une nouvelle fen\u00eatre)<\/span><\/a><\/li><li class=\"share-twitter\"><a rel=\"nofollow noopener noreferrer\" data-shared=\"sharing-twitter-199\" class=\"share-twitter sd-button share-icon no-text\" href=\"https:\/\/jp-pourtal.fr\/index.php\/les-portfolios\/portfolios\/nimes-2016\/?share=twitter\" target=\"_blank\" title=\"Cliquez pour partager sur Twitter\"><span><\/span><span class=\"sharing-screen-reader-text\">Cliquez pour partager sur Twitter(ouvre dans une nouvelle fen\u00eatre)<\/span><\/a><\/li><li class=\"share-end\"><\/li><\/ul><\/div><\/div><\/div>","protected":false},"excerpt":{"rendered":"<p>Retour Lieux Mythiques N\u00eemes, villes mill\u00e9naire fond\u00e9e par les troupes romaines de C\u00e9sar. Ville de la F\u00e9ria o\u00f9 le Taureau est roi et le Torero petit Prince aux habites \u00e9tincelants. N\u00eemes, ville de m\u00e9lange des cultures de la m\u00e9diterran\u00e9e ou amour rime avec passion.<\/p>\n<div class=\"sharedaddy sd-sharing-enabled\"><div class=\"robots-nocontent sd-block sd-social sd-social-icon sd-sharing\"><h3 class=\"sd-title\">Share this:<\/h3><div class=\"sd-content\"><ul><li class=\"share-facebook\"><a rel=\"nofollow noopener noreferrer\" data-shared=\"sharing-facebook-199\" class=\"share-facebook sd-button share-icon no-text\" href=\"https:\/\/jp-pourtal.fr\/index.php\/les-portfolios\/portfolios\/nimes-2016\/?share=facebook\" target=\"_blank\" title=\"Cliquez pour partager sur Facebook\"><span><\/span><span class=\"sharing-screen-reader-text\">Cliquez pour partager sur Facebook(ouvre dans une nouvelle fen\u00eatre)<\/span><\/a><\/li><li class=\"share-linkedin\"><a rel=\"nofollow noopener noreferrer\" data-shared=\"sharing-linkedin-199\" class=\"share-linkedin sd-button share-icon no-text\" href=\"https:\/\/jp-pourtal.fr\/index.php\/les-portfolios\/portfolios\/nimes-2016\/?share=linkedin\" target=\"_blank\" title=\"Cliquez pour partager sur LinkedIn\"><span><\/span><span class=\"sharing-screen-reader-text\">Cliquez pour partager sur LinkedIn(ouvre dans une nouvelle fen\u00eatre)<\/span><\/a><\/li><li class=\"share-jetpack-whatsapp\"><a rel=\"nofollow noopener noreferrer\" data-shared=\"\" class=\"share-jetpack-whatsapp sd-button share-icon no-text\" href=\"https:\/\/jp-pourtal.fr\/index.php\/les-portfolios\/portfolios\/nimes-2016\/?share=jetpack-whatsapp\" target=\"_blank\" title=\"Cliquez pour partager sur WhatsApp\"><span><\/span><span class=\"sharing-screen-reader-text\">Cliquez pour partager sur WhatsApp(ouvre dans une nouvelle fen\u00eatre)<\/span><\/a><\/li><li class=\"share-twitter\"><a rel=\"nofollow noopener noreferrer\" data-shared=\"sharing-twitter-199\" class=\"share-twitter sd-button share-icon no-text\" href=\"https:\/\/jp-pourtal.fr\/index.php\/les-portfolios\/portfolios\/nimes-2016\/?share=twitter\" target=\"_blank\" title=\"Cliquez pour partager sur Twitter\"><span><\/span><span class=\"sharing-screen-reader-text\">Cliquez pour partager sur Twitter(ouvre dans une nouvelle fen\u00eatre)<\/span><\/a><\/li><li class=\"share-end\"><\/li><\/ul><\/div><\/div><\/div>","protected":false},"author":1,"featured_media":0,"parent":61,"menu_order":0,"comment_status":"open","ping_status":"closed","template":"","meta":{"spay_email":""},"jetpack_sharing_enabled":true,"_links":{"self":[{"href":"https:\/\/jp-pourtal.fr\/index.php\/wp-json\/wp\/v2\/pages\/199"}],"collection":[{"href":"https:\/\/jp-pourtal.fr\/index.php\/wp-json\/wp\/v2\/pages"}],"about":[{"href":"https:\/\/jp-pourtal.fr\/index.php\/wp-json\/wp\/v2\/types\/page"}],"author":[{"embeddable":true,"href":"https:\/\/jp-pourtal.fr\/index.php\/wp-json\/wp\/v2\/users\/1"}],"replies":[{"embeddable":true,"href":"https:\/\/jp-pourtal.fr\/index.php\/wp-json\/wp\/v2\/comments?post=199"}],"version-history":[{"count":5,"href":"https:\/\/jp-pourtal.fr\/index.php\/wp-json\/wp\/v2\/pages\/199\/revisions"}],"predecessor-version":[{"id":830,"href":"https:\/\/jp-pourtal.fr\/index.php\/wp-json\/wp\/v2\/pages\/199\/revisions\/830"}],"up":[{"embeddable":true,"href":"https:\/\/jp-pourtal.fr\/index.php\/wp-json\/wp\/v2\/pages\/61"}],"wp:attachment":[{"href":"https:\/\/jp-pourtal.fr\/index.php\/wp-json\/wp\/v2\/media?parent=199"}],"curies":[{"name":"wp","href":"https:\/\/api.w.org\/{rel}","templated":true}]}}