{"id":18,"date":"2018-05-22T09:18:09","date_gmt":"2018-05-22T07:18:09","guid":{"rendered":"http:\/\/jp-pourtal.fr\/?page_id=18"},"modified":"2019-01-21T23:31:00","modified_gmt":"2019-01-21T22:31:00","slug":"contact","status":"publish","type":"page","link":"https:\/\/jp-pourtal.fr\/index.php\/contact\/","title":{"rendered":"Contact"},"content":{"rendered":"<div class=\"gdfrm-form-container\">\n    <form autocomplete=\"off\" action=\"\" method=\"\" class=\"gdfrm-form\" form-id=\"14\" id=\"gdfrm-14\" enctype='multipart\/form-data'>\n                    <div class=\"gdfrm-form-title\">\n                <span>Contact<\/span>\n            <\/div>\n        \n        <div class=\"gdfrm-form-field   gdfrm-text field-62 gdfrm-required \">\n            <label for=\"field-62\">\n                Nom - Pr\u00e9nom            <span class=\"gdfrm-required\">*<\/span>\n        <\/label>\n\n<div>\n            <div class=\"hidden-placeholder\">Nom - Pr\u00e9nom<\/div>\n        <input id=\"field-62\"\n                type=\"text\"\n               limit=\"0\" limitType=\"char\"\n               placeholder=\"\" class=\"\"\n               name=\"field-62\" value=\"\">\n\n            \n                <div class=\"help-block\">\n                Inscrivez ici, votre nom et votre pr\u00e9nom            <\/div>\n                    <div class=\"error-block\">\n        <\/div>\n        <\/div>\n<\/div>\n<div class=\"gdfrm-form-field   gdfrm-email field-63 gdfrm-required \">\n    <label for=\"field-63\">\n        Email                    <span class=\"gdfrm-required\">*<\/span>\n            <\/label>\n    <div>\n        <div class=\"hidden-placeholder\">Email<\/div>\n        <input id=\"field-63\"  type=\"email\"\n               class=\"\" placeholder=\"\"\n               value=\"\" name=\"field-63\" >\n                    <div class=\"help-block\">\n                Inscrivez ici, votre adresse mail            <\/div>\n                        <div class=\"error-block\">\n        <\/div>\n            <\/div>\n<\/div>\n<div class=\"gdfrm-form-field   gdfrm-text field-65 gdfrm-required \">\n            <label for=\"field-65\">\n                Message            <span class=\"gdfrm-required\">*<\/span>\n        <\/label>\n\n<div>\n            <div class=\"hidden-placeholder\">Message<\/div>\n        <input id=\"field-65\"\n                type=\"text\"\n               limit=\"300\" limitType=\"word\"\n               placeholder=\"\" class=\"\"\n               name=\"field-65\" value=\"\">\n\n                    <p class=\"limit-text\">\n                <span class=\"left\">300<\/span> of\n                <span class=\"total\">300<\/span>\n                                    word(s) Left\n                            <\/p>\n            \n                <div class=\"help-block\">\n                Inscrivez ici votre message (300 mots max)            <\/div>\n                    <div class=\"error-block\">\n        <\/div>\n        <\/div>\n<\/div><div class=\"gdfrm-form-field   gdfrm-captcha field-64\">\n    <label for=\"\">\n        Captcha    <\/label>\n    <div>\n        <div class=\"gdfrm-captcha-box clear-float \">\n                        <input type=\"hidden\" name=\"captcha-id\" value=\"12121\">\n            <img src=\"https:\/\/i0.wp.com\/jp-pourtal.fr\/wp-content\/uploads\/gdfrm_tmp\/captcha-user-9a73b5ef56e0bdb1d6be23dba9fa0b5d.png?w=840&#038;ssl=1\" data-recalc-dims=\"1\">\n            <a href=\"\" captchaid=\"64\">\n                <img src=\"https:\/\/i0.wp.com\/jp-pourtal.fr\/wp-content\/plugins\/easy-contact-form-builder\/assets\/images\/refresh-captcha.png?w=840&#038;ssl=1\" data-recalc-dims=\"1\">\n            <\/a>\n            <input type=\"text\" name=\"field-64\" placeholder=\"Type the code above\">\n        <\/div>\n                        <div class=\"error-block\">\n        <\/div>\n            <\/div>\n<\/div>\n\n<div class=\"gdfrm-form-field   gdfrm-submit field-61 \">\n            <input type=\"submit\" id=\"submit-14\" class=\"\" value=\"Submit\">\n    <\/div>\n        <input type=\"hidden\" class=\"required-empty-error\" value=\"Ce champ est obligatoire\">\n        <input type=\"hidden\" class=\"email-format-error\" value=\"Format d'email incorrect\">\n        <input type=\"hidden\" class=\"upload-size-error\" value=\"Taille de t\u00e9l\u00e9chargement maximale d\u00e9pass\u00e9e\">\n        <input type=\"hidden\" class=\"file-format-error\" value=\"Mauvais format de fichier\">\n\n        <div class=\"form_loading_icon\"><img src=\"https:\/\/i0.wp.com\/jp-pourtal.fr\/wp-content\/plugins\/easy-contact-form-builder\/assets\/images\/loading.gif?w=840&#038;ssl=1\" data-recalc-dims=\"1\"> <\/div>\n    <\/form>\n<\/div>\n\n\n\n\n\n\n\n\n\n<p><\/p>\n<div class=\"sharedaddy sd-sharing-enabled\"><div class=\"robots-nocontent sd-block sd-social sd-social-icon sd-sharing\"><h3 class=\"sd-title\">Share this:<\/h3><div class=\"sd-content\"><ul><li class=\"share-facebook\"><a rel=\"nofollow noopener noreferrer\" data-shared=\"sharing-facebook-18\" class=\"share-facebook sd-button share-icon no-text\" href=\"https:\/\/jp-pourtal.fr\/index.php\/contact\/?share=facebook\" target=\"_blank\" title=\"Cliquez pour partager sur Facebook\"><span><\/span><span class=\"sharing-screen-reader-text\">Cliquez pour partager sur Facebook(ouvre dans une nouvelle fen\u00eatre)<\/span><\/a><\/li><li class=\"share-linkedin\"><a rel=\"nofollow noopener noreferrer\" data-shared=\"sharing-linkedin-18\" class=\"share-linkedin sd-button share-icon no-text\" href=\"https:\/\/jp-pourtal.fr\/index.php\/contact\/?share=linkedin\" target=\"_blank\" title=\"Cliquez pour partager sur LinkedIn\"><span><\/span><span class=\"sharing-screen-reader-text\">Cliquez pour partager sur LinkedIn(ouvre dans une nouvelle fen\u00eatre)<\/span><\/a><\/li><li class=\"share-jetpack-whatsapp\"><a rel=\"nofollow noopener noreferrer\" data-shared=\"\" class=\"share-jetpack-whatsapp sd-button share-icon no-text\" href=\"https:\/\/jp-pourtal.fr\/index.php\/contact\/?share=jetpack-whatsapp\" target=\"_blank\" title=\"Cliquez pour partager sur WhatsApp\"><span><\/span><span class=\"sharing-screen-reader-text\">Cliquez pour partager sur WhatsApp(ouvre dans une nouvelle fen\u00eatre)<\/span><\/a><\/li><li class=\"share-twitter\"><a rel=\"nofollow noopener noreferrer\" data-shared=\"sharing-twitter-18\" class=\"share-twitter sd-button share-icon no-text\" href=\"https:\/\/jp-pourtal.fr\/index.php\/contact\/?share=twitter\" target=\"_blank\" title=\"Cliquez pour partager sur Twitter\"><span><\/span><span class=\"sharing-screen-reader-text\">Cliquez pour partager sur Twitter(ouvre dans une nouvelle fen\u00eatre)<\/span><\/a><\/li><li class=\"share-end\"><\/li><\/ul><\/div><\/div><\/div>","protected":false},"excerpt":{"rendered":"<div class=\"sharedaddy sd-sharing-enabled\"><div class=\"robots-nocontent sd-block sd-social sd-social-icon sd-sharing\"><h3 class=\"sd-title\">Share this:<\/h3><div class=\"sd-content\"><ul><li class=\"share-facebook\"><a rel=\"nofollow noopener noreferrer\" data-shared=\"sharing-facebook-18\" class=\"share-facebook sd-button share-icon no-text\" href=\"https:\/\/jp-pourtal.fr\/index.php\/contact\/?share=facebook\" target=\"_blank\" title=\"Cliquez pour partager sur Facebook\"><span><\/span><span class=\"sharing-screen-reader-text\">Cliquez pour partager sur Facebook(ouvre dans une nouvelle fen\u00eatre)<\/span><\/a><\/li><li class=\"share-linkedin\"><a rel=\"nofollow noopener noreferrer\" data-shared=\"sharing-linkedin-18\" class=\"share-linkedin sd-button share-icon no-text\" href=\"https:\/\/jp-pourtal.fr\/index.php\/contact\/?share=linkedin\" target=\"_blank\" title=\"Cliquez pour partager sur LinkedIn\"><span><\/span><span class=\"sharing-screen-reader-text\">Cliquez pour partager sur LinkedIn(ouvre dans une nouvelle fen\u00eatre)<\/span><\/a><\/li><li class=\"share-jetpack-whatsapp\"><a rel=\"nofollow noopener noreferrer\" data-shared=\"\" class=\"share-jetpack-whatsapp sd-button share-icon no-text\" href=\"https:\/\/jp-pourtal.fr\/index.php\/contact\/?share=jetpack-whatsapp\" target=\"_blank\" title=\"Cliquez pour partager sur WhatsApp\"><span><\/span><span class=\"sharing-screen-reader-text\">Cliquez pour partager sur WhatsApp(ouvre dans une nouvelle fen\u00eatre)<\/span><\/a><\/li><li class=\"share-twitter\"><a rel=\"nofollow noopener noreferrer\" data-shared=\"sharing-twitter-18\" class=\"share-twitter sd-button share-icon no-text\" href=\"https:\/\/jp-pourtal.fr\/index.php\/contact\/?share=twitter\" target=\"_blank\" title=\"Cliquez pour partager sur Twitter\"><span><\/span><span class=\"sharing-screen-reader-text\">Cliquez pour partager sur Twitter(ouvre dans une nouvelle fen\u00eatre)<\/span><\/a><\/li><li class=\"share-end\"><\/li><\/ul><\/div><\/div><\/div>","protected":false},"author":1,"featured_media":0,"parent":0,"menu_order":0,"comment_status":"closed","ping_status":"closed","template":"","meta":{"spay_email":""},"jetpack_sharing_enabled":true,"_links":{"self":[{"href":"https:\/\/jp-pourtal.fr\/index.php\/wp-json\/wp\/v2\/pages\/18"}],"collection":[{"href":"https:\/\/jp-pourtal.fr\/index.php\/wp-json\/wp\/v2\/pages"}],"about":[{"href":"https:\/\/jp-pourtal.fr\/index.php\/wp-json\/wp\/v2\/types\/page"}],"author":[{"embeddable":true,"href":"https:\/\/jp-pourtal.fr\/index.php\/wp-json\/wp\/v2\/users\/1"}],"replies":[{"embeddable":true,"href":"https:\/\/jp-pourtal.fr\/index.php\/wp-json\/wp\/v2\/comments?post=18"}],"version-history":[{"count":8,"href":"https:\/\/jp-pourtal.fr\/index.php\/wp-json\/wp\/v2\/pages\/18\/revisions"}],"predecessor-version":[{"id":506,"href":"https:\/\/jp-pourtal.fr\/index.php\/wp-json\/wp\/v2\/pages\/18\/revisions\/506"}],"wp:attachment":[{"href":"https:\/\/jp-pourtal.fr\/index.php\/wp-json\/wp\/v2\/media?parent=18"}],"curies":[{"name":"wp","href":"https:\/\/api.w.org\/{rel}","templated":true}]}}