{"id":16,"date":"2018-05-22T09:18:09","date_gmt":"2018-05-22T07:18:09","guid":{"rendered":"http:\/\/jp-pourtal.fr\/?page_id=16"},"modified":"2020-05-01T10:35:35","modified_gmt":"2020-05-01T08:35:35","slug":"accueil","status":"publish","type":"page","link":"https:\/\/jp-pourtal.fr\/","title":{"rendered":"Bienvenue"},"content":{"rendered":"\n<div class=\"wp-block-image\"><figure class=\"alignleft is-resized\"><a href=\"https:\/\/jp-pourtal.fr\/index.php\/qui-suis-je\/\"><img decoding=\"async\" loading=\"lazy\" src=\"https:\/\/i0.wp.com\/jp-pourtal.fr\/wp-content\/uploads\/2019\/06\/20190621-Autoportrait01.jpg?resize=256%2C252&#038;ssl=1\" alt=\"Jean-Patrick Pourtal - Juin 2019\" class=\"wp-image-846\" width=\"256\" height=\"252\" srcset=\"https:\/\/i0.wp.com\/jp-pourtal.fr\/wp-content\/uploads\/2019\/06\/20190621-Autoportrait01.jpg?resize=1024%2C1009&amp;ssl=1 1024w, https:\/\/i0.wp.com\/jp-pourtal.fr\/wp-content\/uploads\/2019\/06\/20190621-Autoportrait01.jpg?resize=300%2C296&amp;ssl=1 300w, https:\/\/i0.wp.com\/jp-pourtal.fr\/wp-content\/uploads\/2019\/06\/20190621-Autoportrait01.jpg?resize=768%2C757&amp;ssl=1 768w, https:\/\/i0.wp.com\/jp-pourtal.fr\/wp-content\/uploads\/2019\/06\/20190621-Autoportrait01.jpg?resize=1200%2C1182&amp;ssl=1 1200w, https:\/\/i0.wp.com\/jp-pourtal.fr\/wp-content\/uploads\/2019\/06\/20190621-Autoportrait01.jpg?w=1680&amp;ssl=1 1680w, https:\/\/i0.wp.com\/jp-pourtal.fr\/wp-content\/uploads\/2019\/06\/20190621-Autoportrait01.jpg?w=2520&amp;ssl=1 2520w\" sizes=\"(max-width: 256px) 85vw, 256px\" data-recalc-dims=\"1\" \/><\/a><\/figure><\/div>\n\n\n<div><span style=\"color: #000000;\"><strong>Je suis heureux de vous faire d\u00e9couvrir un \u00e9chantillon de mes photographies<\/strong><\/span> que je pr\u00e9f\u00e8re. Elles se rapportent toujours pour moi \u00e0 des \u00e9v\u00e9nements ayant une importance soit en raison des lieux, des moments ou en raison des personnes qui m&rsquo;accompagnaient au moment o\u00f9 elles ont \u00e9t\u00e9 prises.<\/div>\n<div>J&rsquo;esp\u00e8re partager avec vous ces moments qui restent des moments de plaisir.<\/div>\n<div>&nbsp;<\/div>\n<div style=\"text-align: center;\">&nbsp;<\/div>\n\n\n<div class=\"wp-block-ftg-gallery\"><!-- Final Tiles Grid Gallery for WordPress v3.5.6 free --><style>#ftg-1515 .tile .icon { color:#ffffff; }#ftg-1515 .ftg-items .loading-bar i { background:#666; }#ftg-1515 .ftg-items .loading-bar { background:#fff; }#ftg-1515 .tile .icon { font-size:12px; }#ftg-1515 .tile .icon { margin: -6px 0 0 -6px; }#ftg-1515 .tile .caption-block .text-wrapper span.text { font-size:12px; }#ftg-1515 .tile .caption-outside .text-wrapper span.text { font-size:12px; }#ftg-1515 .tile .caption-block .text-wrapper span.title { font-size:14px; }#ftg-1515 .tile .caption-outside .text-wrapper span.title { font-size:14px; }#ftg-1515 .tile { background-color: transparent; }#ftg-1515 .tile .caption-block .text-wrapper span.text { color: #ffffff; }#ftg-1515 .tile .caption-block .text-wrapper span.title { color: #ffffff; }#ftg-1515 .tile .caption-outside .text-wrapper span.text { color: #ffffff; }#ftg-1515 .tile .caption-outside .text-wrapper span.title { color: #ffffff; }#ftg-1515 .tile .ftg-social a { color: #ffffff; }#ftg-1515 .tile .caption-block { transition-timing-function:ease; }#ftg-1515 .tile .caption-block { transition-duration:0.25s; }#ftg-1515 .tile .tile-inner:before { background-color: #000000; }#ftg-1515 .tile .tile-inner:before { background-color: rgba(0, 0, 0, 0.8); }#ftg-1515 .tile:hover img {-moz-transform: ;-webkit-transform: ;-o-transform: ;-ms-transform: ;transform: ;}<\/style><a name='15'><\/a><div class='final-tiles-gallery  ftg-hover-enabled caption-inside  caption-none caption-middle caption-center' id='ftg-1515' style='width:100%'><div class='ftg-items'><div class='loading-bar'><i><\/i><\/div><div  class='tile ftg-preload  '><a title=\"Noir et Blanc \/ Black &amp;amp; White\"  rel='ftg-1515'  class=' tile-inner  ' href='https:\/\/jp-pourtal.fr\/index.php\/noir-et-blanc-black-and-white\/' ><img alt='Noir et Blanc \/ Black &amp; White' class='item skip-lazy' data-class='item' data-ftg-source='https:\/\/i0.wp.com\/jp-pourtal.fr\/wp-content\/uploads\/2023\/03\/DSC9892-2.jpg?resize=840%2C840&#038;ssl=1' src='https:\/\/i0.wp.com\/jp-pourtal.fr\/wp-content\/uploads\/2023\/03\/DSC9892-2.jpg?resize=840%2C840&#038;ssl=1' width='840' height='840' data-recalc-dims=\"1\" \/><div class='caption-block'><div class='text-wrapper'><span class='title'>Noir et Blanc \/ Black &amp; White<\/span><\/div><\/div><\/a><div class='ftg-social'><\/div><\/div><div  class='tile ftg-preload  '><a title=\"Mes Cyanotypes - P\u00eale-m\u00eale\"  rel='ftg-1515'  class=' tile-inner  ' href='https:\/\/jp-pourtal.fr\/index.php\/les-portfolios\/les-procedes-anciens\/mes-cyanotypes\/' ><img alt='Mes Cyanotypes - P\u00eale-m\u00eale' class='item skip-lazy' data-class='item' data-ftg-source='https:\/\/i0.wp.com\/jp-pourtal.fr\/wp-content\/uploads\/2022\/03\/20211129-NotreDameDeParisVirageAuThe-copie.jpg?resize=722%2C1024&#038;ssl=1' src='https:\/\/i0.wp.com\/jp-pourtal.fr\/wp-content\/uploads\/2022\/03\/20211129-NotreDameDeParisVirageAuThe-copie.jpg?resize=722%2C1024&#038;ssl=1' width='722' height='1024' data-recalc-dims=\"1\" \/><div class='caption-block'><div class='text-wrapper'><span class='title'>Mes Cyanotypes - P\u00eale-m\u00eale<\/span><\/div><\/div><\/a><div class='ftg-social'><\/div><\/div><div  class='tile ftg-preload  '><a title=\"Lieux Mythiques et Magnifiques\"  rel='ftg-1515'  class=' tile-inner  ' href='https:\/\/jp-pourtal.fr\/index.php\/les-portfolios\/portfolios\/' ><img alt='Lieux Mythiques et Magnifiques' class='item skip-lazy' data-class='item' data-ftg-source='https:\/\/i0.wp.com\/jp-pourtal.fr\/wp-content\/uploads\/2021\/11\/BERLIN-EXPO-01-copie.jpg?resize=768%2C768&#038;ssl=1' src='https:\/\/i0.wp.com\/jp-pourtal.fr\/wp-content\/uploads\/2021\/11\/BERLIN-EXPO-01-copie.jpg?resize=768%2C768&#038;ssl=1' width='768' height='768' data-recalc-dims=\"1\" \/><div class='caption-block'><div class='text-wrapper'><span class='title'>Lieux Mythiques et Magnifiques<\/span><span class='text'>Lieux Mythiques et Magnifiques<\/span><\/div><\/div><\/a><div class='ftg-social'><\/div><\/div><div  class='tile ftg-preload  '><a title=\"Urbanisme contemporain\"  rel='ftg-1515'  class=' tile-inner  ' href='https:\/\/jp-pourtal.fr\/index.php\/portfolios-5\/' ><img alt='Urbanisme contemporain' class='item skip-lazy' data-class='item' data-ftg-source='https:\/\/i0.wp.com\/jp-pourtal.fr\/wp-content\/uploads\/2020\/11\/2020-10-06-Urb01.jpg?resize=300%2C300&#038;ssl=1' src='https:\/\/i0.wp.com\/jp-pourtal.fr\/wp-content\/uploads\/2020\/11\/2020-10-06-Urb01.jpg?resize=300%2C300&#038;ssl=1' width='300' height='300' data-recalc-dims=\"1\" \/><div class='caption-block'><div class='text-wrapper'><span class='title'>Urbanisme contemporain<\/span><span class='text'>Urbanisme contemporain<\/span><\/div><\/div><\/a><div class='ftg-social'><\/div><\/div><div  class='tile ftg-preload  '><a title=\"Fleurs et nature\"  rel='ftg-1515'  class=' tile-inner  ' href='https:\/\/jp-pourtal.fr\/index.php\/un-peu-de-technique\/' ><img alt='Fleurs et nature' class='item skip-lazy' data-class='item' data-ftg-source='https:\/\/i0.wp.com\/jp-pourtal.fr\/wp-content\/uploads\/2018\/06\/20110122-DSC_0021.jpg?resize=300%2C199&#038;ssl=1' src='https:\/\/i0.wp.com\/jp-pourtal.fr\/wp-content\/uploads\/2018\/06\/20110122-DSC_0021.jpg?resize=300%2C199&#038;ssl=1' width='300' height='199' data-recalc-dims=\"1\" \/><div class='caption-block'><div class='text-wrapper'><span class='title'>Fleurs et nature<\/span><\/div><\/div><\/a><div class='ftg-social'><\/div><\/div><div  class='tile ftg-preload  '><a title=\"Studio\"  rel='ftg-1515'  class=' tile-inner  ' href='https:\/\/jp-pourtal.fr\/index.php\/les-portfolios\/portfolios-3\/' ><img alt='Studio' class='item skip-lazy' data-class='item' data-ftg-source='https:\/\/i0.wp.com\/jp-pourtal.fr\/wp-content\/uploads\/2018\/06\/Obj01.jpg?resize=300%2C199&#038;ssl=1' src='https:\/\/i0.wp.com\/jp-pourtal.fr\/wp-content\/uploads\/2018\/06\/Obj01.jpg?resize=300%2C199&#038;ssl=1' width='300' height='199' data-recalc-dims=\"1\" \/><div class='caption-block'><div class='text-wrapper'><span class='title'>Studio<\/span><\/div><\/div><\/a><div class='ftg-social'><\/div><\/div><div  class='tile ftg-preload  '><a title=\"La passion des Hommes\"  rel='ftg-1515'  class=' tile-inner  ' href='https:\/\/jp-pourtal.fr\/index.php\/portfolio-4\/' ><img alt='La passion des Hommes' class='item skip-lazy' data-class='item' data-ftg-source='https:\/\/i0.wp.com\/jp-pourtal.fr\/wp-content\/uploads\/2019\/02\/20190217-FestivalAM002.jpg?resize=300%2C199&#038;ssl=1' src='https:\/\/i0.wp.com\/jp-pourtal.fr\/wp-content\/uploads\/2019\/02\/20190217-FestivalAM002.jpg?resize=300%2C199&#038;ssl=1' width='300' height='199' data-recalc-dims=\"1\" \/><div class='caption-block'><div class='text-wrapper'><span class='title'>La passion des Hommes<\/span><\/div><\/div><\/a><div class='ftg-social'><\/div><\/div><div  class='tile ftg-preload  '><a title=\"Les objets, arts et cr\u00e9ations\"  rel='ftg-1515'  class=' tile-inner  ' href='https:\/\/jp-pourtal.fr\/index.php\/les-objets-art-et-creation\/' ><img alt='Les objets, arts et cr\u00e9ations' class='item skip-lazy' data-class='item' data-ftg-source='https:\/\/i0.wp.com\/jp-pourtal.fr\/wp-content\/uploads\/2023\/03\/12022022-_DSC3730.jpg?resize=300%2C300&#038;ssl=1' src='https:\/\/i0.wp.com\/jp-pourtal.fr\/wp-content\/uploads\/2023\/03\/12022022-_DSC3730.jpg?resize=300%2C300&#038;ssl=1' width='300' height='300' data-recalc-dims=\"1\" \/><div class='caption-block'><div class='text-wrapper'><span class='title'>Les objets, arts et cr\u00e9ations<\/span><\/div><\/div><\/a><div class='ftg-social'><\/div><\/div><\/div><\/div><script type='text\/javascript'>jQuery('#ftg-1515 img.item').removeAttr('src');jQuery(document).ready(function () {setTimeout(function () {jQuery('#ftg-1515').finalTilesGallery({minTileWidth: 250,margin: 10,loadMethod: 'sequential',nonce: '199990e602',galleryId: '15',setupFilters: true,layout: 'columns',debug: false,gridSize: 25,disableGridSizeBelow:800,allowEnlargement: true,columns: [[4000, 4],[1024, 4],[800, 3],[480, 3],[320, 2]],selectedFilter: 'n-a'});jQuery(function () {(function () {var rel = '';jQuery('#ftg-1515 .ftg-lightbox').click(function (e) {rel = jQuery(this).attr('rel');jQuery('#ftg-1515 .ftg-current').removeClass('ftg-current');jQuery('#ftg-1515 [rel=\"'+rel+'\"]').addClass('ftg-current');});})();});}, 0);});<\/script><\/div>\n\n\n\n<p><\/p>\n<div class=\"sharedaddy sd-sharing-enabled\"><div class=\"robots-nocontent sd-block sd-social sd-social-icon sd-sharing\"><h3 class=\"sd-title\">Share this:<\/h3><div class=\"sd-content\"><ul><li class=\"share-facebook\"><a rel=\"nofollow noopener noreferrer\" data-shared=\"sharing-facebook-16\" class=\"share-facebook sd-button share-icon no-text\" href=\"https:\/\/jp-pourtal.fr\/?share=facebook\" target=\"_blank\" title=\"Cliquez pour partager sur Facebook\"><span><\/span><span class=\"sharing-screen-reader-text\">Cliquez pour partager sur Facebook(ouvre dans une nouvelle fen\u00eatre)<\/span><\/a><\/li><li class=\"share-linkedin\"><a rel=\"nofollow noopener noreferrer\" data-shared=\"sharing-linkedin-16\" class=\"share-linkedin sd-button share-icon no-text\" href=\"https:\/\/jp-pourtal.fr\/?share=linkedin\" target=\"_blank\" title=\"Cliquez pour partager sur LinkedIn\"><span><\/span><span class=\"sharing-screen-reader-text\">Cliquez pour partager sur LinkedIn(ouvre dans une nouvelle fen\u00eatre)<\/span><\/a><\/li><li class=\"share-jetpack-whatsapp\"><a rel=\"nofollow noopener noreferrer\" data-shared=\"\" class=\"share-jetpack-whatsapp sd-button share-icon no-text\" href=\"https:\/\/jp-pourtal.fr\/?share=jetpack-whatsapp\" target=\"_blank\" title=\"Cliquez pour partager sur WhatsApp\"><span><\/span><span class=\"sharing-screen-reader-text\">Cliquez pour partager sur WhatsApp(ouvre dans une nouvelle fen\u00eatre)<\/span><\/a><\/li><li class=\"share-twitter\"><a rel=\"nofollow noopener noreferrer\" data-shared=\"sharing-twitter-16\" class=\"share-twitter sd-button share-icon no-text\" href=\"https:\/\/jp-pourtal.fr\/?share=twitter\" target=\"_blank\" title=\"Cliquez pour partager sur Twitter\"><span><\/span><span class=\"sharing-screen-reader-text\">Cliquez pour partager sur Twitter(ouvre dans une nouvelle fen\u00eatre)<\/span><\/a><\/li><li class=\"share-end\"><\/li><\/ul><\/div><\/div><\/div>","protected":false},"excerpt":{"rendered":"<p>Je suis heureux de vous faire d\u00e9couvrir un \u00e9chantillon de mes photographies que je pr\u00e9f\u00e8re. Elles se rapportent toujours pour moi \u00e0 des \u00e9v\u00e9nements ayant une importance soit en raison des lieux, des moments ou en raison des personnes qui m&rsquo;accompagnaient au moment o\u00f9 elles ont \u00e9t\u00e9 prises. J&rsquo;esp\u00e8re partager avec vous ces moments qui &hellip; <a href=\"https:\/\/jp-pourtal.fr\/\" class=\"more-link\">Continuer la lecture<span class=\"screen-reader-text\"> de &laquo;&nbsp;Bienvenue&nbsp;&raquo;<\/span><\/a><\/p>\n<div class=\"sharedaddy sd-sharing-enabled\"><div class=\"robots-nocontent sd-block sd-social sd-social-icon sd-sharing\"><h3 class=\"sd-title\">Share this:<\/h3><div class=\"sd-content\"><ul><li class=\"share-facebook\"><a rel=\"nofollow noopener noreferrer\" data-shared=\"sharing-facebook-16\" class=\"share-facebook sd-button share-icon no-text\" href=\"https:\/\/jp-pourtal.fr\/?share=facebook\" target=\"_blank\" title=\"Cliquez pour partager sur Facebook\"><span><\/span><span class=\"sharing-screen-reader-text\">Cliquez pour partager sur Facebook(ouvre dans une nouvelle fen\u00eatre)<\/span><\/a><\/li><li class=\"share-linkedin\"><a rel=\"nofollow noopener noreferrer\" data-shared=\"sharing-linkedin-16\" class=\"share-linkedin sd-button share-icon no-text\" href=\"https:\/\/jp-pourtal.fr\/?share=linkedin\" target=\"_blank\" title=\"Cliquez pour partager sur LinkedIn\"><span><\/span><span class=\"sharing-screen-reader-text\">Cliquez pour partager sur LinkedIn(ouvre dans une nouvelle fen\u00eatre)<\/span><\/a><\/li><li class=\"share-jetpack-whatsapp\"><a rel=\"nofollow noopener noreferrer\" data-shared=\"\" class=\"share-jetpack-whatsapp sd-button share-icon no-text\" href=\"https:\/\/jp-pourtal.fr\/?share=jetpack-whatsapp\" target=\"_blank\" title=\"Cliquez pour partager sur WhatsApp\"><span><\/span><span class=\"sharing-screen-reader-text\">Cliquez pour partager sur WhatsApp(ouvre dans une nouvelle fen\u00eatre)<\/span><\/a><\/li><li class=\"share-twitter\"><a rel=\"nofollow noopener noreferrer\" data-shared=\"sharing-twitter-16\" class=\"share-twitter sd-button share-icon no-text\" href=\"https:\/\/jp-pourtal.fr\/?share=twitter\" target=\"_blank\" title=\"Cliquez pour partager sur Twitter\"><span><\/span><span class=\"sharing-screen-reader-text\">Cliquez pour partager sur Twitter(ouvre dans une nouvelle fen\u00eatre)<\/span><\/a><\/li><li class=\"share-end\"><\/li><\/ul><\/div><\/div><\/div>","protected":false},"author":1,"featured_media":0,"parent":0,"menu_order":0,"comment_status":"closed","ping_status":"closed","template":"","meta":{"spay_email":""},"jetpack_sharing_enabled":true,"_links":{"self":[{"href":"https:\/\/jp-pourtal.fr\/index.php\/wp-json\/wp\/v2\/pages\/16"}],"collection":[{"href":"https:\/\/jp-pourtal.fr\/index.php\/wp-json\/wp\/v2\/pages"}],"about":[{"href":"https:\/\/jp-pourtal.fr\/index.php\/wp-json\/wp\/v2\/types\/page"}],"author":[{"embeddable":true,"href":"https:\/\/jp-pourtal.fr\/index.php\/wp-json\/wp\/v2\/users\/1"}],"replies":[{"embeddable":true,"href":"https:\/\/jp-pourtal.fr\/index.php\/wp-json\/wp\/v2\/comments?post=16"}],"version-history":[{"count":14,"href":"https:\/\/jp-pourtal.fr\/index.php\/wp-json\/wp\/v2\/pages\/16\/revisions"}],"predecessor-version":[{"id":1137,"href":"https:\/\/jp-pourtal.fr\/index.php\/wp-json\/wp\/v2\/pages\/16\/revisions\/1137"}],"wp:attachment":[{"href":"https:\/\/jp-pourtal.fr\/index.php\/wp-json\/wp\/v2\/media?parent=16"}],"curies":[{"name":"wp","href":"https:\/\/api.w.org\/{rel}","templated":true}]}}