{"id":129,"date":"2018-06-04T11:28:39","date_gmt":"2018-06-04T09:28:39","guid":{"rendered":"http:\/\/jp-pourtal.fr\/?page_id=129"},"modified":"2019-08-11T09:30:39","modified_gmt":"2019-08-11T07:30:39","slug":"carnac-2012","status":"publish","type":"page","link":"https:\/\/jp-pourtal.fr\/index.php\/les-portfolios\/portfolios\/carnac-2012\/","title":{"rendered":"Carnac &#8211; 2012"},"content":{"rendered":"<p><a href=\"http:\/\/jp-pourtal.fr\/index.php\/portfolios\/\">Retour Lieux Mythiques<\/a><\/p>\n<p>Voyage dans les souvenirs des myst\u00e8res de Bretagne.<br \/>\nJe vous fais voyager dans les r\u00eaves des myst\u00e8res Bretons ; peut-\u00eatre au d\u00e9tour de l&rsquo;un de ces menhirs rencontrerez vous Merlin l&rsquo;Enchanteur se promenant avec le Roi Arthur.<\/p>\n<p style=\"text-align: center;\"><!-- Final Tiles Grid Gallery for WordPress v3.5.6 free --><style>#ftg-33 .tile .icon { color:#ffffff; }#ftg-33 .ftg-items .loading-bar i { background:#666; }#ftg-33 .ftg-items .loading-bar { background:#fff; }#ftg-33 .tile .icon { font-size:12px; }#ftg-33 .tile .icon { margin: -6px 0 0 -6px; }#ftg-33 .tile .caption-block .text-wrapper span.text { font-size:12px; }#ftg-33 .tile .caption-outside .text-wrapper span.text { font-size:12px; }#ftg-33 .tile .caption-block .text-wrapper span.title { font-size:14px; }#ftg-33 .tile .caption-outside .text-wrapper span.title { font-size:14px; }#ftg-33 .tile { background-color: transparent; }#ftg-33 .tile .caption-block .text-wrapper span.text { color: #ffffff; }#ftg-33 .tile .caption-block .text-wrapper span.title { color: #ffffff; }#ftg-33 .tile .caption-outside .text-wrapper span.text { color: #ffffff; }#ftg-33 .tile .caption-outside .text-wrapper span.title { color: #ffffff; }#ftg-33 .tile .ftg-social a { color: #ffffff; }#ftg-33 .tile .caption-block { transition-timing-function:ease; }#ftg-33 .tile .caption-block { transition-duration:0.25s; }#ftg-33 .tile .tile-inner:before { background-color: #000000; }#ftg-33 .tile .tile-inner:before { background-color: rgba(0, 0, 0, 0.8); }#ftg-33 .tile:hover img {-moz-transform: ;-webkit-transform: ;-o-transform: ;-ms-transform: ;transform: ;}<\/style><a name='3'><\/a><div class='final-tiles-gallery  ftg-hover-enabled caption-inside  caption-none caption-middle caption-center' id='ftg-33' style='width:100%'><div class='ftg-items'><div class='loading-bar'><i><\/i><\/div><div  class='tile ftg-preload  '><a title=\"\" data-lightbox='ftg-33' rel='ftg-33'  class=' tile-inner  ftg-lightbox' href=\"https:\/\/i0.wp.com\/jp-pourtal.fr\/wp-content\/uploads\/2018\/06\/2015-09-Carnac12-1024x680.jpg?ssl=1\"  data-rel=\"lightbox-image-0\" data-rl_title=\"\" data-rl_caption=\"\"><img alt='2015-09-Carnac12' class='item skip-lazy' data-class='item' data-ftg-source='https:\/\/i0.wp.com\/jp-pourtal.fr\/wp-content\/uploads\/2018\/06\/2015-09-Carnac12.jpg?resize=300%2C199&#038;ssl=1' src='https:\/\/i0.wp.com\/jp-pourtal.fr\/wp-content\/uploads\/2018\/06\/2015-09-Carnac12.jpg?resize=300%2C199&#038;ssl=1' width='300' height='199' data-recalc-dims=\"1\" \/><div class='caption-block'><div class='text-wrapper'><span class='title'>2015-09-Carnac12<\/span><\/div><\/div><\/a><div class='ftg-social'><\/div><\/div><div  class='tile ftg-preload  '><a title=\"\" data-lightbox='ftg-33' rel='ftg-33'  class=' tile-inner  ftg-lightbox' href=\"https:\/\/i0.wp.com\/jp-pourtal.fr\/wp-content\/uploads\/2018\/06\/2015-09-Carnac11-680x1024.jpg?ssl=1\"  data-rel=\"lightbox-image-1\" data-rl_title=\"\" data-rl_caption=\"\"><img alt='2015-09-Carnac11' class='item skip-lazy' data-class='item' data-ftg-source='https:\/\/i0.wp.com\/jp-pourtal.fr\/wp-content\/uploads\/2018\/06\/2015-09-Carnac11.jpg?resize=199%2C300&#038;ssl=1' src='https:\/\/i0.wp.com\/jp-pourtal.fr\/wp-content\/uploads\/2018\/06\/2015-09-Carnac11.jpg?resize=199%2C300&#038;ssl=1' width='199' height='300' data-recalc-dims=\"1\" \/><div class='caption-block'><div class='text-wrapper'><span class='title'>2015-09-Carnac11<\/span><\/div><\/div><\/a><div class='ftg-social'><\/div><\/div><div  class='tile ftg-preload  '><a title=\"\" data-lightbox='ftg-33' rel='ftg-33'  class=' tile-inner  ftg-lightbox' href=\"https:\/\/i0.wp.com\/jp-pourtal.fr\/wp-content\/uploads\/2018\/06\/2015-09-Carnac10-680x1024.jpg?ssl=1\"  data-rel=\"lightbox-image-2\" data-rl_title=\"\" data-rl_caption=\"\"><img alt='2015-09-Carnac10' class='item skip-lazy' data-class='item' data-ftg-source='https:\/\/i0.wp.com\/jp-pourtal.fr\/wp-content\/uploads\/2018\/06\/2015-09-Carnac10.jpg?resize=199%2C300&#038;ssl=1' src='https:\/\/i0.wp.com\/jp-pourtal.fr\/wp-content\/uploads\/2018\/06\/2015-09-Carnac10.jpg?resize=199%2C300&#038;ssl=1' width='199' height='300' data-recalc-dims=\"1\" \/><div class='caption-block'><div class='text-wrapper'><span class='title'>2015-09-Carnac10<\/span><\/div><\/div><\/a><div class='ftg-social'><\/div><\/div><div  class='tile ftg-preload  '><a title=\"\" data-lightbox='ftg-33' rel='ftg-33'  class=' tile-inner  ftg-lightbox' href=\"https:\/\/i0.wp.com\/jp-pourtal.fr\/wp-content\/uploads\/2018\/06\/2015-09-Carnac09-1024x680.jpg?ssl=1\"  data-rel=\"lightbox-image-3\" data-rl_title=\"\" data-rl_caption=\"\"><img alt='2015-09-Carnac09' class='item skip-lazy' data-class='item' data-ftg-source='https:\/\/i0.wp.com\/jp-pourtal.fr\/wp-content\/uploads\/2018\/06\/2015-09-Carnac09.jpg?resize=300%2C199&#038;ssl=1' src='https:\/\/i0.wp.com\/jp-pourtal.fr\/wp-content\/uploads\/2018\/06\/2015-09-Carnac09.jpg?resize=300%2C199&#038;ssl=1' width='300' height='199' data-recalc-dims=\"1\" \/><div class='caption-block'><div class='text-wrapper'><span class='title'>2015-09-Carnac09<\/span><\/div><\/div><\/a><div class='ftg-social'><\/div><\/div><div  class='tile ftg-preload  '><a title=\"\" data-lightbox='ftg-33' rel='ftg-33'  class=' tile-inner  ftg-lightbox' href=\"https:\/\/i0.wp.com\/jp-pourtal.fr\/wp-content\/uploads\/2018\/06\/2015-09-Carnac08-1024x680.jpg?ssl=1\"  data-rel=\"lightbox-image-4\" data-rl_title=\"\" data-rl_caption=\"\"><img alt='2015-09-Carnac08' class='item skip-lazy' data-class='item' data-ftg-source='https:\/\/i0.wp.com\/jp-pourtal.fr\/wp-content\/uploads\/2018\/06\/2015-09-Carnac08.jpg?resize=300%2C199&#038;ssl=1' src='https:\/\/i0.wp.com\/jp-pourtal.fr\/wp-content\/uploads\/2018\/06\/2015-09-Carnac08.jpg?resize=300%2C199&#038;ssl=1' width='300' height='199' data-recalc-dims=\"1\" \/><div class='caption-block'><div class='text-wrapper'><span class='title'>2015-09-Carnac08<\/span><\/div><\/div><\/a><div class='ftg-social'><\/div><\/div><div  class='tile ftg-preload  '><a title=\"\" data-lightbox='ftg-33' rel='ftg-33'  class=' tile-inner  ftg-lightbox' href=\"https:\/\/i0.wp.com\/jp-pourtal.fr\/wp-content\/uploads\/2018\/06\/2015-09-Carnac07-1024x680.jpg?ssl=1\"  data-rel=\"lightbox-image-5\" data-rl_title=\"\" data-rl_caption=\"\"><img alt='2015-09-Carnac07' class='item skip-lazy' data-class='item' data-ftg-source='https:\/\/i0.wp.com\/jp-pourtal.fr\/wp-content\/uploads\/2018\/06\/2015-09-Carnac07.jpg?resize=300%2C199&#038;ssl=1' src='https:\/\/i0.wp.com\/jp-pourtal.fr\/wp-content\/uploads\/2018\/06\/2015-09-Carnac07.jpg?resize=300%2C199&#038;ssl=1' width='300' height='199' data-recalc-dims=\"1\" \/><div class='caption-block'><div class='text-wrapper'><span class='title'>2015-09-Carnac07<\/span><\/div><\/div><\/a><div class='ftg-social'><\/div><\/div><div  class='tile ftg-preload  '><a title=\"\" data-lightbox='ftg-33' rel='ftg-33'  class=' tile-inner  ftg-lightbox' href=\"https:\/\/i0.wp.com\/jp-pourtal.fr\/wp-content\/uploads\/2018\/06\/2015-09-Carnac06-1024x680.jpg?ssl=1\"  data-rel=\"lightbox-image-6\" data-rl_title=\"\" data-rl_caption=\"\"><img alt='2015-09-Carnac06' class='item skip-lazy' data-class='item' data-ftg-source='https:\/\/i0.wp.com\/jp-pourtal.fr\/wp-content\/uploads\/2018\/06\/2015-09-Carnac06-300x199.jpg?resize=840%2C558' src='https:\/\/i0.wp.com\/jp-pourtal.fr\/wp-content\/uploads\/2018\/06\/2015-09-Carnac06-300x199.jpg?resize=840%2C558' width='840' height='558' data-recalc-dims=\"1\" \/><div class='caption-block'><div class='text-wrapper'><span class='title'>2015-09-Carnac06<\/span><\/div><\/div><\/a><div class='ftg-social'><\/div><\/div><div  class='tile ftg-preload  '><a title=\"\" data-lightbox='ftg-33' rel='ftg-33'  class=' tile-inner  ftg-lightbox' href=\"https:\/\/i0.wp.com\/jp-pourtal.fr\/wp-content\/uploads\/2018\/06\/2015-09-Carnac05-1024x680.jpg?ssl=1\"  data-rel=\"lightbox-image-7\" data-rl_title=\"\" data-rl_caption=\"\"><img alt='2015-09-Carnac05' class='item skip-lazy' data-class='item' data-ftg-source='https:\/\/i0.wp.com\/jp-pourtal.fr\/wp-content\/uploads\/2018\/06\/2015-09-Carnac05-300x199.jpg?resize=840%2C558' src='https:\/\/i0.wp.com\/jp-pourtal.fr\/wp-content\/uploads\/2018\/06\/2015-09-Carnac05-300x199.jpg?resize=840%2C558' width='840' height='558' data-recalc-dims=\"1\" \/><div class='caption-block'><div class='text-wrapper'><span class='title'>2015-09-Carnac05<\/span><\/div><\/div><\/a><div class='ftg-social'><\/div><\/div><div  class='tile ftg-preload  '><a title=\"\" data-lightbox='ftg-33' rel='ftg-33'  class=' tile-inner  ftg-lightbox' href=\"https:\/\/i0.wp.com\/jp-pourtal.fr\/wp-content\/uploads\/2018\/06\/2015-09-Carnac03-1024x680.jpg?ssl=1\"  data-rel=\"lightbox-image-8\" data-rl_title=\"\" data-rl_caption=\"\"><img alt='2015-09-Carnac03' class='item skip-lazy' data-class='item' data-ftg-source='https:\/\/i0.wp.com\/jp-pourtal.fr\/wp-content\/uploads\/2018\/06\/2015-09-Carnac03-300x199.jpg?resize=840%2C558' src='https:\/\/i0.wp.com\/jp-pourtal.fr\/wp-content\/uploads\/2018\/06\/2015-09-Carnac03-300x199.jpg?resize=840%2C558' width='840' height='558' data-recalc-dims=\"1\" \/><div class='caption-block'><div class='text-wrapper'><span class='title'>2015-09-Carnac03<\/span><\/div><\/div><\/a><div class='ftg-social'><\/div><\/div><div  class='tile ftg-preload  '><a title=\"\" data-lightbox='ftg-33' rel='ftg-33'  class=' tile-inner  ftg-lightbox' href=\"https:\/\/i0.wp.com\/jp-pourtal.fr\/wp-content\/uploads\/2018\/06\/2015-09-Carnac02-1024x680.jpg?ssl=1\"  data-rel=\"lightbox-image-9\" data-rl_title=\"\" data-rl_caption=\"\"><img alt='2015-09-Carnac02' class='item skip-lazy' data-class='item' data-ftg-source='https:\/\/i0.wp.com\/jp-pourtal.fr\/wp-content\/uploads\/2018\/06\/2015-09-Carnac02-300x199.jpg?resize=840%2C558' src='https:\/\/i0.wp.com\/jp-pourtal.fr\/wp-content\/uploads\/2018\/06\/2015-09-Carnac02-300x199.jpg?resize=840%2C558' width='840' height='558' data-recalc-dims=\"1\" \/><div class='caption-block'><div class='text-wrapper'><span class='title'>2015-09-Carnac02<\/span><\/div><\/div><\/a><div class='ftg-social'><\/div><\/div><div  class='tile ftg-preload  '><a title=\"\" data-lightbox='ftg-33' rel='ftg-33'  class=' tile-inner  ftg-lightbox' href=\"https:\/\/i0.wp.com\/jp-pourtal.fr\/wp-content\/uploads\/2018\/06\/2015-09-Carnac01-1024x680.jpg?ssl=1\"  data-rel=\"lightbox-image-10\" data-rl_title=\"\" data-rl_caption=\"\"><img alt='2015-09-Carnac01' class='item skip-lazy' data-class='item' data-ftg-source='https:\/\/i0.wp.com\/jp-pourtal.fr\/wp-content\/uploads\/2018\/06\/2015-09-Carnac01-300x199.jpg?resize=840%2C558' src='https:\/\/i0.wp.com\/jp-pourtal.fr\/wp-content\/uploads\/2018\/06\/2015-09-Carnac01-300x199.jpg?resize=840%2C558' width='840' height='558' data-recalc-dims=\"1\" \/><div class='caption-block'><div class='text-wrapper'><span class='title'>2015-09-Carnac01<\/span><\/div><\/div><\/a><div class='ftg-social'><\/div><\/div><div  class='tile ftg-preload  '><a title=\"\" data-lightbox='ftg-33' rel='ftg-33'  class=' tile-inner  ftg-lightbox' href=\"https:\/\/i0.wp.com\/jp-pourtal.fr\/wp-content\/uploads\/2018\/06\/Bretagne2011-02-1024x680.jpg?ssl=1\"  data-rel=\"lightbox-image-11\" data-rl_title=\"\" data-rl_caption=\"\"><img alt='Bretagne2011-02' class='item skip-lazy' data-class='item' data-ftg-source='https:\/\/i0.wp.com\/jp-pourtal.fr\/wp-content\/uploads\/2018\/06\/Bretagne2011-02-150x150.jpg?resize=840%2C558' src='https:\/\/i0.wp.com\/jp-pourtal.fr\/wp-content\/uploads\/2018\/06\/Bretagne2011-02-150x150.jpg?resize=840%2C558' width='840' height='558' data-recalc-dims=\"1\" \/><div class='caption-block'><div class='text-wrapper'><span class='title'>Bretagne2011-02<\/span><\/div><\/div><\/a><div class='ftg-social'><\/div><\/div><\/div><\/div><script type='text\/javascript'>jQuery('#ftg-33 img.item').removeAttr('src');jQuery(document).ready(function () {setTimeout(function () {jQuery('#ftg-33').finalTilesGallery({minTileWidth: 250,margin: 10,loadMethod: 'sequential',nonce: '5792767992',galleryId: '3',setupFilters: true,layout: 'final',debug: false,gridSize: 25,disableGridSizeBelow:800,allowEnlargement: true,imageSizeFactor: [ [4000, 0.9],[1024, 0.8],[768, 0.7],[640, 0.6],[320, 0.5]],selectedFilter: 'n-a'});jQuery(function () {(function () {var rel = '';jQuery('#ftg-33 .ftg-lightbox').click(function (e) {rel = jQuery(this).attr('rel');jQuery('#ftg-33 .ftg-current').removeClass('ftg-current');jQuery('#ftg-33 [rel=\"'+rel+'\"]').addClass('ftg-current');});})();});}, 0);});<\/script><\/p>\n<div class=\"sharedaddy sd-sharing-enabled\"><div class=\"robots-nocontent sd-block sd-social sd-social-icon sd-sharing\"><h3 class=\"sd-title\">Share this:<\/h3><div class=\"sd-content\"><ul><li class=\"share-facebook\"><a rel=\"nofollow noopener noreferrer\" data-shared=\"sharing-facebook-129\" class=\"share-facebook sd-button share-icon no-text\" href=\"https:\/\/jp-pourtal.fr\/index.php\/les-portfolios\/portfolios\/carnac-2012\/?share=facebook\" target=\"_blank\" title=\"Cliquez pour partager sur Facebook\"><span><\/span><span class=\"sharing-screen-reader-text\">Cliquez pour partager sur Facebook(ouvre dans une nouvelle fen\u00eatre)<\/span><\/a><\/li><li class=\"share-linkedin\"><a rel=\"nofollow noopener noreferrer\" data-shared=\"sharing-linkedin-129\" class=\"share-linkedin sd-button share-icon no-text\" href=\"https:\/\/jp-pourtal.fr\/index.php\/les-portfolios\/portfolios\/carnac-2012\/?share=linkedin\" target=\"_blank\" title=\"Cliquez pour partager sur LinkedIn\"><span><\/span><span class=\"sharing-screen-reader-text\">Cliquez pour partager sur LinkedIn(ouvre dans une nouvelle fen\u00eatre)<\/span><\/a><\/li><li class=\"share-jetpack-whatsapp\"><a rel=\"nofollow noopener noreferrer\" data-shared=\"\" class=\"share-jetpack-whatsapp sd-button share-icon no-text\" href=\"https:\/\/jp-pourtal.fr\/index.php\/les-portfolios\/portfolios\/carnac-2012\/?share=jetpack-whatsapp\" target=\"_blank\" title=\"Cliquez pour partager sur WhatsApp\"><span><\/span><span class=\"sharing-screen-reader-text\">Cliquez pour partager sur WhatsApp(ouvre dans une nouvelle fen\u00eatre)<\/span><\/a><\/li><li class=\"share-twitter\"><a rel=\"nofollow noopener noreferrer\" data-shared=\"sharing-twitter-129\" class=\"share-twitter sd-button share-icon no-text\" href=\"https:\/\/jp-pourtal.fr\/index.php\/les-portfolios\/portfolios\/carnac-2012\/?share=twitter\" target=\"_blank\" title=\"Cliquez pour partager sur Twitter\"><span><\/span><span class=\"sharing-screen-reader-text\">Cliquez pour partager sur Twitter(ouvre dans une nouvelle fen\u00eatre)<\/span><\/a><\/li><li class=\"share-end\"><\/li><\/ul><\/div><\/div><\/div>","protected":false},"excerpt":{"rendered":"<p>Retour Lieux Mythiques Voyage dans les souvenirs des myst\u00e8res de Bretagne. Je vous fais voyager dans les r\u00eaves des myst\u00e8res Bretons ; peut-\u00eatre au d\u00e9tour de l&rsquo;un de ces menhirs rencontrerez vous Merlin l&rsquo;Enchanteur se promenant avec le Roi Arthur.<\/p>\n<div class=\"sharedaddy sd-sharing-enabled\"><div class=\"robots-nocontent sd-block sd-social sd-social-icon sd-sharing\"><h3 class=\"sd-title\">Share this:<\/h3><div class=\"sd-content\"><ul><li class=\"share-facebook\"><a rel=\"nofollow noopener noreferrer\" data-shared=\"sharing-facebook-129\" class=\"share-facebook sd-button share-icon no-text\" href=\"https:\/\/jp-pourtal.fr\/index.php\/les-portfolios\/portfolios\/carnac-2012\/?share=facebook\" target=\"_blank\" title=\"Cliquez pour partager sur Facebook\"><span><\/span><span class=\"sharing-screen-reader-text\">Cliquez pour partager sur Facebook(ouvre dans une nouvelle fen\u00eatre)<\/span><\/a><\/li><li class=\"share-linkedin\"><a rel=\"nofollow noopener noreferrer\" data-shared=\"sharing-linkedin-129\" class=\"share-linkedin sd-button share-icon no-text\" href=\"https:\/\/jp-pourtal.fr\/index.php\/les-portfolios\/portfolios\/carnac-2012\/?share=linkedin\" target=\"_blank\" title=\"Cliquez pour partager sur LinkedIn\"><span><\/span><span class=\"sharing-screen-reader-text\">Cliquez pour partager sur LinkedIn(ouvre dans une nouvelle fen\u00eatre)<\/span><\/a><\/li><li class=\"share-jetpack-whatsapp\"><a rel=\"nofollow noopener noreferrer\" data-shared=\"\" class=\"share-jetpack-whatsapp sd-button share-icon no-text\" href=\"https:\/\/jp-pourtal.fr\/index.php\/les-portfolios\/portfolios\/carnac-2012\/?share=jetpack-whatsapp\" target=\"_blank\" title=\"Cliquez pour partager sur WhatsApp\"><span><\/span><span class=\"sharing-screen-reader-text\">Cliquez pour partager sur WhatsApp(ouvre dans une nouvelle fen\u00eatre)<\/span><\/a><\/li><li class=\"share-twitter\"><a rel=\"nofollow noopener noreferrer\" data-shared=\"sharing-twitter-129\" class=\"share-twitter sd-button share-icon no-text\" href=\"https:\/\/jp-pourtal.fr\/index.php\/les-portfolios\/portfolios\/carnac-2012\/?share=twitter\" target=\"_blank\" title=\"Cliquez pour partager sur Twitter\"><span><\/span><span class=\"sharing-screen-reader-text\">Cliquez pour partager sur Twitter(ouvre dans une nouvelle fen\u00eatre)<\/span><\/a><\/li><li class=\"share-end\"><\/li><\/ul><\/div><\/div><\/div>","protected":false},"author":1,"featured_media":0,"parent":61,"menu_order":0,"comment_status":"open","ping_status":"closed","template":"","meta":{"spay_email":""},"jetpack_sharing_enabled":true,"_links":{"self":[{"href":"https:\/\/jp-pourtal.fr\/index.php\/wp-json\/wp\/v2\/pages\/129"}],"collection":[{"href":"https:\/\/jp-pourtal.fr\/index.php\/wp-json\/wp\/v2\/pages"}],"about":[{"href":"https:\/\/jp-pourtal.fr\/index.php\/wp-json\/wp\/v2\/types\/page"}],"author":[{"embeddable":true,"href":"https:\/\/jp-pourtal.fr\/index.php\/wp-json\/wp\/v2\/users\/1"}],"replies":[{"embeddable":true,"href":"https:\/\/jp-pourtal.fr\/index.php\/wp-json\/wp\/v2\/comments?post=129"}],"version-history":[{"count":6,"href":"https:\/\/jp-pourtal.fr\/index.php\/wp-json\/wp\/v2\/pages\/129\/revisions"}],"predecessor-version":[{"id":819,"href":"https:\/\/jp-pourtal.fr\/index.php\/wp-json\/wp\/v2\/pages\/129\/revisions\/819"}],"up":[{"embeddable":true,"href":"https:\/\/jp-pourtal.fr\/index.php\/wp-json\/wp\/v2\/pages\/61"}],"wp:attachment":[{"href":"https:\/\/jp-pourtal.fr\/index.php\/wp-json\/wp\/v2\/media?parent=129"}],"curies":[{"name":"wp","href":"https:\/\/api.w.org\/{rel}","templated":true}]}}