{"id":1149,"date":"2022-04-05T18:19:54","date_gmt":"2022-04-05T16:19:54","guid":{"rendered":"https:\/\/jp-pourtal.fr\/?page_id=1149"},"modified":"2022-04-05T18:32:47","modified_gmt":"2022-04-05T16:32:47","slug":"le-materiel","status":"publish","type":"page","link":"https:\/\/jp-pourtal.fr\/index.php\/autour-de-la-photo\/le-materiel\/","title":{"rendered":"Le mat\u00e9riel"},"content":{"rendered":"\n<p>Pas de photographie sans mat\u00e9riel, et lorsque l\u2019on dit \u00ab&nbsp;mat\u00e9riel&nbsp;\u00bb, le sujet est vaste. Nous verrons ici diff\u00e9rents sujets autour des mat\u00e9riels et outils utiles \u00e0 la photographie.<\/p>\n\n\n\n<div class=\"wp-block-ftg-gallery\"><!-- Final Tiles Grid Gallery for WordPress v3.5.6 free --><style>#ftg-3131 .tile .icon { color:#ffffff; }#ftg-3131 .ftg-items .loading-bar i { background:#666; }#ftg-3131 .ftg-items .loading-bar { background:#fff; }#ftg-3131 .tile .icon { font-size:12px; }#ftg-3131 .tile .icon { margin: -6px 0 0 -6px; }#ftg-3131 .tile .caption-block .text-wrapper span.text { font-size:12px; }#ftg-3131 .tile .caption-outside .text-wrapper span.text { font-size:12px; }#ftg-3131 .tile .caption-block .text-wrapper span.title { font-size:14px; }#ftg-3131 .tile .caption-outside .text-wrapper span.title { font-size:14px; }#ftg-3131 .tile { background-color: transparent; }#ftg-3131 .tile .caption-block .text-wrapper span.text { color: #ffffff; }#ftg-3131 .tile .caption-block .text-wrapper span.title { color: #ffffff; }#ftg-3131 .tile .caption-outside .text-wrapper span.text { color: #ffffff; }#ftg-3131 .tile .caption-outside .text-wrapper span.title { color: #ffffff; }#ftg-3131 .tile .ftg-social a { color: #ffffff; }#ftg-3131 .tile .caption-block { transition-duration:0.25s; }#ftg-3131 .tile .tile-inner:before { background-color: #000000; }#ftg-3131 .tile .tile-inner:before { background-color: rgba(0, 0, 0, 0.8); }#ftg-3131 .tile:hover img {-moz-transform: ;-webkit-transform: ;-o-transform: ;-ms-transform: ;transform: ;}<\/style><a name='31'><\/a><div class='final-tiles-gallery  ftg-hover-enabled caption-inside  caption-none caption-middle caption-center' id='ftg-3131' style='width:100%'><div class='ftg-items'><div class='loading-bar'><i><\/i><\/div><div  class='tile ftg-preload  '><a title=\"Le Tr\u00e9pied\"  rel='ftg-3131'  class=' tile-inner  ' href='https:\/\/jp-pourtal.fr\/index.php\/techniques-photos\/le-trepied-photo\/' ><img alt='Le Tr\u00e9pied' class='item skip-lazy' data-class='item' data-ftg-source='https:\/\/i0.wp.com\/jp-pourtal.fr\/wp-content\/uploads\/2019\/05\/279388-big.jpg?resize=300%2C300&#038;ssl=1' src='https:\/\/i0.wp.com\/jp-pourtal.fr\/wp-content\/uploads\/2019\/05\/279388-big.jpg?resize=300%2C300&#038;ssl=1' width='300' height='300' data-recalc-dims=\"1\" \/><div class='caption-block'><div class='text-wrapper'><span class='title'>Le Tr\u00e9pied<\/span><\/div><\/div><\/a><div class='ftg-social'><\/div><\/div><\/div><\/div><script type='text\/javascript'>jQuery('#ftg-3131 img.item').removeAttr('src');jQuery(document).ready(function () {setTimeout(function () {jQuery('#ftg-3131').finalTilesGallery({minTileWidth: 250,margin: 10,loadMethod: 'sequential',nonce: 'c9278bc7b6',galleryId: '31',setupFilters: true,layout: 'columns',debug: false,gridSize: 25,disableGridSizeBelow:800,allowEnlargement: true,columns: [[4000, 4],[1024, 4],[800, 3],[480, 3],[320, 2]],selectedFilter: 'n-a'});jQuery(function () {(function () {var rel = '';jQuery('#ftg-3131 .ftg-lightbox').click(function (e) {rel = jQuery(this).attr('rel');jQuery('#ftg-3131 .ftg-current').removeClass('ftg-current');jQuery('#ftg-3131 [rel=\"'+rel+'\"]').addClass('ftg-current');});})();});}, 0);});<\/script><\/div>\n\n\n\n<p><\/p>\n<div class=\"sharedaddy sd-sharing-enabled\"><div class=\"robots-nocontent sd-block sd-social sd-social-icon sd-sharing\"><h3 class=\"sd-title\">Share this:<\/h3><div class=\"sd-content\"><ul><li class=\"share-facebook\"><a rel=\"nofollow noopener noreferrer\" data-shared=\"sharing-facebook-1149\" class=\"share-facebook sd-button share-icon no-text\" href=\"https:\/\/jp-pourtal.fr\/index.php\/autour-de-la-photo\/le-materiel\/?share=facebook\" target=\"_blank\" title=\"Cliquez pour partager sur Facebook\"><span><\/span><span class=\"sharing-screen-reader-text\">Cliquez pour partager sur Facebook(ouvre dans une nouvelle fen\u00eatre)<\/span><\/a><\/li><li class=\"share-linkedin\"><a rel=\"nofollow noopener noreferrer\" data-shared=\"sharing-linkedin-1149\" class=\"share-linkedin sd-button share-icon no-text\" href=\"https:\/\/jp-pourtal.fr\/index.php\/autour-de-la-photo\/le-materiel\/?share=linkedin\" target=\"_blank\" title=\"Cliquez pour partager sur LinkedIn\"><span><\/span><span class=\"sharing-screen-reader-text\">Cliquez pour partager sur LinkedIn(ouvre dans une nouvelle fen\u00eatre)<\/span><\/a><\/li><li class=\"share-jetpack-whatsapp\"><a rel=\"nofollow noopener noreferrer\" data-shared=\"\" class=\"share-jetpack-whatsapp sd-button share-icon no-text\" href=\"https:\/\/jp-pourtal.fr\/index.php\/autour-de-la-photo\/le-materiel\/?share=jetpack-whatsapp\" target=\"_blank\" title=\"Cliquez pour partager sur WhatsApp\"><span><\/span><span class=\"sharing-screen-reader-text\">Cliquez pour partager sur WhatsApp(ouvre dans une nouvelle fen\u00eatre)<\/span><\/a><\/li><li class=\"share-twitter\"><a rel=\"nofollow noopener noreferrer\" data-shared=\"sharing-twitter-1149\" class=\"share-twitter sd-button share-icon no-text\" href=\"https:\/\/jp-pourtal.fr\/index.php\/autour-de-la-photo\/le-materiel\/?share=twitter\" target=\"_blank\" title=\"Cliquez pour partager sur Twitter\"><span><\/span><span class=\"sharing-screen-reader-text\">Cliquez pour partager sur Twitter(ouvre dans une nouvelle fen\u00eatre)<\/span><\/a><\/li><li class=\"share-end\"><\/li><\/ul><\/div><\/div><\/div>","protected":false},"excerpt":{"rendered":"<p>Pas de photographie sans mat\u00e9riel, et lorsque l\u2019on dit \u00ab&nbsp;mat\u00e9riel&nbsp;\u00bb, le sujet est vaste. Nous verrons ici diff\u00e9rents sujets autour des mat\u00e9riels et outils utiles \u00e0 la photographie.<\/p>\n<div class=\"sharedaddy sd-sharing-enabled\"><div class=\"robots-nocontent sd-block sd-social sd-social-icon sd-sharing\"><h3 class=\"sd-title\">Share this:<\/h3><div class=\"sd-content\"><ul><li class=\"share-facebook\"><a rel=\"nofollow noopener noreferrer\" data-shared=\"sharing-facebook-1149\" class=\"share-facebook sd-button share-icon no-text\" href=\"https:\/\/jp-pourtal.fr\/index.php\/autour-de-la-photo\/le-materiel\/?share=facebook\" target=\"_blank\" title=\"Cliquez pour partager sur Facebook\"><span><\/span><span class=\"sharing-screen-reader-text\">Cliquez pour partager sur Facebook(ouvre dans une nouvelle fen\u00eatre)<\/span><\/a><\/li><li class=\"share-linkedin\"><a rel=\"nofollow noopener noreferrer\" data-shared=\"sharing-linkedin-1149\" class=\"share-linkedin sd-button share-icon no-text\" href=\"https:\/\/jp-pourtal.fr\/index.php\/autour-de-la-photo\/le-materiel\/?share=linkedin\" target=\"_blank\" title=\"Cliquez pour partager sur LinkedIn\"><span><\/span><span class=\"sharing-screen-reader-text\">Cliquez pour partager sur LinkedIn(ouvre dans une nouvelle fen\u00eatre)<\/span><\/a><\/li><li class=\"share-jetpack-whatsapp\"><a rel=\"nofollow noopener noreferrer\" data-shared=\"\" class=\"share-jetpack-whatsapp sd-button share-icon no-text\" href=\"https:\/\/jp-pourtal.fr\/index.php\/autour-de-la-photo\/le-materiel\/?share=jetpack-whatsapp\" target=\"_blank\" title=\"Cliquez pour partager sur WhatsApp\"><span><\/span><span class=\"sharing-screen-reader-text\">Cliquez pour partager sur WhatsApp(ouvre dans une nouvelle fen\u00eatre)<\/span><\/a><\/li><li class=\"share-twitter\"><a rel=\"nofollow noopener noreferrer\" data-shared=\"sharing-twitter-1149\" class=\"share-twitter sd-button share-icon no-text\" href=\"https:\/\/jp-pourtal.fr\/index.php\/autour-de-la-photo\/le-materiel\/?share=twitter\" target=\"_blank\" title=\"Cliquez pour partager sur Twitter\"><span><\/span><span class=\"sharing-screen-reader-text\">Cliquez pour partager sur Twitter(ouvre dans une nouvelle fen\u00eatre)<\/span><\/a><\/li><li class=\"share-end\"><\/li><\/ul><\/div><\/div><\/div>","protected":false},"author":1,"featured_media":0,"parent":1139,"menu_order":0,"comment_status":"closed","ping_status":"closed","template":"","meta":{"spay_email":""},"jetpack_sharing_enabled":true,"_links":{"self":[{"href":"https:\/\/jp-pourtal.fr\/index.php\/wp-json\/wp\/v2\/pages\/1149"}],"collection":[{"href":"https:\/\/jp-pourtal.fr\/index.php\/wp-json\/wp\/v2\/pages"}],"about":[{"href":"https:\/\/jp-pourtal.fr\/index.php\/wp-json\/wp\/v2\/types\/page"}],"author":[{"embeddable":true,"href":"https:\/\/jp-pourtal.fr\/index.php\/wp-json\/wp\/v2\/users\/1"}],"replies":[{"embeddable":true,"href":"https:\/\/jp-pourtal.fr\/index.php\/wp-json\/wp\/v2\/comments?post=1149"}],"version-history":[{"count":3,"href":"https:\/\/jp-pourtal.fr\/index.php\/wp-json\/wp\/v2\/pages\/1149\/revisions"}],"predecessor-version":[{"id":1165,"href":"https:\/\/jp-pourtal.fr\/index.php\/wp-json\/wp\/v2\/pages\/1149\/revisions\/1165"}],"up":[{"embeddable":true,"href":"https:\/\/jp-pourtal.fr\/index.php\/wp-json\/wp\/v2\/pages\/1139"}],"wp:attachment":[{"href":"https:\/\/jp-pourtal.fr\/index.php\/wp-json\/wp\/v2\/media?parent=1149"}],"curies":[{"name":"wp","href":"https:\/\/api.w.org\/{rel}","templated":true}]}}