{"id":1139,"date":"2022-04-05T18:05:32","date_gmt":"2022-04-05T16:05:32","guid":{"rendered":"https:\/\/jp-pourtal.fr\/?page_id=1139"},"modified":"2022-04-05T18:26:38","modified_gmt":"2022-04-05T16:26:38","slug":"autour-de-la-photo","status":"publish","type":"page","link":"https:\/\/jp-pourtal.fr\/index.php\/autour-de-la-photo\/","title":{"rendered":"Autour de la Photo"},"content":{"rendered":"\n<p>Le monde de la photographie est vaste et passionnant.<br>C\u2019est pour cela que je souhaite, ici traiter de plusieurs sujets, allant de la technique photographique, au mat\u00e9riel en passant par des lieux incontournables pour les passionn\u00e9s de la photographie.<\/p>\n\n\n\n<p><a href=\"https:\/\/jp-pourtal.fr\/index.php\/autour-de-la-photo\/le-materiel\/\" data-type=\"page\" data-id=\"1149\">Le mat\u00e9riel<\/a><br><a href=\"https:\/\/jp-pourtal.fr\/index.php\/2019\/05\/21\/technique-photo\/\" data-type=\"post\" data-id=\"779\">Les techniques photos<\/a><br><a href=\"https:\/\/jp-pourtal.fr\/index.php\/autour-de-la-photo\/les-lieux-incontournables\/\" data-type=\"page\" data-id=\"1157\">Les lieux incontournables<\/a><\/p>\n<div class=\"sharedaddy sd-sharing-enabled\"><div class=\"robots-nocontent sd-block sd-social sd-social-icon sd-sharing\"><h3 class=\"sd-title\">Share this:<\/h3><div class=\"sd-content\"><ul><li class=\"share-facebook\"><a rel=\"nofollow noopener noreferrer\" data-shared=\"sharing-facebook-1139\" class=\"share-facebook sd-button share-icon no-text\" href=\"https:\/\/jp-pourtal.fr\/index.php\/autour-de-la-photo\/?share=facebook\" target=\"_blank\" title=\"Cliquez pour partager sur Facebook\"><span><\/span><span class=\"sharing-screen-reader-text\">Cliquez pour partager sur Facebook(ouvre dans une nouvelle fen\u00eatre)<\/span><\/a><\/li><li class=\"share-linkedin\"><a rel=\"nofollow noopener noreferrer\" data-shared=\"sharing-linkedin-1139\" class=\"share-linkedin sd-button share-icon no-text\" href=\"https:\/\/jp-pourtal.fr\/index.php\/autour-de-la-photo\/?share=linkedin\" target=\"_blank\" title=\"Cliquez pour partager sur LinkedIn\"><span><\/span><span class=\"sharing-screen-reader-text\">Cliquez pour partager sur LinkedIn(ouvre dans une nouvelle fen\u00eatre)<\/span><\/a><\/li><li class=\"share-jetpack-whatsapp\"><a rel=\"nofollow noopener noreferrer\" data-shared=\"\" class=\"share-jetpack-whatsapp sd-button share-icon no-text\" href=\"https:\/\/jp-pourtal.fr\/index.php\/autour-de-la-photo\/?share=jetpack-whatsapp\" target=\"_blank\" title=\"Cliquez pour partager sur WhatsApp\"><span><\/span><span class=\"sharing-screen-reader-text\">Cliquez pour partager sur WhatsApp(ouvre dans une nouvelle fen\u00eatre)<\/span><\/a><\/li><li class=\"share-twitter\"><a rel=\"nofollow noopener noreferrer\" data-shared=\"sharing-twitter-1139\" class=\"share-twitter sd-button share-icon no-text\" href=\"https:\/\/jp-pourtal.fr\/index.php\/autour-de-la-photo\/?share=twitter\" target=\"_blank\" title=\"Cliquez pour partager sur Twitter\"><span><\/span><span class=\"sharing-screen-reader-text\">Cliquez pour partager sur Twitter(ouvre dans une nouvelle fen\u00eatre)<\/span><\/a><\/li><li class=\"share-end\"><\/li><\/ul><\/div><\/div><\/div>","protected":false},"excerpt":{"rendered":"<p>Le monde de la photographie est vaste et passionnant.C\u2019est pour cela que je souhaite, ici traiter de plusieurs sujets, allant de la technique photographique, au mat\u00e9riel en passant par des lieux incontournables pour les passionn\u00e9s de la photographie. Le mat\u00e9rielLes techniques photosLes lieux incontournables<\/p>\n<div class=\"sharedaddy sd-sharing-enabled\"><div class=\"robots-nocontent sd-block sd-social sd-social-icon sd-sharing\"><h3 class=\"sd-title\">Share this:<\/h3><div class=\"sd-content\"><ul><li class=\"share-facebook\"><a rel=\"nofollow noopener noreferrer\" data-shared=\"sharing-facebook-1139\" class=\"share-facebook sd-button share-icon no-text\" href=\"https:\/\/jp-pourtal.fr\/index.php\/autour-de-la-photo\/?share=facebook\" target=\"_blank\" title=\"Cliquez pour partager sur Facebook\"><span><\/span><span class=\"sharing-screen-reader-text\">Cliquez pour partager sur Facebook(ouvre dans une nouvelle fen\u00eatre)<\/span><\/a><\/li><li class=\"share-linkedin\"><a rel=\"nofollow noopener noreferrer\" data-shared=\"sharing-linkedin-1139\" class=\"share-linkedin sd-button share-icon no-text\" href=\"https:\/\/jp-pourtal.fr\/index.php\/autour-de-la-photo\/?share=linkedin\" target=\"_blank\" title=\"Cliquez pour partager sur LinkedIn\"><span><\/span><span class=\"sharing-screen-reader-text\">Cliquez pour partager sur LinkedIn(ouvre dans une nouvelle fen\u00eatre)<\/span><\/a><\/li><li class=\"share-jetpack-whatsapp\"><a rel=\"nofollow noopener noreferrer\" data-shared=\"\" class=\"share-jetpack-whatsapp sd-button share-icon no-text\" href=\"https:\/\/jp-pourtal.fr\/index.php\/autour-de-la-photo\/?share=jetpack-whatsapp\" target=\"_blank\" title=\"Cliquez pour partager sur WhatsApp\"><span><\/span><span class=\"sharing-screen-reader-text\">Cliquez pour partager sur WhatsApp(ouvre dans une nouvelle fen\u00eatre)<\/span><\/a><\/li><li class=\"share-twitter\"><a rel=\"nofollow noopener noreferrer\" data-shared=\"sharing-twitter-1139\" class=\"share-twitter sd-button share-icon no-text\" href=\"https:\/\/jp-pourtal.fr\/index.php\/autour-de-la-photo\/?share=twitter\" target=\"_blank\" title=\"Cliquez pour partager sur Twitter\"><span><\/span><span class=\"sharing-screen-reader-text\">Cliquez pour partager sur Twitter(ouvre dans une nouvelle fen\u00eatre)<\/span><\/a><\/li><li class=\"share-end\"><\/li><\/ul><\/div><\/div><\/div>","protected":false},"author":1,"featured_media":0,"parent":0,"menu_order":0,"comment_status":"closed","ping_status":"closed","template":"","meta":{"spay_email":""},"jetpack_sharing_enabled":true,"_links":{"self":[{"href":"https:\/\/jp-pourtal.fr\/index.php\/wp-json\/wp\/v2\/pages\/1139"}],"collection":[{"href":"https:\/\/jp-pourtal.fr\/index.php\/wp-json\/wp\/v2\/pages"}],"about":[{"href":"https:\/\/jp-pourtal.fr\/index.php\/wp-json\/wp\/v2\/types\/page"}],"author":[{"embeddable":true,"href":"https:\/\/jp-pourtal.fr\/index.php\/wp-json\/wp\/v2\/users\/1"}],"replies":[{"embeddable":true,"href":"https:\/\/jp-pourtal.fr\/index.php\/wp-json\/wp\/v2\/comments?post=1139"}],"version-history":[{"count":3,"href":"https:\/\/jp-pourtal.fr\/index.php\/wp-json\/wp\/v2\/pages\/1139\/revisions"}],"predecessor-version":[{"id":1159,"href":"https:\/\/jp-pourtal.fr\/index.php\/wp-json\/wp\/v2\/pages\/1139\/revisions\/1159"}],"wp:attachment":[{"href":"https:\/\/jp-pourtal.fr\/index.php\/wp-json\/wp\/v2\/media?parent=1139"}],"curies":[{"name":"wp","href":"https:\/\/api.w.org\/{rel}","templated":true}]}}