{"id":1051,"date":"2020-11-07T11:22:59","date_gmt":"2020-11-07T10:22:59","guid":{"rendered":"https:\/\/jp-pourtal.fr\/?page_id=1051"},"modified":"2020-11-07T11:22:59","modified_gmt":"2020-11-07T10:22:59","slug":"notre-dame-de-chartres","status":"publish","type":"page","link":"https:\/\/jp-pourtal.fr\/index.php\/les-portfolios\/portfolios\/notre-dame-de-chartres\/","title":{"rendered":"Notre Dame de Chartres"},"content":{"rendered":"\n<p><a href=\"http:\/\/jp-pourtal.fr\/index.php\/portfolios\/\">Retour Lieux Mythiques<\/a><\/p>\n\n\n\n<p>D\u00e9couvrez Notre-Dame-De-chartres, haut lieu du croisement des connaissances des b\u00e2tisseurs du moyen-\u00e2ge.<br>Sa restauration, toujours en cours, est superbe et nous r\u00e9v\u00e8le une lumi\u00e8re que les si\u00e8cles avaient oubli\u00e9.<\/p>\n\n\n\n<!-- Final Tiles Grid Gallery for WordPress v3.5.6 free --><style>#ftg-4343 .tile .icon { color:#ffffff; }#ftg-4343 .ftg-items .loading-bar i { background:#666; }#ftg-4343 .ftg-items .loading-bar { background:#fff; }#ftg-4343 .tile .icon { font-size:12px; }#ftg-4343 .tile .icon { margin: -6px 0 0 -6px; }#ftg-4343 .tile .caption-block .text-wrapper span.text { font-size:12px; }#ftg-4343 .tile .caption-outside .text-wrapper span.text { font-size:12px; }#ftg-4343 .tile .caption-block .text-wrapper span.title { font-size:14px; }#ftg-4343 .tile .caption-outside .text-wrapper span.title { font-size:14px; }#ftg-4343 .tile { background-color: transparent; }#ftg-4343 .tile .caption-block .text-wrapper span.text { color: #ffffff; }#ftg-4343 .tile .caption-block .text-wrapper span.title { color: #ffffff; }#ftg-4343 .tile .caption-outside .text-wrapper span.text { color: #ffffff; }#ftg-4343 .tile .caption-outside .text-wrapper span.title { color: #ffffff; }#ftg-4343 .tile .ftg-social a { color: #ffffff; }#ftg-4343 .tile .caption-block { transition-timing-function:linear; }#ftg-4343 .tile .caption-block { transition-duration:0.25s; }#ftg-4343 .tile .tile-inner:before { background-color: #000000; }#ftg-4343 .tile .tile-inner:before { background-color: rgba(0, 0, 0, 0.8); }<\/style><a name='43'><\/a><div class='final-tiles-gallery  ftg-hover-enabled caption-inside  caption-none caption-middle caption-center' id='ftg-4343' style='width:100%'><div class='ftg-items'><div class='loading-bar'><i><\/i><\/div><div  class='tile ftg-preload  '><a title=\"\" data-lightbox='ftg-4343' rel='ftg-4343'  class=' tile-inner  ftg-lightbox' href=\"https:\/\/i0.wp.com\/jp-pourtal.fr\/wp-content\/uploads\/2020\/11\/2020-10-26-Chartres01-680x1024.jpg?ssl=1\"  data-rel=\"lightbox-image-0\" data-rl_title=\"\" data-rl_caption=\"\"><img alt='2020-10-26-Chartres01' class='item skip-lazy' data-class='item' data-ftg-source='https:\/\/i0.wp.com\/jp-pourtal.fr\/wp-content\/uploads\/2020\/11\/2020-10-26-Chartres01.jpg?resize=680%2C1024&#038;ssl=1' src='https:\/\/i0.wp.com\/jp-pourtal.fr\/wp-content\/uploads\/2020\/11\/2020-10-26-Chartres01.jpg?resize=680%2C1024&#038;ssl=1' width='680' height='1024' data-recalc-dims=\"1\" \/><span class='icon fa fa-zoom'><\/span><div class='caption-block'><div class='text-wrapper'><span class='title'>2020-10-26-Chartres01<\/span><\/div><\/div><\/a><div class='ftg-social'><\/div><\/div><div  class='tile ftg-preload  '><a title=\"\" data-lightbox='ftg-4343' rel='ftg-4343'  class=' tile-inner  ftg-lightbox' href=\"https:\/\/i0.wp.com\/jp-pourtal.fr\/wp-content\/uploads\/2020\/11\/2020-10-26-Chartres02-1024x680.jpg?ssl=1\"  data-rel=\"lightbox-image-1\" data-rl_title=\"\" data-rl_caption=\"\"><img alt='2020-10-26-Chartres02' class='item skip-lazy' data-class='item' data-ftg-source='https:\/\/i0.wp.com\/jp-pourtal.fr\/wp-content\/uploads\/2020\/11\/2020-10-26-Chartres02.jpg?resize=840%2C558&#038;ssl=1' src='https:\/\/i0.wp.com\/jp-pourtal.fr\/wp-content\/uploads\/2020\/11\/2020-10-26-Chartres02.jpg?resize=840%2C558&#038;ssl=1' width='840' height='558' data-recalc-dims=\"1\" \/><span class='icon fa fa-zoom'><\/span><div class='caption-block'><div class='text-wrapper'><span class='title'>2020-10-26-Chartres02<\/span><\/div><\/div><\/a><div class='ftg-social'><\/div><\/div><div  class='tile ftg-preload  '><a title=\"\" data-lightbox='ftg-4343' rel='ftg-4343'  class=' tile-inner  ftg-lightbox' href=\"https:\/\/i0.wp.com\/jp-pourtal.fr\/wp-content\/uploads\/2020\/11\/2020-10-26-Chartres03-680x1024.jpg?ssl=1\"  data-rel=\"lightbox-image-2\" data-rl_title=\"\" data-rl_caption=\"\"><img alt='2020-10-26-Chartres03' class='item skip-lazy' data-class='item' data-ftg-source='https:\/\/i0.wp.com\/jp-pourtal.fr\/wp-content\/uploads\/2020\/11\/2020-10-26-Chartres03.jpg?resize=680%2C1024&#038;ssl=1' src='https:\/\/i0.wp.com\/jp-pourtal.fr\/wp-content\/uploads\/2020\/11\/2020-10-26-Chartres03.jpg?resize=680%2C1024&#038;ssl=1' width='680' height='1024' data-recalc-dims=\"1\" \/><span class='icon fa fa-zoom'><\/span><div class='caption-block'><div class='text-wrapper'><span class='title'>2020-10-26-Chartres03<\/span><\/div><\/div><\/a><div class='ftg-social'><\/div><\/div><div  class='tile ftg-preload  '><a title=\"\" data-lightbox='ftg-4343' rel='ftg-4343'  class=' tile-inner  ftg-lightbox' href=\"https:\/\/i0.wp.com\/jp-pourtal.fr\/wp-content\/uploads\/2020\/11\/2020-10-26-Chartres04-1024x1024.jpg?ssl=1\"  data-rel=\"lightbox-image-3\" data-rl_title=\"\" data-rl_caption=\"\"><img alt='2020-10-26-Chartres04' class='item skip-lazy' data-class='item' data-ftg-source='https:\/\/i0.wp.com\/jp-pourtal.fr\/wp-content\/uploads\/2020\/11\/2020-10-26-Chartres04.jpg?resize=840%2C840&#038;ssl=1' src='https:\/\/i0.wp.com\/jp-pourtal.fr\/wp-content\/uploads\/2020\/11\/2020-10-26-Chartres04.jpg?resize=840%2C840&#038;ssl=1' width='840' height='840' data-recalc-dims=\"1\" \/><span class='icon fa fa-zoom'><\/span><div class='caption-block'><div class='text-wrapper'><span class='title'>2020-10-26-Chartres04<\/span><\/div><\/div><\/a><div class='ftg-social'><\/div><\/div><div  class='tile ftg-preload  '><a title=\"\" data-lightbox='ftg-4343' rel='ftg-4343'  class=' tile-inner  ftg-lightbox' href=\"https:\/\/i0.wp.com\/jp-pourtal.fr\/wp-content\/uploads\/2020\/11\/2020-10-26-Chartres05-680x1024.jpg?ssl=1\"  data-rel=\"lightbox-image-4\" data-rl_title=\"\" data-rl_caption=\"\"><img alt='2020-10-26-Chartres05' class='item skip-lazy' data-class='item' data-ftg-source='https:\/\/i0.wp.com\/jp-pourtal.fr\/wp-content\/uploads\/2020\/11\/2020-10-26-Chartres05.jpg?resize=680%2C1024&#038;ssl=1' src='https:\/\/i0.wp.com\/jp-pourtal.fr\/wp-content\/uploads\/2020\/11\/2020-10-26-Chartres05.jpg?resize=680%2C1024&#038;ssl=1' width='680' height='1024' data-recalc-dims=\"1\" \/><span class='icon fa fa-zoom'><\/span><div class='caption-block'><div class='text-wrapper'><span class='title'>2020-10-26-Chartres05<\/span><\/div><\/div><\/a><div class='ftg-social'><\/div><\/div><div  class='tile ftg-preload  '><a title=\"\" data-lightbox='ftg-4343' rel='ftg-4343'  class=' tile-inner  ftg-lightbox' href=\"https:\/\/i0.wp.com\/jp-pourtal.fr\/wp-content\/uploads\/2020\/11\/2020-10-26-Chartres06-886x1024.jpg?ssl=1\"  data-rel=\"lightbox-image-5\" data-rl_title=\"\" data-rl_caption=\"\"><img alt='2020-10-26-Chartres06' class='item skip-lazy' data-class='item' data-ftg-source='https:\/\/i0.wp.com\/jp-pourtal.fr\/wp-content\/uploads\/2020\/11\/2020-10-26-Chartres06.jpg?resize=840%2C971&#038;ssl=1' src='https:\/\/i0.wp.com\/jp-pourtal.fr\/wp-content\/uploads\/2020\/11\/2020-10-26-Chartres06.jpg?resize=840%2C971&#038;ssl=1' width='840' height='971' data-recalc-dims=\"1\" \/><span class='icon fa fa-zoom'><\/span><div class='caption-block'><div class='text-wrapper'><span class='title'>2020-10-26-Chartres06<\/span><\/div><\/div><\/a><div class='ftg-social'><\/div><\/div><div  class='tile ftg-preload  '><a title=\"\" data-lightbox='ftg-4343' rel='ftg-4343'  class=' tile-inner  ftg-lightbox' href=\"https:\/\/i0.wp.com\/jp-pourtal.fr\/wp-content\/uploads\/2020\/11\/2020-10-26-Chartres07-1024x1024.jpg?ssl=1\"  data-rel=\"lightbox-image-6\" data-rl_title=\"\" data-rl_caption=\"\"><img alt='2020-10-26-Chartres07' class='item skip-lazy' data-class='item' data-ftg-source='https:\/\/i0.wp.com\/jp-pourtal.fr\/wp-content\/uploads\/2020\/11\/2020-10-26-Chartres07.jpg?resize=840%2C840&#038;ssl=1' src='https:\/\/i0.wp.com\/jp-pourtal.fr\/wp-content\/uploads\/2020\/11\/2020-10-26-Chartres07.jpg?resize=840%2C840&#038;ssl=1' width='840' height='840' data-recalc-dims=\"1\" \/><span class='icon fa fa-zoom'><\/span><div class='caption-block'><div class='text-wrapper'><span class='title'>2020-10-26-Chartres07<\/span><\/div><\/div><\/a><div class='ftg-social'><\/div><\/div><div  class='tile ftg-preload  '><a title=\"\" data-lightbox='ftg-4343' rel='ftg-4343'  class=' tile-inner  ftg-lightbox' href=\"https:\/\/i0.wp.com\/jp-pourtal.fr\/wp-content\/uploads\/2020\/11\/2020-10-26-Chartres08.jpg?ssl=1\"  data-rel=\"lightbox-image-7\" data-rl_title=\"\" data-rl_caption=\"\"><img alt='2020-10-26-Chartres08' class='item skip-lazy' data-class='item' data-ftg-source='https:\/\/i0.wp.com\/jp-pourtal.fr\/wp-content\/uploads\/2020\/11\/2020-10-26-Chartres08.jpg?resize=840%2C840&#038;ssl=1' src='https:\/\/i0.wp.com\/jp-pourtal.fr\/wp-content\/uploads\/2020\/11\/2020-10-26-Chartres08.jpg?resize=840%2C840&#038;ssl=1' width='840' height='840' data-recalc-dims=\"1\" \/><span class='icon fa fa-zoom'><\/span><div class='caption-block'><div class='text-wrapper'><span class='title'>2020-10-26-Chartres08<\/span><\/div><\/div><\/a><div class='ftg-social'><\/div><\/div><div  class='tile ftg-preload  '><a title=\"\" data-lightbox='ftg-4343' rel='ftg-4343'  class=' tile-inner  ftg-lightbox' href=\"https:\/\/i0.wp.com\/jp-pourtal.fr\/wp-content\/uploads\/2020\/11\/2020-10-26-Chartres09-1024x1011.jpg?ssl=1\"  data-rel=\"lightbox-image-8\" data-rl_title=\"\" data-rl_caption=\"\"><img alt='2020-10-26-Chartres09' class='item skip-lazy' data-class='item' data-ftg-source='https:\/\/i0.wp.com\/jp-pourtal.fr\/wp-content\/uploads\/2020\/11\/2020-10-26-Chartres09.jpg?resize=840%2C829&#038;ssl=1' src='https:\/\/i0.wp.com\/jp-pourtal.fr\/wp-content\/uploads\/2020\/11\/2020-10-26-Chartres09.jpg?resize=840%2C829&#038;ssl=1' width='840' height='829' data-recalc-dims=\"1\" \/><span class='icon fa fa-zoom'><\/span><div class='caption-block'><div class='text-wrapper'><span class='title'>2020-10-26-Chartres09<\/span><\/div><\/div><\/a><div class='ftg-social'><\/div><\/div><div  class='tile ftg-preload  '><a title=\"\" data-lightbox='ftg-4343' rel='ftg-4343'  class=' tile-inner  ftg-lightbox' href=\"https:\/\/i0.wp.com\/jp-pourtal.fr\/wp-content\/uploads\/2020\/11\/2020-10-26-Chartres10-1024x680.jpg?ssl=1\"  data-rel=\"lightbox-image-9\" data-rl_title=\"\" data-rl_caption=\"\"><img alt='2020-10-26-Chartres10' class='item skip-lazy' data-class='item' data-ftg-source='https:\/\/i0.wp.com\/jp-pourtal.fr\/wp-content\/uploads\/2020\/11\/2020-10-26-Chartres10.jpg?resize=840%2C558&#038;ssl=1' src='https:\/\/i0.wp.com\/jp-pourtal.fr\/wp-content\/uploads\/2020\/11\/2020-10-26-Chartres10.jpg?resize=840%2C558&#038;ssl=1' width='840' height='558' data-recalc-dims=\"1\" \/><span class='icon fa fa-zoom'><\/span><div class='caption-block'><div class='text-wrapper'><span class='title'>2020-10-26-Chartres10<\/span><\/div><\/div><\/a><div class='ftg-social'><\/div><\/div><div  class='tile ftg-preload  '><a title=\"\" data-lightbox='ftg-4343' rel='ftg-4343'  class=' tile-inner  ftg-lightbox' href=\"https:\/\/i0.wp.com\/jp-pourtal.fr\/wp-content\/uploads\/2020\/11\/2020-10-26-Chartres11-1024x680.jpg?ssl=1\"  data-rel=\"lightbox-image-10\" data-rl_title=\"\" data-rl_caption=\"\"><img alt='2020-10-26-Chartres11' class='item skip-lazy' data-class='item' data-ftg-source='https:\/\/i0.wp.com\/jp-pourtal.fr\/wp-content\/uploads\/2020\/11\/2020-10-26-Chartres11.jpg?resize=840%2C558&#038;ssl=1' src='https:\/\/i0.wp.com\/jp-pourtal.fr\/wp-content\/uploads\/2020\/11\/2020-10-26-Chartres11.jpg?resize=840%2C558&#038;ssl=1' width='840' height='558' data-recalc-dims=\"1\" \/><span class='icon fa fa-zoom'><\/span><div class='caption-block'><div class='text-wrapper'><span class='title'>2020-10-26-Chartres11<\/span><\/div><\/div><\/a><div class='ftg-social'><\/div><\/div><div  class='tile ftg-preload  '><a title=\"\" data-lightbox='ftg-4343' rel='ftg-4343'  class=' tile-inner  ftg-lightbox' href=\"https:\/\/i0.wp.com\/jp-pourtal.fr\/wp-content\/uploads\/2020\/11\/2020-10-26-Chartres12-680x1024.jpg?ssl=1\"  data-rel=\"lightbox-image-11\" data-rl_title=\"\" data-rl_caption=\"\"><img alt='2020-10-26-Chartres12' class='item skip-lazy' data-class='item' data-ftg-source='https:\/\/i0.wp.com\/jp-pourtal.fr\/wp-content\/uploads\/2020\/11\/2020-10-26-Chartres12.jpg?resize=680%2C1024&#038;ssl=1' src='https:\/\/i0.wp.com\/jp-pourtal.fr\/wp-content\/uploads\/2020\/11\/2020-10-26-Chartres12.jpg?resize=680%2C1024&#038;ssl=1' width='680' height='1024' data-recalc-dims=\"1\" \/><span class='icon fa fa-zoom'><\/span><div class='caption-block'><div class='text-wrapper'><span class='title'>2020-10-26-Chartres12<\/span><\/div><\/div><\/a><div class='ftg-social'><\/div><\/div><div  class='tile ftg-preload  '><a title=\"\" data-lightbox='ftg-4343' rel='ftg-4343'  class=' tile-inner  ftg-lightbox' href=\"https:\/\/i0.wp.com\/jp-pourtal.fr\/wp-content\/uploads\/2020\/11\/2020-10-26-Chartres13-680x1024.jpg?ssl=1\"  data-rel=\"lightbox-image-12\" data-rl_title=\"\" data-rl_caption=\"\"><img alt='2020-10-26-Chartres13' class='item skip-lazy' data-class='item' data-ftg-source='https:\/\/i0.wp.com\/jp-pourtal.fr\/wp-content\/uploads\/2020\/11\/2020-10-26-Chartres13.jpg?resize=680%2C1024&#038;ssl=1' src='https:\/\/i0.wp.com\/jp-pourtal.fr\/wp-content\/uploads\/2020\/11\/2020-10-26-Chartres13.jpg?resize=680%2C1024&#038;ssl=1' width='680' height='1024' data-recalc-dims=\"1\" \/><span class='icon fa fa-zoom'><\/span><div class='caption-block'><div class='text-wrapper'><span class='title'>2020-10-26-Chartres13<\/span><\/div><\/div><\/a><div class='ftg-social'><\/div><\/div><div  class='tile ftg-preload  '><a title=\"\" data-lightbox='ftg-4343' rel='ftg-4343'  class=' tile-inner  ftg-lightbox' href=\"https:\/\/i0.wp.com\/jp-pourtal.fr\/wp-content\/uploads\/2020\/11\/2020-10-26-Chartres14-680x1024.jpg?ssl=1\"  data-rel=\"lightbox-image-13\" data-rl_title=\"\" data-rl_caption=\"\"><img alt='2020-10-26-Chartres14' class='item skip-lazy' data-class='item' data-ftg-source='https:\/\/i0.wp.com\/jp-pourtal.fr\/wp-content\/uploads\/2020\/11\/2020-10-26-Chartres14.jpg?resize=680%2C1024&#038;ssl=1' src='https:\/\/i0.wp.com\/jp-pourtal.fr\/wp-content\/uploads\/2020\/11\/2020-10-26-Chartres14.jpg?resize=680%2C1024&#038;ssl=1' width='680' height='1024' data-recalc-dims=\"1\" \/><span class='icon fa fa-zoom'><\/span><div class='caption-block'><div class='text-wrapper'><span class='title'>2020-10-26-Chartres14<\/span><\/div><\/div><\/a><div class='ftg-social'><\/div><\/div><div  class='tile ftg-preload  '><a title=\"\" data-lightbox='ftg-4343' rel='ftg-4343'  class=' tile-inner  ftg-lightbox' href=\"https:\/\/i0.wp.com\/jp-pourtal.fr\/wp-content\/uploads\/2020\/11\/2020-10-26-Chartres15-1024x587.jpg?ssl=1\"  data-rel=\"lightbox-image-14\" data-rl_title=\"\" data-rl_caption=\"\"><img alt='2020-10-26-Chartres15' class='item skip-lazy' data-class='item' data-ftg-source='https:\/\/i0.wp.com\/jp-pourtal.fr\/wp-content\/uploads\/2020\/11\/2020-10-26-Chartres15.jpg?resize=840%2C482&#038;ssl=1' src='https:\/\/i0.wp.com\/jp-pourtal.fr\/wp-content\/uploads\/2020\/11\/2020-10-26-Chartres15.jpg?resize=840%2C482&#038;ssl=1' width='840' height='482' data-recalc-dims=\"1\" \/><span class='icon fa fa-zoom'><\/span><div class='caption-block'><div class='text-wrapper'><span class='title'>2020-10-26-Chartres15<\/span><\/div><\/div><\/a><div class='ftg-social'><\/div><\/div><\/div><\/div><script type='text\/javascript'>jQuery('#ftg-4343 img.item').removeAttr('src');jQuery(document).ready(function () {setTimeout(function () {jQuery('#ftg-4343').finalTilesGallery({minTileWidth: 250,margin: 10,loadMethod: 'sequential',nonce: 'de63cdf3e9',galleryId: '43',setupFilters: true,layout: 'columns',debug: false,gridSize: 25,disableGridSizeBelow:800,allowEnlargement: true,columns: [[4000, 4],[1024, 4],[800, 3],[480, 3],[320, 2]],selectedFilter: 'n-a'});jQuery(function () {(function () {var rel = '';jQuery('#ftg-4343 .ftg-lightbox').click(function (e) {rel = jQuery(this).attr('rel');jQuery('#ftg-4343 .ftg-current').removeClass('ftg-current');jQuery('#ftg-4343 [rel=\"'+rel+'\"]').addClass('ftg-current');});})();});}, 0);});<\/script>\n<div class=\"sharedaddy sd-sharing-enabled\"><div class=\"robots-nocontent sd-block sd-social sd-social-icon sd-sharing\"><h3 class=\"sd-title\">Share this:<\/h3><div class=\"sd-content\"><ul><li class=\"share-facebook\"><a rel=\"nofollow noopener noreferrer\" data-shared=\"sharing-facebook-1051\" class=\"share-facebook sd-button share-icon no-text\" href=\"https:\/\/jp-pourtal.fr\/index.php\/les-portfolios\/portfolios\/notre-dame-de-chartres\/?share=facebook\" target=\"_blank\" title=\"Cliquez pour partager sur Facebook\"><span><\/span><span class=\"sharing-screen-reader-text\">Cliquez pour partager sur Facebook(ouvre dans une nouvelle fen\u00eatre)<\/span><\/a><\/li><li class=\"share-linkedin\"><a rel=\"nofollow noopener noreferrer\" data-shared=\"sharing-linkedin-1051\" class=\"share-linkedin sd-button share-icon no-text\" href=\"https:\/\/jp-pourtal.fr\/index.php\/les-portfolios\/portfolios\/notre-dame-de-chartres\/?share=linkedin\" target=\"_blank\" title=\"Cliquez pour partager sur LinkedIn\"><span><\/span><span class=\"sharing-screen-reader-text\">Cliquez pour partager sur LinkedIn(ouvre dans une nouvelle fen\u00eatre)<\/span><\/a><\/li><li class=\"share-jetpack-whatsapp\"><a rel=\"nofollow noopener noreferrer\" data-shared=\"\" class=\"share-jetpack-whatsapp sd-button share-icon no-text\" href=\"https:\/\/jp-pourtal.fr\/index.php\/les-portfolios\/portfolios\/notre-dame-de-chartres\/?share=jetpack-whatsapp\" target=\"_blank\" title=\"Cliquez pour partager sur WhatsApp\"><span><\/span><span class=\"sharing-screen-reader-text\">Cliquez pour partager sur WhatsApp(ouvre dans une nouvelle fen\u00eatre)<\/span><\/a><\/li><li class=\"share-twitter\"><a rel=\"nofollow noopener noreferrer\" data-shared=\"sharing-twitter-1051\" class=\"share-twitter sd-button share-icon no-text\" href=\"https:\/\/jp-pourtal.fr\/index.php\/les-portfolios\/portfolios\/notre-dame-de-chartres\/?share=twitter\" target=\"_blank\" title=\"Cliquez pour partager sur Twitter\"><span><\/span><span class=\"sharing-screen-reader-text\">Cliquez pour partager sur Twitter(ouvre dans une nouvelle fen\u00eatre)<\/span><\/a><\/li><li class=\"share-end\"><\/li><\/ul><\/div><\/div><\/div>","protected":false},"excerpt":{"rendered":"<p>Retour Lieux Mythiques D\u00e9couvrez Notre-Dame-De-chartres, haut lieu du croisement des connaissances des b\u00e2tisseurs du moyen-\u00e2ge.Sa restauration, toujours en cours, est superbe et nous r\u00e9v\u00e8le une lumi\u00e8re que les si\u00e8cles avaient oubli\u00e9.<\/p>\n<div class=\"sharedaddy sd-sharing-enabled\"><div class=\"robots-nocontent sd-block sd-social sd-social-icon sd-sharing\"><h3 class=\"sd-title\">Share this:<\/h3><div class=\"sd-content\"><ul><li class=\"share-facebook\"><a rel=\"nofollow noopener noreferrer\" data-shared=\"sharing-facebook-1051\" class=\"share-facebook sd-button share-icon no-text\" href=\"https:\/\/jp-pourtal.fr\/index.php\/les-portfolios\/portfolios\/notre-dame-de-chartres\/?share=facebook\" target=\"_blank\" title=\"Cliquez pour partager sur Facebook\"><span><\/span><span class=\"sharing-screen-reader-text\">Cliquez pour partager sur Facebook(ouvre dans une nouvelle fen\u00eatre)<\/span><\/a><\/li><li class=\"share-linkedin\"><a rel=\"nofollow noopener noreferrer\" data-shared=\"sharing-linkedin-1051\" class=\"share-linkedin sd-button share-icon no-text\" href=\"https:\/\/jp-pourtal.fr\/index.php\/les-portfolios\/portfolios\/notre-dame-de-chartres\/?share=linkedin\" target=\"_blank\" title=\"Cliquez pour partager sur LinkedIn\"><span><\/span><span class=\"sharing-screen-reader-text\">Cliquez pour partager sur LinkedIn(ouvre dans une nouvelle fen\u00eatre)<\/span><\/a><\/li><li class=\"share-jetpack-whatsapp\"><a rel=\"nofollow noopener noreferrer\" data-shared=\"\" class=\"share-jetpack-whatsapp sd-button share-icon no-text\" href=\"https:\/\/jp-pourtal.fr\/index.php\/les-portfolios\/portfolios\/notre-dame-de-chartres\/?share=jetpack-whatsapp\" target=\"_blank\" title=\"Cliquez pour partager sur WhatsApp\"><span><\/span><span class=\"sharing-screen-reader-text\">Cliquez pour partager sur WhatsApp(ouvre dans une nouvelle fen\u00eatre)<\/span><\/a><\/li><li class=\"share-twitter\"><a rel=\"nofollow noopener noreferrer\" data-shared=\"sharing-twitter-1051\" class=\"share-twitter sd-button share-icon no-text\" href=\"https:\/\/jp-pourtal.fr\/index.php\/les-portfolios\/portfolios\/notre-dame-de-chartres\/?share=twitter\" target=\"_blank\" title=\"Cliquez pour partager sur Twitter\"><span><\/span><span class=\"sharing-screen-reader-text\">Cliquez pour partager sur Twitter(ouvre dans une nouvelle fen\u00eatre)<\/span><\/a><\/li><li class=\"share-end\"><\/li><\/ul><\/div><\/div><\/div>","protected":false},"author":1,"featured_media":0,"parent":61,"menu_order":0,"comment_status":"closed","ping_status":"closed","template":"","meta":{"spay_email":""},"jetpack_sharing_enabled":true,"_links":{"self":[{"href":"https:\/\/jp-pourtal.fr\/index.php\/wp-json\/wp\/v2\/pages\/1051"}],"collection":[{"href":"https:\/\/jp-pourtal.fr\/index.php\/wp-json\/wp\/v2\/pages"}],"about":[{"href":"https:\/\/jp-pourtal.fr\/index.php\/wp-json\/wp\/v2\/types\/page"}],"author":[{"embeddable":true,"href":"https:\/\/jp-pourtal.fr\/index.php\/wp-json\/wp\/v2\/users\/1"}],"replies":[{"embeddable":true,"href":"https:\/\/jp-pourtal.fr\/index.php\/wp-json\/wp\/v2\/comments?post=1051"}],"version-history":[{"count":2,"href":"https:\/\/jp-pourtal.fr\/index.php\/wp-json\/wp\/v2\/pages\/1051\/revisions"}],"predecessor-version":[{"id":1053,"href":"https:\/\/jp-pourtal.fr\/index.php\/wp-json\/wp\/v2\/pages\/1051\/revisions\/1053"}],"up":[{"embeddable":true,"href":"https:\/\/jp-pourtal.fr\/index.php\/wp-json\/wp\/v2\/pages\/61"}],"wp:attachment":[{"href":"https:\/\/jp-pourtal.fr\/index.php\/wp-json\/wp\/v2\/media?parent=1051"}],"curies":[{"name":"wp","href":"https:\/\/api.w.org\/{rel}","templated":true}]}}